{"id":245,"date":"2021-03-04T01:38:56","date_gmt":"2021-03-04T01:38:56","guid":{"rendered":"https:\/\/www.mundodelasmascaras.com\/?page_id=245"},"modified":"2021-05-13T02:01:45","modified_gmt":"2021-05-13T02:01:45","slug":"mascara-de-predator-o-depredador","status":"publish","type":"page","link":"https:\/\/www.mundodelasmascaras.com\/index.php\/mascara-de-predator-o-depredador\/","title":{"rendered":"M\u00e1scara de Predator o Depredador"},"content":{"rendered":"\n<p>La m\u00e1scara de Predator o Depredador, representa un personaje de una saga de pel\u00edculas de ciencia ficci\u00f3n, que inicio desde 1987. Esta pel\u00edcula tuvo mucho \u00e9xito, estuvo nominada para los premios Oscar y fue ganadora de premios Satum. De esta historia se realizaron un total de cuatro filmes.<\/p>\n\n\n\n<h2><strong>\u00bfQu\u00e9 es y Quien es Predator ?<\/strong><\/h2>\n\n\n\n<p>El nombre biol\u00f3gico de Predator es Yautja y es una criatura alien\u00edgena que se caracteriza por ser cazador de trofeos humanos u otras especies alien\u00edgenas peligrosas.<\/p>\n\n\n\n<p>La pel\u00edcula narra la historia de una fuerza de \u00e9lite que emprende una misi\u00f3n para rescatar un reh\u00e9n de una guerrilla ubicada en Am\u00e9rica Central. Mientras realizan la misi\u00f3n ser\u00e1n a su vez acechados por este cazador extraterrestre, Predator.<\/p>\n\n\n\n<p>Esta es protagonizada por Arnold Schwarzenegger, Carl Weathers, Jesse Ventura, Kevin Peter Hall, Elpidia Carrillo, Bill Duke, Shane Black, Richard Chaves y Sonny Landham en los papeles principales.<\/p>\n\n\n\n<p>Luego de este primer filme, salieron cuatro m\u00e1s de Pedrator y dos de Alien vs. Predator, este \u00faltimo integrando ambos personajes que tan populares han sido, en una misma pel\u00edcula.<\/p>\n\n\n\n<p><\/p>\n\n\n\n<h2><strong>Casco de Predator en Resina<\/strong><\/h2>\n\n\n\n<p>Casco con un dise\u00f1o muy detallado de Predator y en un material muy duro y resistente. Es ideal para fiestas de Halloween, fiestas de carnaval y fiestas anime.<br>Incluye una simulaci\u00f3n excelente del cabello de Predator con pegamento.<\/p>\n\n\n\n<figure class=\"wp-block-image size-large is-resized\"><img loading=\"lazy\" src=\"https:\/\/www.mundodelasmascaras.com\/wp-content\/uploads\/2021\/03\/Mascaras-de-Predator.jpg\" alt=\"m\u00e1scara de predator\" class=\"wp-image-247\" width=\"489\" height=\"631\" srcset=\"https:\/\/www.mundodelasmascaras.com\/wp-content\/uploads\/2021\/03\/Mascaras-de-Predator.jpg 563w, https:\/\/www.mundodelasmascaras.com\/wp-content\/uploads\/2021\/03\/Mascaras-de-Predator-233x300.jpg 233w\" sizes=\"(max-width: 489px) 100vw, 489px\" \/><\/figure>\n\n\n\n<p><\/p>\n\n\n\n<h2><strong>M\u00e1scara de Predator Protectora para Paintball<\/strong><\/h2>\n\n\n\n<p>Esta es una m\u00e1scara de alta calidad, con correa el\u00e1stica y hecha en material respetuoso del medio ambiente.<\/p>\n\n\n\n<p>Es dise\u00f1ada para jugar paintball, por lo que cuenta con gafas que ofrecen la mejor protecci\u00f3n y nunca se empa\u00f1an durante el juego.<\/p>\n\n\n\n<p>Tambi\u00e9n cuentan con acolchado interior para mayor comodidad y protecci\u00f3n bal\u00edstica.<\/p>\n\n\n\n<figure class=\"wp-block-image size-large is-resized\"><img loading=\"lazy\" src=\"https:\/\/www.mundodelasmascaras.com\/wp-content\/uploads\/2021\/03\/Mascaras-de-Predator-02.jpg\" alt=\"\" class=\"wp-image-248\" width=\"362\" height=\"549\" srcset=\"https:\/\/www.mundodelasmascaras.com\/wp-content\/uploads\/2021\/03\/Mascaras-de-Predator-02.jpg 324w, https:\/\/www.mundodelasmascaras.com\/wp-content\/uploads\/2021\/03\/Mascaras-de-Predator-02-198x300.jpg 198w\" sizes=\"(max-width: 362px) 100vw, 362px\" \/><\/figure>\n\n\n\n<p><\/p>\n\n\n\n<h2><strong>M\u00e1scara de Predator en L\u00e1tex<\/strong><\/h2>\n\n\n\n<p>Mascar\u00e1 en material L\u00e1tex, con dise\u00f1o de Predator, con aspecto intimidante, hasta cierto punto grotesco. Por su material se puede lavar a mano.<\/p>\n\n\n\n<figure class=\"wp-block-image size-large is-resized\"><img loading=\"lazy\" src=\"https:\/\/www.mundodelasmascaras.com\/wp-content\/uploads\/2021\/03\/Mascaras-de-Predator-03.jpg\" alt=\"\" class=\"wp-image-249\" width=\"533\" height=\"535\" srcset=\"https:\/\/www.mundodelasmascaras.com\/wp-content\/uploads\/2021\/03\/Mascaras-de-Predator-03.jpg 568w, https:\/\/www.mundodelasmascaras.com\/wp-content\/uploads\/2021\/03\/Mascaras-de-Predator-03-300x300.jpg 300w, https:\/\/www.mundodelasmascaras.com\/wp-content\/uploads\/2021\/03\/Mascaras-de-Predator-03-150x150.jpg 150w\" sizes=\"(max-width: 533px) 100vw, 533px\" \/><\/figure>\n\n\n\n<p><\/p>\n\n\n\n<h2><strong>Casco de Motocicleta de Predator<\/strong><\/h2>\n\n\n\n<p>Confirmando el hecho de que las m\u00e1scaras de Predator tienen un estilo \u00fanico, aventurero y espectacular, existen cascos de motocicletas con el dise\u00f1o de Predator.<\/p>\n\n\n\n<p>Definitivamente este casco brindar\u00e1 estilo y porte a cualquier conductor y sus caracter\u00edsticas son:<\/p>\n\n\n\n<ul><li>Carcasa de fibra de vidrio personalizada<\/li><li>Visera protectora tintada retr\u00e1ctil<\/li><li>Pintado a mano por artistas expertos<\/li><li>L\u00e1ser montado en funcionamiento con interruptor de palanca<\/li><li>Dise\u00f1ado para hombres y mujeres (Unisex)<\/li><\/ul>\n\n\n\n<figure class=\"wp-block-image size-large is-resized\"><img loading=\"lazy\" src=\"https:\/\/www.mundodelasmascaras.com\/wp-content\/uploads\/2021\/03\/Mascaras-de-Predator-05-737x1024.jpg\" alt=\"\" class=\"wp-image-250\" width=\"583\" height=\"810\" srcset=\"https:\/\/www.mundodelasmascaras.com\/wp-content\/uploads\/2021\/03\/Mascaras-de-Predator-05-737x1024.jpg 737w, https:\/\/www.mundodelasmascaras.com\/wp-content\/uploads\/2021\/03\/Mascaras-de-Predator-05-216x300.jpg 216w, https:\/\/www.mundodelasmascaras.com\/wp-content\/uploads\/2021\/03\/Mascaras-de-Predator-05-768x1068.jpg 768w, https:\/\/www.mundodelasmascaras.com\/wp-content\/uploads\/2021\/03\/Mascaras-de-Predator-05.jpg 1079w\" sizes=\"(max-width: 583px) 100vw, 583px\" \/><\/figure>\n\n\n\n<p><\/p>\n\n\n\n<p><\/p>\n\n\n\n<h2><strong>M\u00e1scara de Alien vs Predator<\/strong><\/h2>\n\n\n\n<p>Esta m\u00e1scara es un h\u00edbrido de Predator y Alien, inspirado por la pel\u00edcula de Alien vs. Predator.<\/p>\n\n\n\n<figure class=\"wp-block-image size-large is-resized\"><img loading=\"lazy\" src=\"https:\/\/www.mundodelasmascaras.com\/wp-content\/uploads\/2021\/03\/Mascaras-de-Predator-06.jpg\" alt=\"m\u00e1scara de predator\" class=\"wp-image-251\" width=\"554\" height=\"574\" srcset=\"https:\/\/www.mundodelasmascaras.com\/wp-content\/uploads\/2021\/03\/Mascaras-de-Predator-06.jpg 692w, https:\/\/www.mundodelasmascaras.com\/wp-content\/uploads\/2021\/03\/Mascaras-de-Predator-06-290x300.jpg 290w\" sizes=\"(max-width: 554px) 100vw, 554px\" \/><\/figure>\n\n\n\n<p><\/p>\n\n\n\n<h2><strong>Casco de Predator en Cuero<\/strong><\/h2>\n\n\n\n<p>Este casco en cuero aparte de estar lleno de estilo, tambi\u00e9n est\u00e1 lleno de elegancia. Con su dise\u00f1o atractivo y a su vez intimidante, este caso es ideal para fiestas de Halloween y carnavales.<\/p>\n\n\n\n<p><\/p>\n\n\n\n<h2><strong>Comprar M\u00e1scaras de Predator o Depredador<\/strong><\/h2>\n\n\n\n<p>Sabemos que quieres estas m\u00e1scaras de Predator tan espectaculares y por eso te tenemos una gran noticia. Hemos hecho la mejor selecci\u00f3n de m\u00e1scaras de Predator o Depredador a trav\u00e9s de Amazon. Te mostramos las mejores ofertas con los mejores precios, solo tienes que hacer clic sobre la m\u00e1s que te guste y podr\u00e1s comprarla.<\/p>\n\n\n<p><script type=\"text\/javascript\">\namzn_assoc_placement = \"adunit0\";\namzn_assoc_search_bar = \"false\";\namzn_assoc_tracking_id = \"amortiguadore-20\";\namzn_assoc_ad_mode = \"manual\";\namzn_assoc_ad_type = \"smart\";\namzn_assoc_marketplace = \"amazon\";\namzn_assoc_region = \"US\";\namzn_assoc_title = \"\";\namzn_assoc_linkid = \"d510e6c7c1d460858df8c3776f9640ec\";\namzn_assoc_asins = \"B08B4MLRSR,B074CJL15M,B08FMQHPFD,B07K89VQNH\";\n<\/script><br \/>\n<script src=\"\/\/z-na.amazon-adsystem.com\/widgets\/onejs?MarketPlace=US\"><\/script><\/p>\n\n\n<p><script type=\"text\/javascript\">\namzn_assoc_placement = \"adunit0\";\namzn_assoc_search_bar = \"false\";\namzn_assoc_tracking_id = \"amortiguadore-20\";\namzn_assoc_ad_mode = \"manual\";\namzn_assoc_ad_type = \"smart\";\namzn_assoc_marketplace = \"amazon\";\namzn_assoc_region = \"US\";\namzn_assoc_title = \"\";\namzn_assoc_linkid = \"d510e6c7c1d460858df8c3776f9640ec\";\namzn_assoc_asins = \"B079K7976W,B013ULOYUM,B08YS3KN3V,B00R5IR184\";\n<\/script><br \/>\n<script src=\"\/\/z-na.amazon-adsystem.com\/widgets\/onejs?MarketPlace=US\"><\/script><\/p>\n\n\n<p><script type=\"text\/javascript\">\namzn_assoc_placement = \"adunit0\";\namzn_assoc_search_bar = \"false\";\namzn_assoc_tracking_id = \"amortiguadore-20\";\namzn_assoc_ad_mode = \"manual\";\namzn_assoc_ad_type = \"smart\";\namzn_assoc_marketplace = \"amazon\";\namzn_assoc_region = \"US\";\namzn_assoc_title = \"\";\namzn_assoc_linkid = \"d510e6c7c1d460858df8c3776f9640ec\";\namzn_assoc_asins = \"B079JWZKXC,B00NV5S8C8,B005UDAXXG,B07BFC9DNQ\";\n<\/script><br \/>\n<script src=\"\/\/z-na.amazon-adsystem.com\/widgets\/onejs?MarketPlace=US\"><\/script><\/p>\n","protected":false},"excerpt":{"rendered":"<p>La m&aacute;scara de Predator o Depredador, representa un personaje de una saga de pel&iacute;culas de ciencia ficci&oacute;n, que inicio desde 1987. Esta pel&iacute;cula tuvo mucho &eacute;xito, estuvo nominada para los premios Oscar y fue ganadora de premios Satum. De esta historia se realizaron un total de cuatro filmes. &iquest;Qu&eacute; es y Quien es Predator ? &#8230; <a title=\"M\u00e1scara de Predator o Depredador\" class=\"read-more\" href=\"https:\/\/www.mundodelasmascaras.com\/index.php\/mascara-de-predator-o-depredador\/\">Leer m\u00e1s <span class=\"screen-reader-text\">M\u00e1scara de Predator o Depredador<\/span><\/a><\/p>\n","protected":false},"author":1,"featured_media":252,"parent":0,"menu_order":0,"comment_status":"closed","ping_status":"closed","template":"","meta":[],"uagb_featured_image_src":{"full":["https:\/\/www.mundodelasmascaras.com\/wp-content\/uploads\/2021\/03\/Mascaras-de-Predator-07.jpg",596,711,false],"thumbnail":["https:\/\/www.mundodelasmascaras.com\/wp-content\/uploads\/2021\/03\/Mascaras-de-Predator-07-150x150.jpg",150,150,true],"medium":["https:\/\/www.mundodelasmascaras.com\/wp-content\/uploads\/2021\/03\/Mascaras-de-Predator-07-251x300.jpg",251,300,true],"medium_large":["https:\/\/www.mundodelasmascaras.com\/wp-content\/uploads\/2021\/03\/Mascaras-de-Predator-07.jpg",596,711,false],"large":["https:\/\/www.mundodelasmascaras.com\/wp-content\/uploads\/2021\/03\/Mascaras-de-Predator-07.jpg",596,711,false],"1536x1536":["https:\/\/www.mundodelasmascaras.com\/wp-content\/uploads\/2021\/03\/Mascaras-de-Predator-07.jpg",596,711,false],"2048x2048":["https:\/\/www.mundodelasmascaras.com\/wp-content\/uploads\/2021\/03\/Mascaras-de-Predator-07.jpg",596,711,false]},"uagb_author_info":{"display_name":"admin","author_link":"https:\/\/www.mundodelasmascaras.com\/index.php\/author\/admin\/"},"uagb_comment_info":0,"uagb_excerpt":"La m&aacute;scara de Predator o Depredador, representa un personaje de una saga de pel&iacute;culas de ciencia ficci&oacute;n, que inicio desde 1987. Esta pel&iacute;cula tuvo mucho &eacute;xito, estuvo nominada para los premios Oscar y fue ganadora de premios Satum. De esta historia se realizaron un total de cuatro filmes. &iquest;Qu&eacute; es y Quien es Predator ?&hellip;","yoast_head":"<!-- This site is optimized with the Yoast SEO plugin v14.6.1 - https:\/\/yoast.com\/wordpress\/plugins\/seo\/ -->\n<title>M\u00e1scara de Predator o Depredador - Las M&aacute;scaras<\/title>\n<meta name=\"description\" content=\"La M\u00e1scara de Predator o Depredador es un cl\u00e1sico. Por su estilo y porte es una de las m\u00e1scaras mas buscadas, nunca pasa de moda y aqu\u00ed te la presentamos.\" \/>\n<meta name=\"robots\" content=\"index, follow\" \/>\n<meta name=\"googlebot\" content=\"index, follow, max-snippet:-1, max-image-preview:large, max-video-preview:-1\" \/>\n<meta name=\"bingbot\" content=\"index, follow, max-snippet:-1, max-image-preview:large, max-video-preview:-1\" \/>\n<link rel=\"canonical\" href=\"https:\/\/www.mundodelasmascaras.com\/index.php\/mascara-de-predator-o-depredador\/\" \/>\n<meta property=\"og:locale\" content=\"es_ES\" \/>\n<meta property=\"og:type\" content=\"article\" \/>\n<meta property=\"og:title\" content=\"M\u00e1scara de Predator o Depredador - Las M&aacute;scaras\" \/>\n<meta property=\"og:description\" content=\"La M\u00e1scara de Predator o Depredador es un cl\u00e1sico. Por su estilo y porte es una de las m\u00e1scaras mas buscadas, nunca pasa de moda y aqu\u00ed te la presentamos.\" \/>\n<meta property=\"og:url\" content=\"https:\/\/www.mundodelasmascaras.com\/index.php\/mascara-de-predator-o-depredador\/\" \/>\n<meta property=\"og:site_name\" content=\"Las M&aacute;scaras\" \/>\n<meta property=\"article:modified_time\" content=\"2021-05-13T02:01:45+00:00\" \/>\n<meta property=\"og:image\" content=\"https:\/\/www.mundodelasmascaras.com\/wp-content\/uploads\/2021\/03\/Mascaras-de-Predator-07.jpg\" \/>\n\t<meta property=\"og:image:width\" content=\"596\" \/>\n\t<meta property=\"og:image:height\" content=\"711\" \/>\n<meta name=\"twitter:card\" content=\"summary_large_image\" \/>\n<script type=\"application\/ld+json\" class=\"yoast-schema-graph\">{\"@context\":\"https:\/\/schema.org\",\"@graph\":[{\"@type\":\"WebSite\",\"@id\":\"https:\/\/www.mundodelasmascaras.com\/#website\",\"url\":\"https:\/\/www.mundodelasmascaras.com\/\",\"name\":\"Las M&aacute;scaras\",\"description\":\"Conoce Todo Acerca de Las M&aacute;scaras\",\"potentialAction\":[{\"@type\":\"SearchAction\",\"target\":\"https:\/\/www.mundodelasmascaras.com\/?s={search_term_string}\",\"query-input\":\"required name=search_term_string\"}],\"inLanguage\":\"es\"},{\"@type\":\"ImageObject\",\"@id\":\"https:\/\/www.mundodelasmascaras.com\/index.php\/mascara-de-predator-o-depredador\/#primaryimage\",\"inLanguage\":\"es\",\"url\":\"https:\/\/www.mundodelasmascaras.com\/wp-content\/uploads\/2021\/03\/Mascaras-de-Predator-07.jpg\",\"width\":596,\"height\":711,\"caption\":\"M\\u00e1scara de predator\"},{\"@type\":\"WebPage\",\"@id\":\"https:\/\/www.mundodelasmascaras.com\/index.php\/mascara-de-predator-o-depredador\/#webpage\",\"url\":\"https:\/\/www.mundodelasmascaras.com\/index.php\/mascara-de-predator-o-depredador\/\",\"name\":\"M\\u00e1scara de Predator o Depredador - Las M&aacute;scaras\",\"isPartOf\":{\"@id\":\"https:\/\/www.mundodelasmascaras.com\/#website\"},\"primaryImageOfPage\":{\"@id\":\"https:\/\/www.mundodelasmascaras.com\/index.php\/mascara-de-predator-o-depredador\/#primaryimage\"},\"datePublished\":\"2021-03-04T01:38:56+00:00\",\"dateModified\":\"2021-05-13T02:01:45+00:00\",\"description\":\"La M\\u00e1scara de Predator o Depredador es un cl\\u00e1sico. Por su estilo y porte es una de las m\\u00e1scaras mas buscadas, nunca pasa de moda y aqu\\u00ed te la presentamos.\",\"inLanguage\":\"es\",\"potentialAction\":[{\"@type\":\"ReadAction\",\"target\":[\"https:\/\/www.mundodelasmascaras.com\/index.php\/mascara-de-predator-o-depredador\/\"]}]}]}<\/script>\n<!-- \/ Yoast SEO plugin. -->","_links":{"self":[{"href":"https:\/\/www.mundodelasmascaras.com\/index.php\/wp-json\/wp\/v2\/pages\/245"}],"collection":[{"href":"https:\/\/www.mundodelasmascaras.com\/index.php\/wp-json\/wp\/v2\/pages"}],"about":[{"href":"https:\/\/www.mundodelasmascaras.com\/index.php\/wp-json\/wp\/v2\/types\/page"}],"author":[{"embeddable":true,"href":"https:\/\/www.mundodelasmascaras.com\/index.php\/wp-json\/wp\/v2\/users\/1"}],"replies":[{"embeddable":true,"href":"https:\/\/www.mundodelasmascaras.com\/index.php\/wp-json\/wp\/v2\/comments?post=245"}],"version-history":[{"count":4,"href":"https:\/\/www.mundodelasmascaras.com\/index.php\/wp-json\/wp\/v2\/pages\/245\/revisions"}],"predecessor-version":[{"id":488,"href":"https:\/\/www.mundodelasmascaras.com\/index.php\/wp-json\/wp\/v2\/pages\/245\/revisions\/488"}],"wp:featuredmedia":[{"embeddable":true,"href":"https:\/\/www.mundodelasmascaras.com\/index.php\/wp-json\/wp\/v2\/media\/252"}],"wp:attachment":[{"href":"https:\/\/www.mundodelasmascaras.com\/index.php\/wp-json\/wp\/v2\/media?parent=245"}],"curies":[{"name":"wp","href":"https:\/\/api.w.org\/{rel}","templated":true}]}}