{"id":291,"date":"2021-03-06T22:45:00","date_gmt":"2021-03-06T22:45:00","guid":{"rendered":"https:\/\/www.mundodelasmascaras.com\/?page_id=291"},"modified":"2022-02-17T02:44:06","modified_gmt":"2022-02-17T02:44:06","slug":"mascara-de-scream-un-clasico-entre-mascaras","status":"publish","type":"page","link":"https:\/\/www.mundodelasmascaras.com\/index.php\/mascara-de-scream-un-clasico-entre-mascaras\/","title":{"rendered":"M\u00e1scara de Scream, Un Cl\u00e1sico entre M\u00e1scaras"},"content":{"rendered":"\n<p>Si por la mente nos pasa dar un buen susto o llamar la atenci\u00f3n en la tan esperada fiesta de Halloween, la m\u00e1scara de Scream debe ser tomada en consideraci\u00f3n.<\/p>\n\n\n\n<p>Esta m\u00e1scara es tambi\u00e9n es conocida por muchos como la m\u00e1scara de Scary Movie, ambas popularizadas en pel\u00edculas de cine, aunque no es la misma m\u00e1scara del todo, muchos la asocian con esta.<\/p>\n\n\n\n<p>Es una de las m\u00e1scaras m\u00e1s buscadas por toda clase de p\u00fablico para el d\u00eda de las brujas y fiestas de disfraces.<\/p>\n\n\n\n<h2><strong>Historia y Origen de la M\u00e1scara de Scream<\/strong><\/h2>\n\n\n\n<p>Apareci\u00f3 por primera vez en Scream, en el 1996, donde es la m\u00e1scara utilizada por dos adolescentes durante la matanza en la ciudad ficticia de Woodsboro, luego de esto ha sido utilizada por cada antagonista del filme.<\/p>\n\n\n\n<p>Tambi\u00e9n aparece con un tono m\u00e1s jocoso, en la pel\u00edcula Scary Movie, la cual es una parodia de varios filmes de terror, incluyendo obviamente la pel\u00edcula Scream.<\/p>\n\n\n\n<p>El personaje que representa esta m\u00e1scara se llama M.O. Ghostface y es un asesino en serie ficticio. Este fue creado por Wes Craven en conjunto con el guionista Kevin Williamson y la dise\u00f1adora de disfraces Brigitte Sleiertin. El personaje es principalmente mudo pero interpretado vocalmente por el actor Roger L. Jackson.<\/p>\n\n\n\n<p>Su apariencia es una combinaci\u00f3n de una capucha y capa negra con una base dentada y una m\u00e1scara de goma blanca que se asemeja a un fantasma con una expresi\u00f3n de grito.<\/p>\n\n\n\n<p><\/p>\n\n\n\n<h2><strong>Diferentes Versiones de la M\u00e1scara de Scream<\/strong><\/h2>\n\n\n\n<p>Tan popular es esta m\u00e1scara, que de la original se han derivado varias versiones, como una versi\u00f3n ensangrentada, haciendo alusi\u00f3n a ciertos momentos de la pel\u00edcula, versiones color roja completa y hasta con dise\u00f1os, Tambi\u00e9n se pueden conseguir de distintos materiales, como lo es el l\u00e1tex, cart\u00f3n, pl\u00e1stico, etc.<\/p>\n\n\n\n<p>A continuaci\u00f3n te presentamos estas variaciones de la m\u00e1scara de scream:<\/p>\n\n\n\n<figure class=\"wp-container-2 wp-block-gallery-1 wp-block-gallery columns-3 is-cropped\"><ul class=\"blocks-gallery-grid\"><li class=\"blocks-gallery-item\"><figure><img loading=\"lazy\" width=\"981\" height=\"971\" src=\"https:\/\/www.mundodelasmascaras.com\/wp-content\/uploads\/2021\/03\/Mascara-de-Scream-03.jpg\" alt=\"\" data-id=\"297\" data-full-url=\"https:\/\/www.mundodelasmascaras.com\/wp-content\/uploads\/2021\/03\/Mascara-de-Scream-03.jpg\" data-link=\"https:\/\/www.mundodelasmascaras.com\/?attachment_id=297#main\" class=\"wp-image-297\" srcset=\"https:\/\/www.mundodelasmascaras.com\/wp-content\/uploads\/2021\/03\/Mascara-de-Scream-03.jpg 981w, https:\/\/www.mundodelasmascaras.com\/wp-content\/uploads\/2021\/03\/Mascara-de-Scream-03-300x297.jpg 300w, https:\/\/www.mundodelasmascaras.com\/wp-content\/uploads\/2021\/03\/Mascara-de-Scream-03-768x760.jpg 768w\" sizes=\"(max-width: 981px) 100vw, 981px\" \/><\/figure><\/li><li class=\"blocks-gallery-item\"><figure><img loading=\"lazy\" width=\"617\" height=\"693\" src=\"https:\/\/www.mundodelasmascaras.com\/wp-content\/uploads\/2021\/03\/Mascara-de-Scream-02.jpg\" alt=\"\" data-id=\"296\" data-full-url=\"https:\/\/www.mundodelasmascaras.com\/wp-content\/uploads\/2021\/03\/Mascara-de-Scream-02.jpg\" data-link=\"https:\/\/www.mundodelasmascaras.com\/?attachment_id=296#main\" class=\"wp-image-296\" srcset=\"https:\/\/www.mundodelasmascaras.com\/wp-content\/uploads\/2021\/03\/Mascara-de-Scream-02.jpg 617w, https:\/\/www.mundodelasmascaras.com\/wp-content\/uploads\/2021\/03\/Mascara-de-Scream-02-267x300.jpg 267w\" sizes=\"(max-width: 617px) 100vw, 617px\" \/><\/figure><\/li><li class=\"blocks-gallery-item\"><figure><img loading=\"lazy\" width=\"285\" height=\"229\" src=\"https:\/\/www.mundodelasmascaras.com\/wp-content\/uploads\/2021\/03\/Mascara-de-Scream-05.jpg\" alt=\"\" data-id=\"298\" data-full-url=\"https:\/\/www.mundodelasmascaras.com\/wp-content\/uploads\/2021\/03\/Mascara-de-Scream-05.jpg\" data-link=\"https:\/\/www.mundodelasmascaras.com\/?attachment_id=298#main\" class=\"wp-image-298\"\/><\/figure><\/li><li class=\"blocks-gallery-item\"><figure><img loading=\"lazy\" width=\"580\" height=\"717\" src=\"https:\/\/www.mundodelasmascaras.com\/wp-content\/uploads\/2021\/03\/Mascara-de-Scream-01.jpg\" alt=\"\" data-id=\"295\" data-full-url=\"https:\/\/www.mundodelasmascaras.com\/wp-content\/uploads\/2021\/03\/Mascara-de-Scream-01.jpg\" data-link=\"https:\/\/www.mundodelasmascaras.com\/?attachment_id=295#main\" class=\"wp-image-295\" srcset=\"https:\/\/www.mundodelasmascaras.com\/wp-content\/uploads\/2021\/03\/Mascara-de-Scream-01.jpg 580w, https:\/\/www.mundodelasmascaras.com\/wp-content\/uploads\/2021\/03\/Mascara-de-Scream-01-243x300.jpg 243w\" sizes=\"(max-width: 580px) 100vw, 580px\" \/><\/figure><\/li><\/ul><\/figure>\n\n\n\n<h2><strong>Como hacer la M\u00e1scara de Scream o Scary Movie<\/strong><\/h2>\n\n\n\n<p>Al ser una m\u00e1scara tan popular, dem\u00e1s esta decir que le puede gustar tanto a grandes como chicos, tanto hombres como mujeres. As\u00ed que siempre existir\u00e1 quien quiera elaborarla por si solo.<\/p>\n\n\n\n<p>A continuaci\u00f3n te mostramos un tutorial, para que puedas ver paso a paso como se hace la mascara de Scream:<\/p>\n\n\n\n<h3>Materiales<\/h3>\n\n\n\n<ul><li>M\u00e1scara de pl\u00e1stico<\/li><li>Papel<\/li><li>Pegamento<\/li><li>Pintura<\/li><\/ul>\n\n\n\n<h3><strong>Procedimiento<\/strong><br><\/h3>\n\n\n\n<figure class=\"wp-block-embed-youtube wp-block-embed is-type-video is-provider-youtube wp-embed-aspect-16-9 wp-has-aspect-ratio\"><div class=\"wp-block-embed__wrapper\">\n<iframe loading=\"lazy\" title=\"MASCARA DE SCREAM HECHA DE PAPEL\" width=\"1200\" height=\"675\" src=\"https:\/\/www.youtube.com\/embed\/ir6agNSehhc?feature=oembed\" frameborder=\"0\" allow=\"accelerometer; autoplay; clipboard-write; encrypted-media; gyroscope; picture-in-picture\" allowfullscreen><\/iframe>\n<\/div><\/figure>\n\n\n\n<h3>Siguiendo estos pasos al detalle, los resultados ser\u00e1n espectaculares. <\/h3>\n\n\n\n<h2><strong>Conclusi\u00f3n<\/strong><\/h2>\n\n\n\n<p>En definitivamente la mascara de Scream es un acierto seguro en cualquier fiesta de Halloween. Es de esos objetos cl\u00e1sicos, que nunca fallan.<\/p>\n\n\n\n<p>Tambi\u00e9n lo puedes utilizar como ya mencionamos, en cualquier fiesta de disfraces, para pegar un buen susto, o hasta para hacer un regalo.<\/p>\n\n\n\n<p>Si quieres conocer m\u00e1s, contin\u00faa navegando por nuestra web, donde encontraras caretas de todo tipo y para cualquier ocasi\u00f3n. Adem\u00e1s, si lo que quieres es conocer la historia de cada m\u00e1scara, tambi\u00e9n lo podr\u00e1s encontrar.<\/p>\n\n\n\n<p><\/p>\n\n\n\n<h2><strong>Compra Mascaras de Scream en oferta al mejor precio<\/strong><\/h2>\n\n\n\n<p>A continuaci\u00f3n puedes comprar las m\u00e1scaras de Scream con los mejores precios. Lo mejor de todos es que est\u00e1n al alcance de un clic, todos los productos podr\u00e1s comprarlos a trav\u00e9s de Amazon y disfrutar de su sistema de entrega y env\u00edo gratis si cualificas.<\/p>\n\n\n<p><script type=\"text\/javascript\">\namzn_assoc_placement = \"adunit0\";\namzn_assoc_search_bar = \"false\";\namzn_assoc_tracking_id = \"amortiguadore-20\";\namzn_assoc_ad_mode = \"manual\";\namzn_assoc_ad_type = \"smart\";\namzn_assoc_marketplace = \"amazon\";\namzn_assoc_region = \"US\";\namzn_assoc_title = \"\";\namzn_assoc_linkid = \"d510e6c7c1d460858df8c3776f9640ec\";\namzn_assoc_asins = \"B000JFM8NI,B08DRK58FQ,B00EO56TAC,B00TSAWCFE,B005OWMD36\";\n<\/script><br \/>\n<script src=\"\/\/z-na.amazon-adsystem.com\/widgets\/onejs?MarketPlace=US\"><\/script><\/p>\n\n\n","protected":false},"excerpt":{"rendered":"<p>Si por la mente nos pasa dar un buen susto o llamar la atenci&oacute;n en la tan esperada fiesta de Halloween, la m&aacute;scara de Scream debe ser tomada en consideraci&oacute;n. Esta m&aacute;scara es tambi&eacute;n es conocida por muchos como la m&aacute;scara de Scary Movie, ambas popularizadas en pel&iacute;culas de cine, aunque no es la misma &#8230; <a title=\"M\u00e1scara de Scream, Un Cl\u00e1sico entre M\u00e1scaras\" class=\"read-more\" href=\"https:\/\/www.mundodelasmascaras.com\/index.php\/mascara-de-scream-un-clasico-entre-mascaras\/\">Leer m\u00e1s <span class=\"screen-reader-text\">M\u00e1scara de Scream, Un Cl\u00e1sico entre M\u00e1scaras<\/span><\/a><\/p>\n","protected":false},"author":1,"featured_media":294,"parent":0,"menu_order":0,"comment_status":"closed","ping_status":"closed","template":"","meta":[],"uagb_featured_image_src":{"full":["https:\/\/www.mundodelasmascaras.com\/wp-content\/uploads\/2021\/03\/Mascara-de-Scream.jpg",524,780,false],"thumbnail":["https:\/\/www.mundodelasmascaras.com\/wp-content\/uploads\/2021\/03\/Mascara-de-Scream-150x150.jpg",150,150,true],"medium":["https:\/\/www.mundodelasmascaras.com\/wp-content\/uploads\/2021\/03\/Mascara-de-Scream-202x300.jpg",202,300,true],"medium_large":["https:\/\/www.mundodelasmascaras.com\/wp-content\/uploads\/2021\/03\/Mascara-de-Scream.jpg",524,780,false],"large":["https:\/\/www.mundodelasmascaras.com\/wp-content\/uploads\/2021\/03\/Mascara-de-Scream.jpg",524,780,false],"1536x1536":["https:\/\/www.mundodelasmascaras.com\/wp-content\/uploads\/2021\/03\/Mascara-de-Scream.jpg",524,780,false],"2048x2048":["https:\/\/www.mundodelasmascaras.com\/wp-content\/uploads\/2021\/03\/Mascara-de-Scream.jpg",524,780,false]},"uagb_author_info":{"display_name":"admin","author_link":"https:\/\/www.mundodelasmascaras.com\/index.php\/author\/admin\/"},"uagb_comment_info":0,"uagb_excerpt":"Si por la mente nos pasa dar un buen susto o llamar la atenci&oacute;n en la tan esperada fiesta de Halloween, la m&aacute;scara de Scream debe ser tomada en consideraci&oacute;n. Esta m&aacute;scara es tambi&eacute;n es conocida por muchos como la m&aacute;scara de Scary Movie, ambas popularizadas en pel&iacute;culas de cine, aunque no es la misma&hellip;","yoast_head":"<!-- This site is optimized with the Yoast SEO plugin v14.6.1 - https:\/\/yoast.com\/wordpress\/plugins\/seo\/ -->\n<title>M\u00e1scara de Scream, Un Cl\u00e1sico entre M\u00e1scaras - Las M&aacute;scaras<\/title>\n<meta name=\"description\" content=\"La m\u00e1scara de Scream es un cl\u00e1sico protagonista en el d\u00eda de las brujas. Ideal para fiestas de disfraces, impresionar o para dar un buen susto.\" \/>\n<meta name=\"robots\" content=\"index, follow\" \/>\n<meta name=\"googlebot\" content=\"index, follow, max-snippet:-1, max-image-preview:large, max-video-preview:-1\" \/>\n<meta name=\"bingbot\" content=\"index, follow, max-snippet:-1, max-image-preview:large, max-video-preview:-1\" \/>\n<link rel=\"canonical\" href=\"https:\/\/www.mundodelasmascaras.com\/index.php\/mascara-de-scream-un-clasico-entre-mascaras\/\" \/>\n<meta property=\"og:locale\" content=\"es_ES\" \/>\n<meta property=\"og:type\" content=\"article\" \/>\n<meta property=\"og:title\" content=\"M\u00e1scara de Scream, Un Cl\u00e1sico entre M\u00e1scaras - Las M&aacute;scaras\" \/>\n<meta property=\"og:description\" content=\"La m\u00e1scara de Scream es un cl\u00e1sico protagonista en el d\u00eda de las brujas. Ideal para fiestas de disfraces, impresionar o para dar un buen susto.\" \/>\n<meta property=\"og:url\" content=\"https:\/\/www.mundodelasmascaras.com\/index.php\/mascara-de-scream-un-clasico-entre-mascaras\/\" \/>\n<meta property=\"og:site_name\" content=\"Las M&aacute;scaras\" \/>\n<meta property=\"article:modified_time\" content=\"2022-02-17T02:44:06+00:00\" \/>\n<meta property=\"og:image\" content=\"https:\/\/www.mundodelasmascaras.com\/wp-content\/uploads\/2021\/03\/Mascara-de-Scream.jpg\" \/>\n\t<meta property=\"og:image:width\" content=\"524\" \/>\n\t<meta property=\"og:image:height\" content=\"780\" \/>\n<meta name=\"twitter:card\" content=\"summary_large_image\" \/>\n<script type=\"application\/ld+json\" class=\"yoast-schema-graph\">{\"@context\":\"https:\/\/schema.org\",\"@graph\":[{\"@type\":\"WebSite\",\"@id\":\"https:\/\/www.mundodelasmascaras.com\/#website\",\"url\":\"https:\/\/www.mundodelasmascaras.com\/\",\"name\":\"Las M&aacute;scaras\",\"description\":\"Conoce Todo Acerca de Las M&aacute;scaras\",\"potentialAction\":[{\"@type\":\"SearchAction\",\"target\":\"https:\/\/www.mundodelasmascaras.com\/?s={search_term_string}\",\"query-input\":\"required name=search_term_string\"}],\"inLanguage\":\"es\"},{\"@type\":\"ImageObject\",\"@id\":\"https:\/\/www.mundodelasmascaras.com\/index.php\/mascara-de-scream-un-clasico-entre-mascaras\/#primaryimage\",\"inLanguage\":\"es\",\"url\":\"https:\/\/www.mundodelasmascaras.com\/wp-content\/uploads\/2021\/03\/Mascara-de-Scream.jpg\",\"width\":524,\"height\":780,\"caption\":\"M\\u00e1scara de Scream\"},{\"@type\":\"WebPage\",\"@id\":\"https:\/\/www.mundodelasmascaras.com\/index.php\/mascara-de-scream-un-clasico-entre-mascaras\/#webpage\",\"url\":\"https:\/\/www.mundodelasmascaras.com\/index.php\/mascara-de-scream-un-clasico-entre-mascaras\/\",\"name\":\"M\\u00e1scara de Scream, Un Cl\\u00e1sico entre M\\u00e1scaras - Las M&aacute;scaras\",\"isPartOf\":{\"@id\":\"https:\/\/www.mundodelasmascaras.com\/#website\"},\"primaryImageOfPage\":{\"@id\":\"https:\/\/www.mundodelasmascaras.com\/index.php\/mascara-de-scream-un-clasico-entre-mascaras\/#primaryimage\"},\"datePublished\":\"2021-03-06T22:45:00+00:00\",\"dateModified\":\"2022-02-17T02:44:06+00:00\",\"description\":\"La m\\u00e1scara de Scream es un cl\\u00e1sico protagonista en el d\\u00eda de las brujas. Ideal para fiestas de disfraces, impresionar o para dar un buen susto.\",\"inLanguage\":\"es\",\"potentialAction\":[{\"@type\":\"ReadAction\",\"target\":[\"https:\/\/www.mundodelasmascaras.com\/index.php\/mascara-de-scream-un-clasico-entre-mascaras\/\"]}]}]}<\/script>\n<!-- \/ Yoast SEO plugin. -->","_links":{"self":[{"href":"https:\/\/www.mundodelasmascaras.com\/index.php\/wp-json\/wp\/v2\/pages\/291"}],"collection":[{"href":"https:\/\/www.mundodelasmascaras.com\/index.php\/wp-json\/wp\/v2\/pages"}],"about":[{"href":"https:\/\/www.mundodelasmascaras.com\/index.php\/wp-json\/wp\/v2\/types\/page"}],"author":[{"embeddable":true,"href":"https:\/\/www.mundodelasmascaras.com\/index.php\/wp-json\/wp\/v2\/users\/1"}],"replies":[{"embeddable":true,"href":"https:\/\/www.mundodelasmascaras.com\/index.php\/wp-json\/wp\/v2\/comments?post=291"}],"version-history":[{"count":13,"href":"https:\/\/www.mundodelasmascaras.com\/index.php\/wp-json\/wp\/v2\/pages\/291\/revisions"}],"predecessor-version":[{"id":724,"href":"https:\/\/www.mundodelasmascaras.com\/index.php\/wp-json\/wp\/v2\/pages\/291\/revisions\/724"}],"wp:featuredmedia":[{"embeddable":true,"href":"https:\/\/www.mundodelasmascaras.com\/index.php\/wp-json\/wp\/v2\/media\/294"}],"wp:attachment":[{"href":"https:\/\/www.mundodelasmascaras.com\/index.php\/wp-json\/wp\/v2\/media?parent=291"}],"curies":[{"name":"wp","href":"https:\/\/api.w.org\/{rel}","templated":true}]}}