{"id":315,"date":"2021-03-07T00:20:41","date_gmt":"2021-03-07T00:20:41","guid":{"rendered":"https:\/\/www.mundodelasmascaras.com\/?page_id=315"},"modified":"2021-05-16T20:23:17","modified_gmt":"2021-05-16T20:23:17","slug":"mascaras-de-series-animadas-las-mas-populares","status":"publish","type":"page","link":"https:\/\/www.mundodelasmascaras.com\/index.php\/mascaras-de-series-animadas-las-mas-populares\/","title":{"rendered":"M\u00e1scaras de Series Animadas, Las M\u00e1s Populares"},"content":{"rendered":"\n<p>Las m\u00e1scaras de series animadas han pasado de ser una moda, a ser una tendencia en estos \u00faltimos a\u00f1os. Cada vez son m\u00e1s las series de animaci\u00f3n que llegan a la pantalla, para luego entrar en nuestros hogares a causa de nuestros ni\u00f1os.<\/p>\n\n\n\n<p>Entre todas las series hay algunas que se destacan y hasta se convierten en el sue\u00f1o temporal de muchos peque\u00f1os. Algunos sintiendo gran admiraci\u00f3n por los personajes animados y otros hasta queriendo emularlos.<\/p>\n\n\n\n<p>Como consecuencia, los disfraces y por supuestos las m\u00e1scaras de series animadas, se han vuelto uno de los regalos m\u00e1s populares y a\u00f1orados por los ni\u00f1os.<\/p>\n\n\n\n<p>A continuaci\u00f3n te presentamos las m\u00e1scaras de series animadas que no pueden pasar desapercibidas para ti, ya que para tus ni\u00f1os significaran algo muy grande.<\/p>\n\n\n\n<p><\/p>\n\n\n\n<h2><strong>M\u00e1scara de  Ladybug<\/strong><\/h2>\n\n\n\n<p>Miraculous: las aventuras de Ladybug, es una serie animada muy conocida en estos tiempos, narra la historia de Marinette y Adrien, dos adolescentes que son capaces de transformarse en los superh\u00e9roes Ladybug y Cat Noir, respectivamente, gracias al poder de unas joyas m\u00e1gicas llamadas prodigios.<\/p>\n\n\n\n<p>Esta historia llena de fantas\u00eda, ha cautivado a muchos peque\u00f1os y tal parece que seguir\u00e1 haci\u00e9ndolo con otras generaciones.<\/p>\n\n\n\n<p>La m\u00e1scara de Ladybug consta de un antifaz rojo, con puntos negros, simulando los colores de la mariquita o vaquita de San Antonio. Por otra parte, la m\u00e1scara de Cat Noir es un antifaz negro.<\/p>\n\n\n\n<p>A continuaci\u00f3n te presentamos las m\u00e1scaras de Lady Bug m\u00e1s populares:<\/p>\n\n\n\n<figure class=\"wp-container-2 wp-block-gallery-1 wp-block-gallery columns-3 is-cropped\"><ul class=\"blocks-gallery-grid\"><li class=\"blocks-gallery-item\"><figure><img loading=\"lazy\" width=\"548\" height=\"361\" src=\"https:\/\/www.mundodelasmascaras.com\/wp-content\/uploads\/2021\/03\/Mascara-de-Ladybug-02.jpg\" alt=\"Mascar\u00e1s de series animadas M\u00e1scara de  Ladybug\" data-id=\"318\" data-full-url=\"https:\/\/www.mundodelasmascaras.com\/wp-content\/uploads\/2021\/03\/Mascara-de-Ladybug-02.jpg\" data-link=\"https:\/\/www.mundodelasmascaras.com\/?attachment_id=318#main\" class=\"wp-image-318\" srcset=\"https:\/\/www.mundodelasmascaras.com\/wp-content\/uploads\/2021\/03\/Mascara-de-Ladybug-02.jpg 548w, https:\/\/www.mundodelasmascaras.com\/wp-content\/uploads\/2021\/03\/Mascara-de-Ladybug-02-300x198.jpg 300w\" sizes=\"(max-width: 548px) 100vw, 548px\" \/><\/figure><\/li><li class=\"blocks-gallery-item\"><figure><img loading=\"lazy\" width=\"603\" height=\"735\" src=\"https:\/\/www.mundodelasmascaras.com\/wp-content\/uploads\/2021\/03\/Mascara-de-Ladybug-05.jpg\" alt=\"\" data-id=\"320\" data-full-url=\"https:\/\/www.mundodelasmascaras.com\/wp-content\/uploads\/2021\/03\/Mascara-de-Ladybug-05.jpg\" data-link=\"https:\/\/www.mundodelasmascaras.com\/?attachment_id=320#main\" class=\"wp-image-320\" srcset=\"https:\/\/www.mundodelasmascaras.com\/wp-content\/uploads\/2021\/03\/Mascara-de-Ladybug-05.jpg 603w, https:\/\/www.mundodelasmascaras.com\/wp-content\/uploads\/2021\/03\/Mascara-de-Ladybug-05-246x300.jpg 246w\" sizes=\"(max-width: 603px) 100vw, 603px\" \/><\/figure><\/li><li class=\"blocks-gallery-item\"><figure><img loading=\"lazy\" width=\"616\" height=\"488\" src=\"https:\/\/www.mundodelasmascaras.com\/wp-content\/uploads\/2021\/03\/Mascara-de-Ladybug.jpg\" alt=\"\" data-id=\"322\" data-full-url=\"https:\/\/www.mundodelasmascaras.com\/wp-content\/uploads\/2021\/03\/Mascara-de-Ladybug.jpg\" data-link=\"https:\/\/www.mundodelasmascaras.com\/?attachment_id=322#main\" class=\"wp-image-322\" srcset=\"https:\/\/www.mundodelasmascaras.com\/wp-content\/uploads\/2021\/03\/Mascara-de-Ladybug.jpg 616w, https:\/\/www.mundodelasmascaras.com\/wp-content\/uploads\/2021\/03\/Mascara-de-Ladybug-300x238.jpg 300w\" sizes=\"(max-width: 616px) 100vw, 616px\" \/><\/figure><\/li><li class=\"blocks-gallery-item\"><figure><img loading=\"lazy\" width=\"922\" height=\"532\" src=\"https:\/\/www.mundodelasmascaras.com\/wp-content\/uploads\/2021\/03\/Mascara-de-Ladybug-Cat-Noir.jpg\" alt=\"\" data-id=\"321\" data-full-url=\"https:\/\/www.mundodelasmascaras.com\/wp-content\/uploads\/2021\/03\/Mascara-de-Ladybug-Cat-Noir.jpg\" data-link=\"https:\/\/www.mundodelasmascaras.com\/?attachment_id=321#main\" class=\"wp-image-321\" srcset=\"https:\/\/www.mundodelasmascaras.com\/wp-content\/uploads\/2021\/03\/Mascara-de-Ladybug-Cat-Noir.jpg 922w, https:\/\/www.mundodelasmascaras.com\/wp-content\/uploads\/2021\/03\/Mascara-de-Ladybug-Cat-Noir-300x173.jpg 300w, https:\/\/www.mundodelasmascaras.com\/wp-content\/uploads\/2021\/03\/Mascara-de-Ladybug-Cat-Noir-768x443.jpg 768w\" sizes=\"(max-width: 922px) 100vw, 922px\" \/><\/figure><\/li><li class=\"blocks-gallery-item\"><figure><img loading=\"lazy\" width=\"884\" height=\"500\" src=\"https:\/\/www.mundodelasmascaras.com\/wp-content\/uploads\/2021\/03\/Mascara-de-Ladybug-03.jpg\" alt=\"Mascar\u00e1s de series animadas M\u00e1scara de  Ladybug\" data-id=\"319\" data-full-url=\"https:\/\/www.mundodelasmascaras.com\/wp-content\/uploads\/2021\/03\/Mascara-de-Ladybug-03.jpg\" data-link=\"https:\/\/www.mundodelasmascaras.com\/?attachment_id=319#main\" class=\"wp-image-319\" srcset=\"https:\/\/www.mundodelasmascaras.com\/wp-content\/uploads\/2021\/03\/Mascara-de-Ladybug-03.jpg 884w, https:\/\/www.mundodelasmascaras.com\/wp-content\/uploads\/2021\/03\/Mascara-de-Ladybug-03-300x170.jpg 300w, https:\/\/www.mundodelasmascaras.com\/wp-content\/uploads\/2021\/03\/Mascara-de-Ladybug-03-768x434.jpg 768w\" sizes=\"(max-width: 884px) 100vw, 884px\" \/><\/figure><\/li><\/ul><\/figure>\n\n\n\n<h2><strong><strong>M\u00e1scaras de la Serie<\/strong> PJ Masks<\/strong><\/h2>\n\n\n\n<p>PJ Masks o h\u00e9roes en pijamas es una serie de dibujos animados brit\u00e1nico-francesa, la cual cuenta con Hasbro como uno de sus productores en colaboraci\u00f3n.<\/p>\n\n\n\n<p>Esta serie trata de tres ni\u00f1os de 6 a\u00f1os de edad, Connor, Amaya y Greg, quienes son vecinos, amigos y compa\u00f1eros de clase que llevan una vida normal durante el d\u00eda. Pero cuando llega la noche se convierten en Gatuno\/Catboy, Buhita\/Ululette y Gecko, un equipo de superh\u00e9roes que lucha contra el mal. En conjunto, se van de aventuras, derrotan villanos, resuelven misterios y aprenden valiosas lecciones.<\/p>\n\n\n\n<p>A continuaci\u00f3n te mostramos las m\u00e1scaras de PJ Masks que de seguro le encantaran a tu ni\u00f1o o ni\u00f1a.<\/p>\n\n\n\n<figure class=\"wp-block-image size-large\"><img loading=\"lazy\" width=\"614\" height=\"650\" src=\"https:\/\/www.mundodelasmascaras.com\/wp-content\/uploads\/2021\/03\/Mascara-de-Pj-Mask.jpg\" alt=\"\" class=\"wp-image-323\" srcset=\"https:\/\/www.mundodelasmascaras.com\/wp-content\/uploads\/2021\/03\/Mascara-de-Pj-Mask.jpg 614w, https:\/\/www.mundodelasmascaras.com\/wp-content\/uploads\/2021\/03\/Mascara-de-Pj-Mask-283x300.jpg 283w\" sizes=\"(max-width: 614px) 100vw, 614px\" \/><\/figure>\n\n\n\n<p><\/p>\n\n\n\n<h2><strong><strong>M\u00e1scaras de la Serie<\/strong> Paw Patrol<\/strong><\/h2>\n\n\n\n<p>En la categor\u00eda de dibujos animados, los animales siempre ocupar\u00e1n un gran lugar, y si estos animales son unos adorables cachorros, ser\u00e1 un \u00e9xito seguro.<\/p>\n\n\n\n<p>De esta forma, los disfraces y las m\u00e1scaras de Paw Patrol, comprueban su \u00e9xito, siendo tan buscadas y tan utilizadas en estos tiempos.<\/p>\n\n\n\n<p>Esta es una serie canadiense llena de aventura y comedia, protagonizada por un grupo de cachorros: Marshall, Rubble, Chase, Rocky, Zuma, Skye, Everest y Tracker. Estos son dirigidos por un chico experto en tecnolog\u00eda de 10 a\u00f1os, llamado Ryder.<\/p>\n\n\n\n<p>El grupo trabaja conjuntamente en misiones de rescate de alto riesgo para proteger a la comunidad de Bah\u00eda Aventura, acompa\u00f1ados de sus habilidades para resolver problemas, veh\u00edculos geniales y mucho de humor.<\/p>\n\n\n\n<figure class=\"wp-container-4 wp-block-gallery-3 wp-block-gallery columns-3 is-cropped\"><ul class=\"blocks-gallery-grid\"><li class=\"blocks-gallery-item\"><figure><img loading=\"lazy\" width=\"866\" height=\"804\" src=\"https:\/\/www.mundodelasmascaras.com\/wp-content\/uploads\/2021\/03\/Mascara-de-Paw-Patrol-01.jpg\" alt=\"\" data-id=\"324\" data-full-url=\"https:\/\/www.mundodelasmascaras.com\/wp-content\/uploads\/2021\/03\/Mascara-de-Paw-Patrol-01.jpg\" data-link=\"https:\/\/www.mundodelasmascaras.com\/?attachment_id=324#main\" class=\"wp-image-324\" srcset=\"https:\/\/www.mundodelasmascaras.com\/wp-content\/uploads\/2021\/03\/Mascara-de-Paw-Patrol-01.jpg 866w, https:\/\/www.mundodelasmascaras.com\/wp-content\/uploads\/2021\/03\/Mascara-de-Paw-Patrol-01-300x279.jpg 300w, https:\/\/www.mundodelasmascaras.com\/wp-content\/uploads\/2021\/03\/Mascara-de-Paw-Patrol-01-768x713.jpg 768w\" sizes=\"(max-width: 866px) 100vw, 866px\" \/><\/figure><\/li><li class=\"blocks-gallery-item\"><figure><img loading=\"lazy\" width=\"614\" height=\"631\" src=\"https:\/\/www.mundodelasmascaras.com\/wp-content\/uploads\/2021\/03\/Mascara-de-Paw-Patrol.jpg\" alt=\"\" data-id=\"326\" data-full-url=\"https:\/\/www.mundodelasmascaras.com\/wp-content\/uploads\/2021\/03\/Mascara-de-Paw-Patrol.jpg\" data-link=\"https:\/\/www.mundodelasmascaras.com\/?attachment_id=326#main\" class=\"wp-image-326\" srcset=\"https:\/\/www.mundodelasmascaras.com\/wp-content\/uploads\/2021\/03\/Mascara-de-Paw-Patrol.jpg 614w, https:\/\/www.mundodelasmascaras.com\/wp-content\/uploads\/2021\/03\/Mascara-de-Paw-Patrol-292x300.jpg 292w\" sizes=\"(max-width: 614px) 100vw, 614px\" \/><\/figure><\/li><li class=\"blocks-gallery-item\"><figure><img loading=\"lazy\" width=\"1000\" height=\"951\" src=\"https:\/\/www.mundodelasmascaras.com\/wp-content\/uploads\/2021\/03\/Mascara-de-Paw-Patrol-02.jpg\" alt=\"\" data-id=\"325\" data-full-url=\"https:\/\/www.mundodelasmascaras.com\/wp-content\/uploads\/2021\/03\/Mascara-de-Paw-Patrol-02.jpg\" data-link=\"https:\/\/www.mundodelasmascaras.com\/?attachment_id=325#main\" class=\"wp-image-325\" srcset=\"https:\/\/www.mundodelasmascaras.com\/wp-content\/uploads\/2021\/03\/Mascara-de-Paw-Patrol-02.jpg 1000w, https:\/\/www.mundodelasmascaras.com\/wp-content\/uploads\/2021\/03\/Mascara-de-Paw-Patrol-02-300x285.jpg 300w, https:\/\/www.mundodelasmascaras.com\/wp-content\/uploads\/2021\/03\/Mascara-de-Paw-Patrol-02-768x730.jpg 768w\" sizes=\"(max-width: 1000px) 100vw, 1000px\" \/><\/figure><\/li><\/ul><\/figure>\n\n\n\n<p><\/p>\n\n\n\n<h2><strong>Si Quieres Comprar M\u00e1scaras de Dibujos Animados al Mejor Precio, esta Selecci\u00f3n de Ofertas es para Ti:<\/strong><\/h2>\n\n\n<p><iframe style=\"width:120px;height:240px;\" marginwidth=\"0\" marginheight=\"0\" scrolling=\"no\" frameborder=\"0\" src=\"\/\/ws-na.amazon-adsystem.com\/widgets\/q?ServiceVersion=20070822&amp;OneJS=1&amp;Operation=GetAdHtml&amp;MarketPlace=US&amp;source=ss&amp;ref=as_ss_li_til&amp;ad_type=product_link&amp;tracking_id=sombreros0b-20&amp;language=en_US&amp;marketplace=amazon&amp;region=US&amp;placement=B07M5HGZR2&amp;asins=B07M5HGZR2&amp;linkId=595742f9248873b2362808af4ddd7dcf&amp;show_border=true&amp;link_opens_in_new_window=true\"><\/iframe><iframe style=\"width:120px;height:240px;\" marginwidth=\"0\" marginheight=\"0\" scrolling=\"no\" frameborder=\"0\" src=\"\/\/ws-na.amazon-adsystem.com\/widgets\/q?ServiceVersion=20070822&amp;OneJS=1&amp;Operation=GetAdHtml&amp;MarketPlace=US&amp;source=ss&amp;ref=as_ss_li_til&amp;ad_type=product_link&amp;tracking_id=sombreros0b-20&amp;language=en_US&amp;marketplace=amazon&amp;region=US&amp;placement=B006YY0CLS&amp;asins=B006YY0CLS&amp;linkId=29e690b281e18969ffc3d31101667240&amp;show_border=true&amp;link_opens_in_new_window=true\"><\/iframe><iframe style=\"width:120px;height:240px;\" marginwidth=\"0\" marginheight=\"0\" scrolling=\"no\" frameborder=\"0\" src=\"\/\/ws-na.amazon-adsystem.com\/widgets\/q?ServiceVersion=20070822&amp;OneJS=1&amp;Operation=GetAdHtml&amp;MarketPlace=US&amp;source=ss&amp;ref=as_ss_li_til&amp;ad_type=product_link&amp;tracking_id=sombreros0b-20&amp;language=en_US&amp;marketplace=amazon&amp;region=US&amp;placement=B075H2CMB8&amp;asins=B075H2CMB8&amp;linkId=2230938bf27c394abc71aacb3e794de7&amp;show_border=true&amp;link_opens_in_new_window=true\"><\/iframe><iframe style=\"width:120px;height:240px;\" marginwidth=\"0\" marginheight=\"0\" scrolling=\"no\" frameborder=\"0\" src=\"\/\/ws-na.amazon-adsystem.com\/widgets\/q?ServiceVersion=20070822&amp;OneJS=1&amp;Operation=GetAdHtml&amp;MarketPlace=US&amp;source=ss&amp;ref=as_ss_li_til&amp;ad_type=product_link&amp;tracking_id=sombreros0b-20&amp;language=en_US&amp;marketplace=amazon&amp;region=US&amp;placement=B06XHKZ4VP&amp;asins=B06XHKZ4VP&amp;linkId=26c3d59e17d464f7e980b63c88909290&amp;show_border=true&amp;link_opens_in_new_window=true\"><\/iframe><iframe style=\"width:120px;height:240px;\" marginwidth=\"0\" marginheight=\"0\" scrolling=\"no\" frameborder=\"0\" src=\"\/\/ws-na.amazon-adsystem.com\/widgets\/q?ServiceVersion=20070822&amp;OneJS=1&amp;Operation=GetAdHtml&amp;MarketPlace=US&amp;source=ss&amp;ref=as_ss_li_til&amp;ad_type=product_link&amp;tracking_id=sombreros0b-20&amp;language=en_US&amp;marketplace=amazon&amp;region=US&amp;placement=B01HOVR5VO&amp;asins=B01HOVR5VO&amp;linkId=856876562c69938745f11279d74ef6b5&amp;show_border=true&amp;link_opens_in_new_window=true\"><\/iframe><iframe style=\"width:120px;height:240px;\" marginwidth=\"0\" marginheight=\"0\" scrolling=\"no\" frameborder=\"0\" src=\"\/\/ws-na.amazon-adsystem.com\/widgets\/q?ServiceVersion=20070822&amp;OneJS=1&amp;Operation=GetAdHtml&amp;MarketPlace=US&amp;source=ss&amp;ref=as_ss_li_til&amp;ad_type=product_link&amp;tracking_id=sombreros0b-20&amp;language=en_US&amp;marketplace=amazon&amp;region=US&amp;placement=B07CVWW125&amp;asins=B07CVWW125&amp;linkId=6d93c0b47143ea06cd368aa9a0008dbf&amp;show_border=true&amp;link_opens_in_new_window=true\"><\/iframe><iframe style=\"width:120px;height:240px;\" marginwidth=\"0\" marginheight=\"0\" scrolling=\"no\" frameborder=\"0\" src=\"\/\/ws-na.amazon-adsystem.com\/widgets\/q?ServiceVersion=20070822&amp;OneJS=1&amp;Operation=GetAdHtml&amp;MarketPlace=US&amp;source=ss&amp;ref=as_ss_li_til&amp;ad_type=product_link&amp;tracking_id=sombreros0b-20&amp;language=en_US&amp;marketplace=amazon&amp;region=US&amp;placement=B089F6SN3G&amp;asins=B089F6SN3G&amp;linkId=c11a5e834347adbdb9c1dddc2bec3d93&amp;show_border=true&amp;link_opens_in_new_window=true\"><\/iframe><iframe style=\"width:120px;height:240px;\" marginwidth=\"0\" marginheight=\"0\" scrolling=\"no\" frameborder=\"0\" src=\"\/\/ws-na.amazon-adsystem.com\/widgets\/q?ServiceVersion=20070822&amp;OneJS=1&amp;Operation=GetAdHtml&amp;MarketPlace=US&amp;source=ss&amp;ref=as_ss_li_til&amp;ad_type=product_link&amp;tracking_id=sombreros0b-20&amp;language=en_US&amp;marketplace=amazon&amp;region=US&amp;placement=B0845X8ZMM&amp;asins=B0845X8ZMM&amp;linkId=c21a03148c71b2f011bbac6eabb5af65&amp;show_border=true&amp;link_opens_in_new_window=true\"><\/iframe><\/p>\n\n\n<p><iframe style=\"width:120px;height:240px;\" marginwidth=\"0\" marginheight=\"0\" scrolling=\"no\" frameborder=\"0\" src=\"\/\/ws-na.amazon-adsystem.com\/widgets\/q?ServiceVersion=20070822&amp;OneJS=1&amp;Operation=GetAdHtml&amp;MarketPlace=US&amp;source=ss&amp;ref=as_ss_li_til&amp;ad_type=product_link&amp;tracking_id=sombreros0b-20&amp;language=en_US&amp;marketplace=amazon&amp;region=US&amp;placement=B01I5BD56Q&amp;asins=B01I5BD56Q&amp;linkId=6095fb604c06b25b5d7c2e1ac95890e2&amp;show_border=true&amp;link_opens_in_new_window=true\"><\/iframe><iframe style=\"width:120px;height:240px;\" marginwidth=\"0\" marginheight=\"0\" scrolling=\"no\" frameborder=\"0\" src=\"\/\/ws-na.amazon-adsystem.com\/widgets\/q?ServiceVersion=20070822&amp;OneJS=1&amp;Operation=GetAdHtml&amp;MarketPlace=US&amp;source=ss&amp;ref=as_ss_li_til&amp;ad_type=product_link&amp;tracking_id=sombreros0b-20&amp;language=en_US&amp;marketplace=amazon&amp;region=US&amp;placement=B08814MCHP&amp;asins=B08814MCHP&amp;linkId=1ffcde350e371b9bd168f3518443f2f3&amp;show_border=true&amp;link_opens_in_new_window=true\"><\/iframe><iframe style=\"width:120px;height:240px;\" marginwidth=\"0\" marginheight=\"0\" scrolling=\"no\" frameborder=\"0\" src=\"\/\/ws-na.amazon-adsystem.com\/widgets\/q?ServiceVersion=20070822&amp;OneJS=1&amp;Operation=GetAdHtml&amp;MarketPlace=US&amp;source=ss&amp;ref=as_ss_li_til&amp;ad_type=product_link&amp;tracking_id=sombreros0b-20&amp;language=en_US&amp;marketplace=amazon&amp;region=US&amp;placement=B076C4KX8W&amp;asins=B076C4KX8W&amp;linkId=0612beac1774f6633d88c24a84e3a405&amp;show_border=true&amp;link_opens_in_new_window=true\"><\/iframe><iframe style=\"width:120px;height:240px;\" marginwidth=\"0\" marginheight=\"0\" scrolling=\"no\" frameborder=\"0\" src=\"\/\/ws-na.amazon-adsystem.com\/widgets\/q?ServiceVersion=20070822&amp;OneJS=1&amp;Operation=GetAdHtml&amp;MarketPlace=US&amp;source=ss&amp;ref=as_ss_li_til&amp;ad_type=product_link&amp;tracking_id=sombreros0b-20&amp;language=en_US&amp;marketplace=amazon&amp;region=US&amp;placement=B07RB1H7RT&amp;asins=B07RB1H7RT&amp;linkId=7f580eb39ab3ed6d37aefdab0729ce0e&amp;show_border=true&amp;link_opens_in_new_window=true\"><\/iframe><iframe style=\"width:120px;height:240px;\" marginwidth=\"0\" marginheight=\"0\" scrolling=\"no\" frameborder=\"0\" src=\"\/\/ws-na.amazon-adsystem.com\/widgets\/q?ServiceVersion=20070822&amp;OneJS=1&amp;Operation=GetAdHtml&amp;MarketPlace=US&amp;source=ss&amp;ref=as_ss_li_til&amp;ad_type=product_link&amp;tracking_id=sombreros0b-20&amp;language=en_US&amp;marketplace=amazon&amp;region=US&amp;placement=B083FF6B3B&amp;asins=B083FF6B3B&amp;linkId=b9f8e9f01630c08787d067ce02fb797b&amp;show_border=true&amp;link_opens_in_new_window=true\"><\/iframe><iframe style=\"width:120px;height:240px;\" marginwidth=\"0\" marginheight=\"0\" scrolling=\"no\" frameborder=\"0\" src=\"\/\/ws-na.amazon-adsystem.com\/widgets\/q?ServiceVersion=20070822&amp;OneJS=1&amp;Operation=GetAdHtml&amp;MarketPlace=US&amp;source=ss&amp;ref=as_ss_li_til&amp;ad_type=product_link&amp;tracking_id=sombreros0b-20&amp;language=en_US&amp;marketplace=amazon&amp;region=US&amp;placement=B07WZKSVCR&amp;asins=B07WZKSVCR&amp;linkId=ec9b5a43a7591dbf428adad977b9f18b&amp;show_border=true&amp;link_opens_in_new_window=true\"><\/iframe><iframe style=\"width:120px;height:240px;\" marginwidth=\"0\" marginheight=\"0\" scrolling=\"no\" frameborder=\"0\" src=\"\/\/ws-na.amazon-adsystem.com\/widgets\/q?ServiceVersion=20070822&amp;OneJS=1&amp;Operation=GetAdHtml&amp;MarketPlace=US&amp;source=ss&amp;ref=as_ss_li_til&amp;ad_type=product_link&amp;tracking_id=sombreros0b-20&amp;language=en_US&amp;marketplace=amazon&amp;region=US&amp;placement=B003R1HS0Y&amp;asins=B003R1HS0Y&amp;linkId=80434db02c13de4f1c45a1b6bb4e12b2&amp;show_border=true&amp;link_opens_in_new_window=true\"><\/iframe><iframe style=\"width:120px;height:240px;\" marginwidth=\"0\" marginheight=\"0\" scrolling=\"no\" frameborder=\"0\" src=\"\/\/ws-na.amazon-adsystem.com\/widgets\/q?ServiceVersion=20070822&amp;OneJS=1&amp;Operation=GetAdHtml&amp;MarketPlace=US&amp;source=ss&amp;ref=as_ss_li_til&amp;ad_type=product_link&amp;tracking_id=sombreros0b-20&amp;language=en_US&amp;marketplace=amazon&amp;region=US&amp;placement=B07NDZHZ21&amp;asins=B07NDZHZ21&amp;linkId=80d6651a518610216457899ba8648309&amp;show_border=true&amp;link_opens_in_new_window=true\"><\/iframe><\/p>\n\n\n\n<h2><strong>Conclusi\u00f3n<\/strong><\/h2>\n\n\n\n<p>Estas son las m\u00e1scaras de series animadas m\u00e1s buscadas y utilizadas actualmente. Esto gracias al \u00e9xito y gran popularidad que tienen estos dibujos animados en esta \u00e9poca.<\/p>\n\n\n\n<p>Si quieres seguir conociendo mascaras y saber acerca de su historia, contin\u00faa navegando en nuestra web que esta llena de informaci\u00f3n y de m\u00e1scaras divertidas.<\/p>\n","protected":false},"excerpt":{"rendered":"<p>Las m&aacute;scaras de series animadas han pasado de ser una moda, a ser una tendencia en estos &uacute;ltimos a&ntilde;os. Cada vez son m&aacute;s las series de animaci&oacute;n que llegan a la pantalla, para luego entrar en nuestros hogares a causa de nuestros ni&ntilde;os. Entre todas las series hay algunas que se destacan y hasta se &#8230; <a title=\"M\u00e1scaras de Series Animadas, Las M\u00e1s Populares\" class=\"read-more\" href=\"https:\/\/www.mundodelasmascaras.com\/index.php\/mascaras-de-series-animadas-las-mas-populares\/\">Leer m\u00e1s <span class=\"screen-reader-text\">M\u00e1scaras de Series Animadas, Las M\u00e1s Populares<\/span><\/a><\/p>\n","protected":false},"author":1,"featured_media":317,"parent":0,"menu_order":0,"comment_status":"closed","ping_status":"closed","template":"","meta":[],"uagb_featured_image_src":{"full":["https:\/\/www.mundodelasmascaras.com\/wp-content\/uploads\/2021\/03\/Mascara-de-Series-Animadas.jpg",394,349,false],"thumbnail":["https:\/\/www.mundodelasmascaras.com\/wp-content\/uploads\/2021\/03\/Mascara-de-Series-Animadas-150x150.jpg",150,150,true],"medium":["https:\/\/www.mundodelasmascaras.com\/wp-content\/uploads\/2021\/03\/Mascara-de-Series-Animadas-300x266.jpg",300,266,true],"medium_large":["https:\/\/www.mundodelasmascaras.com\/wp-content\/uploads\/2021\/03\/Mascara-de-Series-Animadas.jpg",394,349,false],"large":["https:\/\/www.mundodelasmascaras.com\/wp-content\/uploads\/2021\/03\/Mascara-de-Series-Animadas.jpg",394,349,false],"1536x1536":["https:\/\/www.mundodelasmascaras.com\/wp-content\/uploads\/2021\/03\/Mascara-de-Series-Animadas.jpg",394,349,false],"2048x2048":["https:\/\/www.mundodelasmascaras.com\/wp-content\/uploads\/2021\/03\/Mascara-de-Series-Animadas.jpg",394,349,false]},"uagb_author_info":{"display_name":"admin","author_link":"https:\/\/www.mundodelasmascaras.com\/index.php\/author\/admin\/"},"uagb_comment_info":0,"uagb_excerpt":"Las m&aacute;scaras de series animadas han pasado de ser una moda, a ser una tendencia en estos &uacute;ltimos a&ntilde;os. Cada vez son m&aacute;s las series de animaci&oacute;n que llegan a la pantalla, para luego entrar en nuestros hogares a causa de nuestros ni&ntilde;os. Entre todas las series hay algunas que se destacan y hasta se&hellip;","yoast_head":"<!-- This site is optimized with the Yoast SEO plugin v14.6.1 - https:\/\/yoast.com\/wordpress\/plugins\/seo\/ -->\n<title>M\u00e1scaras de Series Animadas, Las M\u00e1s Populares - Las M&aacute;scaras<\/title>\n<meta name=\"description\" content=\"Todo acerca de las m\u00e1scaras de series animadas m\u00e1s populares del momento. Paw Patrol, Ladybug y Pj Mask protagonizan esta categor\u00eda.\" \/>\n<meta name=\"robots\" content=\"index, follow\" \/>\n<meta name=\"googlebot\" content=\"index, follow, max-snippet:-1, max-image-preview:large, max-video-preview:-1\" \/>\n<meta name=\"bingbot\" content=\"index, follow, max-snippet:-1, max-image-preview:large, max-video-preview:-1\" \/>\n<link rel=\"canonical\" href=\"https:\/\/www.mundodelasmascaras.com\/index.php\/mascaras-de-series-animadas-las-mas-populares\/\" \/>\n<meta property=\"og:locale\" content=\"es_ES\" \/>\n<meta property=\"og:type\" content=\"article\" \/>\n<meta property=\"og:title\" content=\"M\u00e1scaras de Series Animadas, Las M\u00e1s Populares - Las M&aacute;scaras\" \/>\n<meta property=\"og:description\" content=\"Todo acerca de las m\u00e1scaras de series animadas m\u00e1s populares del momento. Paw Patrol, Ladybug y Pj Mask protagonizan esta categor\u00eda.\" \/>\n<meta property=\"og:url\" content=\"https:\/\/www.mundodelasmascaras.com\/index.php\/mascaras-de-series-animadas-las-mas-populares\/\" \/>\n<meta property=\"og:site_name\" content=\"Las M&aacute;scaras\" \/>\n<meta property=\"article:modified_time\" content=\"2021-05-16T20:23:17+00:00\" \/>\n<meta property=\"og:image\" content=\"https:\/\/www.mundodelasmascaras.com\/wp-content\/uploads\/2021\/03\/Mascara-de-Series-Animadas.jpg\" \/>\n\t<meta property=\"og:image:width\" content=\"394\" \/>\n\t<meta property=\"og:image:height\" content=\"349\" \/>\n<meta name=\"twitter:card\" content=\"summary_large_image\" \/>\n<script type=\"application\/ld+json\" class=\"yoast-schema-graph\">{\"@context\":\"https:\/\/schema.org\",\"@graph\":[{\"@type\":\"WebSite\",\"@id\":\"https:\/\/www.mundodelasmascaras.com\/#website\",\"url\":\"https:\/\/www.mundodelasmascaras.com\/\",\"name\":\"Las M&aacute;scaras\",\"description\":\"Conoce Todo Acerca de Las M&aacute;scaras\",\"potentialAction\":[{\"@type\":\"SearchAction\",\"target\":\"https:\/\/www.mundodelasmascaras.com\/?s={search_term_string}\",\"query-input\":\"required name=search_term_string\"}],\"inLanguage\":\"es\"},{\"@type\":\"ImageObject\",\"@id\":\"https:\/\/www.mundodelasmascaras.com\/index.php\/mascaras-de-series-animadas-las-mas-populares\/#primaryimage\",\"inLanguage\":\"es\",\"url\":\"https:\/\/www.mundodelasmascaras.com\/wp-content\/uploads\/2021\/03\/Mascara-de-Series-Animadas.jpg\",\"width\":394,\"height\":349,\"caption\":\"M\\u00e1scara de Series Animadas\"},{\"@type\":\"WebPage\",\"@id\":\"https:\/\/www.mundodelasmascaras.com\/index.php\/mascaras-de-series-animadas-las-mas-populares\/#webpage\",\"url\":\"https:\/\/www.mundodelasmascaras.com\/index.php\/mascaras-de-series-animadas-las-mas-populares\/\",\"name\":\"M\\u00e1scaras de Series Animadas, Las M\\u00e1s Populares - Las M&aacute;scaras\",\"isPartOf\":{\"@id\":\"https:\/\/www.mundodelasmascaras.com\/#website\"},\"primaryImageOfPage\":{\"@id\":\"https:\/\/www.mundodelasmascaras.com\/index.php\/mascaras-de-series-animadas-las-mas-populares\/#primaryimage\"},\"datePublished\":\"2021-03-07T00:20:41+00:00\",\"dateModified\":\"2021-05-16T20:23:17+00:00\",\"description\":\"Todo acerca de las m\\u00e1scaras de series animadas m\\u00e1s populares del momento. Paw Patrol, Ladybug y Pj Mask protagonizan esta categor\\u00eda.\",\"inLanguage\":\"es\",\"potentialAction\":[{\"@type\":\"ReadAction\",\"target\":[\"https:\/\/www.mundodelasmascaras.com\/index.php\/mascaras-de-series-animadas-las-mas-populares\/\"]}]}]}<\/script>\n<!-- \/ Yoast SEO plugin. -->","_links":{"self":[{"href":"https:\/\/www.mundodelasmascaras.com\/index.php\/wp-json\/wp\/v2\/pages\/315"}],"collection":[{"href":"https:\/\/www.mundodelasmascaras.com\/index.php\/wp-json\/wp\/v2\/pages"}],"about":[{"href":"https:\/\/www.mundodelasmascaras.com\/index.php\/wp-json\/wp\/v2\/types\/page"}],"author":[{"embeddable":true,"href":"https:\/\/www.mundodelasmascaras.com\/index.php\/wp-json\/wp\/v2\/users\/1"}],"replies":[{"embeddable":true,"href":"https:\/\/www.mundodelasmascaras.com\/index.php\/wp-json\/wp\/v2\/comments?post=315"}],"version-history":[{"count":5,"href":"https:\/\/www.mundodelasmascaras.com\/index.php\/wp-json\/wp\/v2\/pages\/315\/revisions"}],"predecessor-version":[{"id":585,"href":"https:\/\/www.mundodelasmascaras.com\/index.php\/wp-json\/wp\/v2\/pages\/315\/revisions\/585"}],"wp:featuredmedia":[{"embeddable":true,"href":"https:\/\/www.mundodelasmascaras.com\/index.php\/wp-json\/wp\/v2\/media\/317"}],"wp:attachment":[{"href":"https:\/\/www.mundodelasmascaras.com\/index.php\/wp-json\/wp\/v2\/media?parent=315"}],"curies":[{"name":"wp","href":"https:\/\/api.w.org\/{rel}","templated":true}]}}