{"id":398,"date":"2021-03-21T15:49:41","date_gmt":"2021-03-21T15:49:41","guid":{"rendered":"https:\/\/www.mundodelasmascaras.com\/?page_id=398"},"modified":"2021-05-16T17:43:53","modified_gmt":"2021-05-16T17:43:53","slug":"mascaras-de-famosos-celebridades-preferidas","status":"publish","type":"page","link":"https:\/\/www.mundodelasmascaras.com\/index.php\/mascaras-de-famosos-celebridades-preferidas\/","title":{"rendered":"M\u00e1scaras de Famosos, Celebridades Preferidas"},"content":{"rendered":"\n<p>Si te gusta ser el centro de atenci\u00f3n y provocar situaciones graciosas o controversiales, definitivamente te encantar\u00e1n las m\u00e1scaras de famosos.<\/p>\n\n\n\n<p>Desde m\u00e1scaras de personas adoradas por todos hasta las m\u00e1s odiadas, todas son v\u00e1lidas dependiendo cu\u00e1l sea tu intenci\u00f3n. <\/p>\n\n\n\n<p>Ya sea un artista, un conocido pol\u00edtico, un deportista o cualquier otra celebridad, con una m\u00e1scara tendr\u00e1s la oportunidad de imitarlo y ganarte muchos aplausos o tenderle una broma a quien no le caiga muy bien ese personaje.<\/p>\n\n\n\n<p>Adem\u00e1s son excelentes opciones para un jocoso d\u00eda de Halloween.&nbsp;<\/p>\n\n\n\n<p><\/p>\n\n\n\n<h2><strong>M\u00e1scaras de Pol\u00edticos<\/strong><\/h2>\n\n\n\n<p>La pol\u00edtica es un tema que suele traer controversias, obviamente por las diferencias. Este escenario prepara la situaci\u00f3n perfecta para hacerte de una m\u00e1scara, ya que podr\u00e1s utilizar la m\u00e1scara de alg\u00fan famoso pol\u00edtico para alegrarle el d\u00eda a sus simpatizantes, o jugarle una broma muy graciosa a sus retractores.<\/p>\n\n\n\n<p>Entre las m\u00e1scaras de pol\u00edticos m\u00e1s utilizadas y controversiales dem\u00e1s esta decir que se encuentra la m\u00e1scara de Donald Trump. Adem\u00e1s del expresidente de los Estados Unidos Trump, ahora est\u00e1 muy de moda la m\u00e1scara de Joe Biden, el actual presidente, el presidente de Corea del Norte Kim Jong-un, la Reina Isabel y Vladimir Putin, entre otros.<\/p>\n\n\n\n<figure class=\"wp-container-2 wp-block-gallery-1 wp-block-gallery columns-3 is-cropped\"><ul class=\"blocks-gallery-grid\"><li class=\"blocks-gallery-item\"><figure><img loading=\"lazy\" width=\"591\" height=\"718\" src=\"https:\/\/www.mundodelasmascaras.com\/wp-content\/uploads\/2021\/03\/Mascaras-de-Poliiticos-Donald-Trump-1.jpg\" alt=\"M\u00e1scaras de Famosos\" data-id=\"406\" data-full-url=\"https:\/\/www.mundodelasmascaras.com\/wp-content\/uploads\/2021\/03\/Mascaras-de-Poliiticos-Donald-Trump-1.jpg\" data-link=\"https:\/\/www.mundodelasmascaras.com\/?attachment_id=406#main\" class=\"wp-image-406\" srcset=\"https:\/\/www.mundodelasmascaras.com\/wp-content\/uploads\/2021\/03\/Mascaras-de-Poliiticos-Donald-Trump-1.jpg 591w, https:\/\/www.mundodelasmascaras.com\/wp-content\/uploads\/2021\/03\/Mascaras-de-Poliiticos-Donald-Trump-1-247x300.jpg 247w\" sizes=\"(max-width: 591px) 100vw, 591px\" \/><\/figure><\/li><li class=\"blocks-gallery-item\"><figure><img loading=\"lazy\" width=\"601\" height=\"653\" src=\"https:\/\/www.mundodelasmascaras.com\/wp-content\/uploads\/2021\/03\/Mascaras-de-Poliiticos-Kim-Jong-un-1.jpg\" alt=\"\" data-id=\"407\" data-full-url=\"https:\/\/www.mundodelasmascaras.com\/wp-content\/uploads\/2021\/03\/Mascaras-de-Poliiticos-Kim-Jong-un-1.jpg\" data-link=\"https:\/\/www.mundodelasmascaras.com\/?attachment_id=407#main\" class=\"wp-image-407\" srcset=\"https:\/\/www.mundodelasmascaras.com\/wp-content\/uploads\/2021\/03\/Mascaras-de-Poliiticos-Kim-Jong-un-1.jpg 601w, https:\/\/www.mundodelasmascaras.com\/wp-content\/uploads\/2021\/03\/Mascaras-de-Poliiticos-Kim-Jong-un-1-276x300.jpg 276w\" sizes=\"(max-width: 601px) 100vw, 601px\" \/><\/figure><\/li><li class=\"blocks-gallery-item\"><figure><img loading=\"lazy\" width=\"717\" height=\"1024\" src=\"https:\/\/www.mundodelasmascaras.com\/wp-content\/uploads\/2021\/03\/Mascaras-de-Poliiticos-Reina-Elizabeth-1-717x1024.jpg\" alt=\"\" data-id=\"408\" data-full-url=\"https:\/\/www.mundodelasmascaras.com\/wp-content\/uploads\/2021\/03\/Mascaras-de-Poliiticos-Reina-Elizabeth-1.jpg\" data-link=\"https:\/\/www.mundodelasmascaras.com\/?attachment_id=408#main\" class=\"wp-image-408\" srcset=\"https:\/\/www.mundodelasmascaras.com\/wp-content\/uploads\/2021\/03\/Mascaras-de-Poliiticos-Reina-Elizabeth-1-717x1024.jpg 717w, https:\/\/www.mundodelasmascaras.com\/wp-content\/uploads\/2021\/03\/Mascaras-de-Poliiticos-Reina-Elizabeth-1-210x300.jpg 210w, https:\/\/www.mundodelasmascaras.com\/wp-content\/uploads\/2021\/03\/Mascaras-de-Poliiticos-Reina-Elizabeth-1-768x1097.jpg 768w, https:\/\/www.mundodelasmascaras.com\/wp-content\/uploads\/2021\/03\/Mascaras-de-Poliiticos-Reina-Elizabeth-1.jpg 1049w\" sizes=\"(max-width: 717px) 100vw, 717px\" \/><\/figure><\/li><li class=\"blocks-gallery-item\"><figure><img loading=\"lazy\" width=\"596\" height=\"627\" src=\"https:\/\/www.mundodelasmascaras.com\/wp-content\/uploads\/2021\/03\/Mascaras-de-Poliiticos-Vladimir-Putin-1.jpg\" alt=\"M\u00e1scaras de Famosos\" data-id=\"409\" data-full-url=\"https:\/\/www.mundodelasmascaras.com\/wp-content\/uploads\/2021\/03\/Mascaras-de-Poliiticos-Vladimir-Putin-1.jpg\" data-link=\"https:\/\/www.mundodelasmascaras.com\/?attachment_id=409#main\" class=\"wp-image-409\" srcset=\"https:\/\/www.mundodelasmascaras.com\/wp-content\/uploads\/2021\/03\/Mascaras-de-Poliiticos-Vladimir-Putin-1.jpg 596w, https:\/\/www.mundodelasmascaras.com\/wp-content\/uploads\/2021\/03\/Mascaras-de-Poliiticos-Vladimir-Putin-1-285x300.jpg 285w\" sizes=\"(max-width: 596px) 100vw, 596px\" \/><\/figure><\/li><li class=\"blocks-gallery-item\"><figure><img loading=\"lazy\" width=\"434\" height=\"548\" src=\"https:\/\/www.mundodelasmascaras.com\/wp-content\/uploads\/2021\/03\/Mascaras-de-Poliiticos-1.jpg\" alt=\"\" data-id=\"410\" data-full-url=\"https:\/\/www.mundodelasmascaras.com\/wp-content\/uploads\/2021\/03\/Mascaras-de-Poliiticos-1.jpg\" data-link=\"https:\/\/www.mundodelasmascaras.com\/?attachment_id=410#main\" class=\"wp-image-410\" srcset=\"https:\/\/www.mundodelasmascaras.com\/wp-content\/uploads\/2021\/03\/Mascaras-de-Poliiticos-1.jpg 434w, https:\/\/www.mundodelasmascaras.com\/wp-content\/uploads\/2021\/03\/Mascaras-de-Poliiticos-1-238x300.jpg 238w\" sizes=\"(max-width: 434px) 100vw, 434px\" \/><\/figure><\/li><\/ul><\/figure>\n\n\n\n<p><\/p>\n\n\n\n<h2><strong>M\u00e1scaras de Artistas<\/strong><\/h2>\n\n\n\n<p>Los artistas tambi\u00e9n juegan un rol muy importante en la categor\u00eda de las m\u00e1scaras. Si sabes imitar a alg\u00fan actor o cantante, con una m\u00e1scara puede interpretar este personaje a la perfecci\u00f3n.<\/p>\n\n\n\n<p>Adem\u00e1s, al igual que con una m\u00e1scara de pol\u00edtico, puedes alegrarle el d\u00eda a sus  simpatizantes o tenderle una broma a sus no simpatizantes. <\/p>\n\n\n\n<p>Entre las m\u00e1scaras de artistas m\u00e1s buscadas y utilizadas se encuentra la m\u00e1scara de Michael Jackson, la de Al Pacino y su famoso personaje Scarface, El conocido rapero Kanye West, el famoso personaje de peliculas Mr. Bean y el actor Chris Hemsworth, quien interpreta el famoso personaje Thor, entre otros.<\/p>\n\n\n\n<figure class=\"wp-container-4 wp-block-gallery-3 wp-block-gallery columns-3 is-cropped\"><ul class=\"blocks-gallery-grid\"><li class=\"blocks-gallery-item\"><figure><img loading=\"lazy\" width=\"724\" height=\"1000\" src=\"https:\/\/www.mundodelasmascaras.com\/wp-content\/uploads\/2021\/03\/Mascaras-de-Artistas-03-1.jpg\" alt=\"\" data-id=\"415\" data-full-url=\"https:\/\/www.mundodelasmascaras.com\/wp-content\/uploads\/2021\/03\/Mascaras-de-Artistas-03-1.jpg\" data-link=\"https:\/\/www.mundodelasmascaras.com\/?attachment_id=415#main\" class=\"wp-image-415\" srcset=\"https:\/\/www.mundodelasmascaras.com\/wp-content\/uploads\/2021\/03\/Mascaras-de-Artistas-03-1.jpg 724w, https:\/\/www.mundodelasmascaras.com\/wp-content\/uploads\/2021\/03\/Mascaras-de-Artistas-03-1-217x300.jpg 217w\" sizes=\"(max-width: 724px) 100vw, 724px\" \/><\/figure><\/li><li class=\"blocks-gallery-item\"><figure><img loading=\"lazy\" width=\"416\" height=\"583\" src=\"https:\/\/www.mundodelasmascaras.com\/wp-content\/uploads\/2021\/03\/Mascaras-de-Artistas-04-1.jpg\" alt=\"\" data-id=\"416\" data-full-url=\"https:\/\/www.mundodelasmascaras.com\/wp-content\/uploads\/2021\/03\/Mascaras-de-Artistas-04-1.jpg\" data-link=\"https:\/\/www.mundodelasmascaras.com\/?attachment_id=416#main\" class=\"wp-image-416\" srcset=\"https:\/\/www.mundodelasmascaras.com\/wp-content\/uploads\/2021\/03\/Mascaras-de-Artistas-04-1.jpg 416w, https:\/\/www.mundodelasmascaras.com\/wp-content\/uploads\/2021\/03\/Mascaras-de-Artistas-04-1-214x300.jpg 214w\" sizes=\"(max-width: 416px) 100vw, 416px\" \/><\/figure><\/li><li class=\"blocks-gallery-item\"><figure><img loading=\"lazy\" width=\"637\" height=\"722\" src=\"https:\/\/www.mundodelasmascaras.com\/wp-content\/uploads\/2021\/03\/Mascaras-de-Artistas-Kanye-West-1.jpg\" alt=\"M\u00e1scaras de Famosos\" data-id=\"418\" data-full-url=\"https:\/\/www.mundodelasmascaras.com\/wp-content\/uploads\/2021\/03\/Mascaras-de-Artistas-Kanye-West-1.jpg\" data-link=\"https:\/\/www.mundodelasmascaras.com\/?attachment_id=418#main\" class=\"wp-image-418\" srcset=\"https:\/\/www.mundodelasmascaras.com\/wp-content\/uploads\/2021\/03\/Mascaras-de-Artistas-Kanye-West-1.jpg 637w, https:\/\/www.mundodelasmascaras.com\/wp-content\/uploads\/2021\/03\/Mascaras-de-Artistas-Kanye-West-1-265x300.jpg 265w\" sizes=\"(max-width: 637px) 100vw, 637px\" \/><\/figure><\/li><li class=\"blocks-gallery-item\"><figure><img loading=\"lazy\" width=\"588\" height=\"710\" src=\"https:\/\/www.mundodelasmascaras.com\/wp-content\/uploads\/2021\/03\/Mascaras-de-Artistas-Al-Pacino-1.jpg\" alt=\"\" data-id=\"417\" data-full-url=\"https:\/\/www.mundodelasmascaras.com\/wp-content\/uploads\/2021\/03\/Mascaras-de-Artistas-Al-Pacino-1.jpg\" data-link=\"https:\/\/www.mundodelasmascaras.com\/?attachment_id=417#main\" class=\"wp-image-417\" srcset=\"https:\/\/www.mundodelasmascaras.com\/wp-content\/uploads\/2021\/03\/Mascaras-de-Artistas-Al-Pacino-1.jpg 588w, https:\/\/www.mundodelasmascaras.com\/wp-content\/uploads\/2021\/03\/Mascaras-de-Artistas-Al-Pacino-1-248x300.jpg 248w\" sizes=\"(max-width: 588px) 100vw, 588px\" \/><\/figure><\/li><li class=\"blocks-gallery-item\"><figure><img loading=\"lazy\" width=\"607\" height=\"707\" src=\"https:\/\/www.mundodelasmascaras.com\/wp-content\/uploads\/2021\/03\/Mascaras-de-Artistas-Michael-Jackson.jpg\" alt=\"M\u00e1scaras de Famosos\" data-id=\"419\" data-full-url=\"https:\/\/www.mundodelasmascaras.com\/wp-content\/uploads\/2021\/03\/Mascaras-de-Artistas-Michael-Jackson.jpg\" data-link=\"https:\/\/www.mundodelasmascaras.com\/?attachment_id=419#main\" class=\"wp-image-419\" srcset=\"https:\/\/www.mundodelasmascaras.com\/wp-content\/uploads\/2021\/03\/Mascaras-de-Artistas-Michael-Jackson.jpg 607w, https:\/\/www.mundodelasmascaras.com\/wp-content\/uploads\/2021\/03\/Mascaras-de-Artistas-Michael-Jackson-258x300.jpg 258w\" sizes=\"(max-width: 607px) 100vw, 607px\" \/><\/figure><\/li><\/ul><\/figure>\n\n\n\n<p><\/p>\n\n\n\n<h2><strong>M\u00e1s M\u00e1scaras de Famosos<\/strong><\/h2>\n\n\n\n<p>Son muchos los famosos plasmados en una m\u00e1scara, por tal raz\u00f3n no nos podemos limitar a pol\u00edticos y artistas. Sabemos que existen deportistas y otras celebridades que llaman tu atenci\u00f3n y la de todo tipo de p\u00fablico hasta el punto de querer colocarte una m\u00e1scara de este famoso.<\/p>\n\n\n\n<p>Entre estos las m\u00e1scaras de famosos m\u00e1s destacadas son la de Leonel Messi, la de Albert Einstein y la del aclamado personaje de navidad, Papa Noel o Santa Clause.<\/p>\n\n\n\n<figure class=\"wp-container-6 wp-block-gallery-5 wp-block-gallery columns-3 is-cropped\"><ul class=\"blocks-gallery-grid\"><li class=\"blocks-gallery-item\"><figure><img loading=\"lazy\" width=\"613\" height=\"720\" src=\"https:\/\/www.mundodelasmascaras.com\/wp-content\/uploads\/2021\/03\/Mascaras-de-Famosos-Einstein.jpg\" alt=\"M\u00e1scaras de Famosos\" data-id=\"421\" data-full-url=\"https:\/\/www.mundodelasmascaras.com\/wp-content\/uploads\/2021\/03\/Mascaras-de-Famosos-Einstein.jpg\" data-link=\"https:\/\/www.mundodelasmascaras.com\/?attachment_id=421#main\" class=\"wp-image-421\" srcset=\"https:\/\/www.mundodelasmascaras.com\/wp-content\/uploads\/2021\/03\/Mascaras-de-Famosos-Einstein.jpg 613w, https:\/\/www.mundodelasmascaras.com\/wp-content\/uploads\/2021\/03\/Mascaras-de-Famosos-Einstein-255x300.jpg 255w\" sizes=\"(max-width: 613px) 100vw, 613px\" \/><\/figure><\/li><li class=\"blocks-gallery-item\"><figure><img loading=\"lazy\" width=\"719\" height=\"1024\" src=\"https:\/\/www.mundodelasmascaras.com\/wp-content\/uploads\/2021\/03\/Mascaras-de-Famosos-Messi-719x1024.jpg\" alt=\"\" data-id=\"422\" data-full-url=\"https:\/\/www.mundodelasmascaras.com\/wp-content\/uploads\/2021\/03\/Mascaras-de-Famosos-Messi.jpg\" data-link=\"https:\/\/www.mundodelasmascaras.com\/?attachment_id=422#main\" class=\"wp-image-422\" srcset=\"https:\/\/www.mundodelasmascaras.com\/wp-content\/uploads\/2021\/03\/Mascaras-de-Famosos-Messi-719x1024.jpg 719w, https:\/\/www.mundodelasmascaras.com\/wp-content\/uploads\/2021\/03\/Mascaras-de-Famosos-Messi-211x300.jpg 211w, https:\/\/www.mundodelasmascaras.com\/wp-content\/uploads\/2021\/03\/Mascaras-de-Famosos-Messi.jpg 767w\" sizes=\"(max-width: 719px) 100vw, 719px\" \/><\/figure><\/li><li class=\"blocks-gallery-item\"><figure><img loading=\"lazy\" width=\"575\" height=\"721\" src=\"https:\/\/www.mundodelasmascaras.com\/wp-content\/uploads\/2021\/03\/Mascaras-de-Famosos-Santa-Clause.jpg\" alt=\"\" data-id=\"423\" data-full-url=\"https:\/\/www.mundodelasmascaras.com\/wp-content\/uploads\/2021\/03\/Mascaras-de-Famosos-Santa-Clause.jpg\" data-link=\"https:\/\/www.mundodelasmascaras.com\/?attachment_id=423#main\" class=\"wp-image-423\" srcset=\"https:\/\/www.mundodelasmascaras.com\/wp-content\/uploads\/2021\/03\/Mascaras-de-Famosos-Santa-Clause.jpg 575w, https:\/\/www.mundodelasmascaras.com\/wp-content\/uploads\/2021\/03\/Mascaras-de-Famosos-Santa-Clause-239x300.jpg 239w\" sizes=\"(max-width: 575px) 100vw, 575px\" \/><\/figure><\/li><\/ul><\/figure>\n\n\n\n<p><\/p>\n\n\n\n<p><\/p>\n\n\n\n<h2><strong>Si quieres Comprar M\u00e1scaras de Famosos en Oferta y con los Mejores Precios, A continuaci\u00f3n te presentamos la Mejor Selecci\u00f3n<\/strong>:<\/h2>\n\n\n\n<p><\/p>\n\n\n\n<p><\/p>\n\n\n<p><script type=\"text\/javascript\">\namzn_assoc_placement = \"adunit0\";\namzn_assoc_search_bar = \"false\";\namzn_assoc_tracking_id = \"amortiguadore-20\";\namzn_assoc_ad_mode = \"manual\";\namzn_assoc_ad_type = \"smart\";\namzn_assoc_marketplace = \"amazon\";\namzn_assoc_region = \"US\";\namzn_assoc_title = \"\";\namzn_assoc_linkid = \"b757803e8e3ec42b9a696b4e45899889\";\namzn_assoc_asins = \"B07VZDTMQ2,B07RRCT2ZK,B075V3B2D2,6042648322\";\n<\/script><br \/>\n<script src=\"\/\/z-na.amazon-adsystem.com\/widgets\/onejs?MarketPlace=US\"><\/script><\/p>\n\n\n\n\n<p><script type=\"text\/javascript\">\namzn_assoc_placement = \"adunit0\";\namzn_assoc_search_bar = \"false\";\namzn_assoc_tracking_id = \"amortiguadore-20\";\namzn_assoc_ad_mode = \"manual\";\namzn_assoc_ad_type = \"smart\";\namzn_assoc_marketplace = \"amazon\";\namzn_assoc_region = \"US\";\namzn_assoc_title = \"\";\namzn_assoc_linkid = \"b757803e8e3ec42b9a696b4e45899889\";\namzn_assoc_asins = \"6042651552,B0896WCGTF,B074MN5RRD,B087LZJ7YV\";\n<\/script><br \/>\n<script src=\"\/\/z-na.amazon-adsystem.com\/widgets\/onejs?MarketPlace=US\"><\/script><\/p>\n\n\n\n\n<p><script type=\"text\/javascript\">\namzn_assoc_placement = \"adunit0\";\namzn_assoc_search_bar = \"false\";\namzn_assoc_tracking_id = \"amortiguadore-20\";\namzn_assoc_ad_mode = \"manual\";\namzn_assoc_ad_type = \"smart\";\namzn_assoc_marketplace = \"amazon\";\namzn_assoc_region = \"US\";\namzn_assoc_title = \"\";\namzn_assoc_linkid = \"b757803e8e3ec42b9a696b4e45899889\";\namzn_assoc_asins = \"B081Z2RK3Z,B07H68S9BN,B07DTHC5SR,B086Z1Q3ZQ\";\n<\/script><br \/>\n<script src=\"\/\/z-na.amazon-adsystem.com\/widgets\/onejs?MarketPlace=US\"><\/script><\/p>\n\n\n\n\n<p><script type=\"text\/javascript\">\namzn_assoc_placement = \"adunit0\";\namzn_assoc_search_bar = \"false\";\namzn_assoc_tracking_id = \"amortiguadore-20\";\namzn_assoc_ad_mode = \"manual\";\namzn_assoc_ad_type = \"smart\";\namzn_assoc_marketplace = \"amazon\";\namzn_assoc_region = \"US\";\namzn_assoc_title = \"\";\namzn_assoc_linkid = \"b757803e8e3ec42b9a696b4e45899889\";\namzn_assoc_asins = \"B074MNNW5T,B07S3L2831,B07J5H2K3R,B07CQ2RBCR\";\n<\/script><br \/>\n<script src=\"\/\/z-na.amazon-adsystem.com\/widgets\/onejs?MarketPlace=US\"><\/script><\/p>\n\n\n\n\n<p><script type=\"text\/javascript\">\namzn_assoc_placement = \"adunit0\";\namzn_assoc_search_bar = \"false\";\namzn_assoc_tracking_id = \"amortiguadore-20\";\namzn_assoc_ad_mode = \"manual\";\namzn_assoc_ad_type = \"smart\";\namzn_assoc_marketplace = \"amazon\";\namzn_assoc_region = \"US\";\namzn_assoc_title = \"\";\namzn_assoc_linkid = \"b757803e8e3ec42b9a696b4e45899889\";\namzn_assoc_asins = \"B06XGYVRK6,B00480EXSS,B07TVG4ZMH,B007ETI81S\";\n<\/script><br \/>\n<script src=\"\/\/z-na.amazon-adsystem.com\/widgets\/onejs?MarketPlace=US\"><\/script><\/p>\n\n\n\n<p><\/p>\n","protected":false},"excerpt":{"rendered":"<p>Si te gusta ser el centro de atenci&oacute;n y provocar situaciones graciosas o controversiales, definitivamente te encantar&aacute;n las m&aacute;scaras de famosos. Desde m&aacute;scaras de personas adoradas por todos hasta las m&aacute;s odiadas, todas son v&aacute;lidas dependiendo cu&aacute;l sea tu intenci&oacute;n. Ya sea un artista, un conocido pol&iacute;tico, un deportista o cualquier otra celebridad, con una &#8230; <a title=\"M\u00e1scaras de Famosos, Celebridades Preferidas\" class=\"read-more\" href=\"https:\/\/www.mundodelasmascaras.com\/index.php\/mascaras-de-famosos-celebridades-preferidas\/\">Leer m\u00e1s <span class=\"screen-reader-text\">M\u00e1scaras de Famosos, Celebridades Preferidas<\/span><\/a><\/p>\n","protected":false},"author":1,"featured_media":427,"parent":0,"menu_order":0,"comment_status":"closed","ping_status":"closed","template":"","meta":[],"uagb_featured_image_src":{"full":["https:\/\/www.mundodelasmascaras.com\/wp-content\/uploads\/2021\/03\/Mascaras-de-Poliiticos-Donald-Trump-2.jpg",591,718,false],"thumbnail":["https:\/\/www.mundodelasmascaras.com\/wp-content\/uploads\/2021\/03\/Mascaras-de-Poliiticos-Donald-Trump-2-150x150.jpg",150,150,true],"medium":["https:\/\/www.mundodelasmascaras.com\/wp-content\/uploads\/2021\/03\/Mascaras-de-Poliiticos-Donald-Trump-2-247x300.jpg",247,300,true],"medium_large":["https:\/\/www.mundodelasmascaras.com\/wp-content\/uploads\/2021\/03\/Mascaras-de-Poliiticos-Donald-Trump-2.jpg",591,718,false],"large":["https:\/\/www.mundodelasmascaras.com\/wp-content\/uploads\/2021\/03\/Mascaras-de-Poliiticos-Donald-Trump-2.jpg",591,718,false],"1536x1536":["https:\/\/www.mundodelasmascaras.com\/wp-content\/uploads\/2021\/03\/Mascaras-de-Poliiticos-Donald-Trump-2.jpg",591,718,false],"2048x2048":["https:\/\/www.mundodelasmascaras.com\/wp-content\/uploads\/2021\/03\/Mascaras-de-Poliiticos-Donald-Trump-2.jpg",591,718,false]},"uagb_author_info":{"display_name":"admin","author_link":"https:\/\/www.mundodelasmascaras.com\/index.php\/author\/admin\/"},"uagb_comment_info":0,"uagb_excerpt":"Si te gusta ser el centro de atenci&oacute;n y provocar situaciones graciosas o controversiales, definitivamente te encantar&aacute;n las m&aacute;scaras de famosos. Desde m&aacute;scaras de personas adoradas por todos hasta las m&aacute;s odiadas, todas son v&aacute;lidas dependiendo cu&aacute;l sea tu intenci&oacute;n. Ya sea un artista, un conocido pol&iacute;tico, un deportista o cualquier otra celebridad, con una&hellip;","yoast_head":"<!-- This site is optimized with the Yoast SEO plugin v14.6.1 - https:\/\/yoast.com\/wordpress\/plugins\/seo\/ -->\n<title>M\u00e1scaras de Famosos, Celebridades Preferidas - Las M&aacute;scaras<\/title>\n<meta name=\"description\" content=\"Si te gusta ser el centro de atenci\u00f3n y provocar situaciones graciosas o controversiales, definitivamente te encantar\u00e1n estas m\u00e1scaras de famosos.\" \/>\n<meta name=\"robots\" content=\"index, follow\" \/>\n<meta name=\"googlebot\" content=\"index, follow, max-snippet:-1, max-image-preview:large, max-video-preview:-1\" \/>\n<meta name=\"bingbot\" content=\"index, follow, max-snippet:-1, max-image-preview:large, max-video-preview:-1\" \/>\n<link rel=\"canonical\" href=\"https:\/\/www.mundodelasmascaras.com\/index.php\/mascaras-de-famosos-celebridades-preferidas\/\" \/>\n<meta property=\"og:locale\" content=\"es_ES\" \/>\n<meta property=\"og:type\" content=\"article\" \/>\n<meta property=\"og:title\" content=\"M\u00e1scaras de Famosos, Celebridades Preferidas - Las M&aacute;scaras\" \/>\n<meta property=\"og:description\" content=\"Si te gusta ser el centro de atenci\u00f3n y provocar situaciones graciosas o controversiales, definitivamente te encantar\u00e1n estas m\u00e1scaras de famosos.\" \/>\n<meta property=\"og:url\" content=\"https:\/\/www.mundodelasmascaras.com\/index.php\/mascaras-de-famosos-celebridades-preferidas\/\" \/>\n<meta property=\"og:site_name\" content=\"Las M&aacute;scaras\" \/>\n<meta property=\"article:modified_time\" content=\"2021-05-16T17:43:53+00:00\" \/>\n<meta property=\"og:image\" content=\"https:\/\/www.mundodelasmascaras.com\/wp-content\/uploads\/2021\/03\/Mascaras-de-Poliiticos-Donald-Trump-2.jpg\" \/>\n\t<meta property=\"og:image:width\" content=\"591\" \/>\n\t<meta property=\"og:image:height\" content=\"718\" \/>\n<meta name=\"twitter:card\" content=\"summary_large_image\" \/>\n<script type=\"application\/ld+json\" class=\"yoast-schema-graph\">{\"@context\":\"https:\/\/schema.org\",\"@graph\":[{\"@type\":\"WebSite\",\"@id\":\"https:\/\/www.mundodelasmascaras.com\/#website\",\"url\":\"https:\/\/www.mundodelasmascaras.com\/\",\"name\":\"Las M&aacute;scaras\",\"description\":\"Conoce Todo Acerca de Las M&aacute;scaras\",\"potentialAction\":[{\"@type\":\"SearchAction\",\"target\":\"https:\/\/www.mundodelasmascaras.com\/?s={search_term_string}\",\"query-input\":\"required name=search_term_string\"}],\"inLanguage\":\"es\"},{\"@type\":\"ImageObject\",\"@id\":\"https:\/\/www.mundodelasmascaras.com\/index.php\/mascaras-de-famosos-celebridades-preferidas\/#primaryimage\",\"inLanguage\":\"es\",\"url\":\"https:\/\/www.mundodelasmascaras.com\/wp-content\/uploads\/2021\/03\/Mascaras-de-Poliiticos-Donald-Trump-2.jpg\",\"width\":591,\"height\":718,\"caption\":\"M\\u00e1scaras de Famosos Donald Trump\"},{\"@type\":\"WebPage\",\"@id\":\"https:\/\/www.mundodelasmascaras.com\/index.php\/mascaras-de-famosos-celebridades-preferidas\/#webpage\",\"url\":\"https:\/\/www.mundodelasmascaras.com\/index.php\/mascaras-de-famosos-celebridades-preferidas\/\",\"name\":\"M\\u00e1scaras de Famosos, Celebridades Preferidas - Las M&aacute;scaras\",\"isPartOf\":{\"@id\":\"https:\/\/www.mundodelasmascaras.com\/#website\"},\"primaryImageOfPage\":{\"@id\":\"https:\/\/www.mundodelasmascaras.com\/index.php\/mascaras-de-famosos-celebridades-preferidas\/#primaryimage\"},\"datePublished\":\"2021-03-21T15:49:41+00:00\",\"dateModified\":\"2021-05-16T17:43:53+00:00\",\"description\":\"Si te gusta ser el centro de atenci\\u00f3n y provocar situaciones graciosas o controversiales, definitivamente te encantar\\u00e1n estas m\\u00e1scaras de famosos.\",\"inLanguage\":\"es\",\"potentialAction\":[{\"@type\":\"ReadAction\",\"target\":[\"https:\/\/www.mundodelasmascaras.com\/index.php\/mascaras-de-famosos-celebridades-preferidas\/\"]}]}]}<\/script>\n<!-- \/ Yoast SEO plugin. -->","_links":{"self":[{"href":"https:\/\/www.mundodelasmascaras.com\/index.php\/wp-json\/wp\/v2\/pages\/398"}],"collection":[{"href":"https:\/\/www.mundodelasmascaras.com\/index.php\/wp-json\/wp\/v2\/pages"}],"about":[{"href":"https:\/\/www.mundodelasmascaras.com\/index.php\/wp-json\/wp\/v2\/types\/page"}],"author":[{"embeddable":true,"href":"https:\/\/www.mundodelasmascaras.com\/index.php\/wp-json\/wp\/v2\/users\/1"}],"replies":[{"embeddable":true,"href":"https:\/\/www.mundodelasmascaras.com\/index.php\/wp-json\/wp\/v2\/comments?post=398"}],"version-history":[{"count":9,"href":"https:\/\/www.mundodelasmascaras.com\/index.php\/wp-json\/wp\/v2\/pages\/398\/revisions"}],"predecessor-version":[{"id":559,"href":"https:\/\/www.mundodelasmascaras.com\/index.php\/wp-json\/wp\/v2\/pages\/398\/revisions\/559"}],"wp:featuredmedia":[{"embeddable":true,"href":"https:\/\/www.mundodelasmascaras.com\/index.php\/wp-json\/wp\/v2\/media\/427"}],"wp:attachment":[{"href":"https:\/\/www.mundodelasmascaras.com\/index.php\/wp-json\/wp\/v2\/media?parent=398"}],"curies":[{"name":"wp","href":"https:\/\/api.w.org\/{rel}","templated":true}]}}