{"id":431,"date":"2021-03-22T18:32:11","date_gmt":"2021-03-22T18:32:11","guid":{"rendered":"https:\/\/www.mundodelasmascaras.com\/?page_id=431"},"modified":"2021-03-23T08:33:44","modified_gmt":"2021-03-23T08:33:44","slug":"como-hacer-mascaras-aprende-las-mejores-tecnicas","status":"publish","type":"page","link":"https:\/\/www.mundodelasmascaras.com\/index.php\/como-hacer-mascaras-aprende-las-mejores-tecnicas\/","title":{"rendered":"\u00bfComo Hacer M\u00e1scaras? Aprende las Mejores T\u00e9cnicas"},"content":{"rendered":"\n<p>Si has llegado aqu\u00ed, definitivamente te gustan las m\u00e1scaras, y si te gustan las m\u00e1scaras definitivamente quieres aprender como hacer m\u00e1scaras.<\/p>\n\n\n\n<p>A continuaci\u00f3n te ense\u00f1aremos varias formas de como hacer m\u00e1scaras caseras, para que puedas elaborarlas para una fiesta, actividad del trabajo, actividad de la escuela o para el d\u00eda de Halloween. <\/p>\n\n\n\n<p>Adem\u00e1s esto es una actividad perfecta para pasar un buen rato con tus ni\u00f1os, compartir en familia y fomentar el desarrollo de destrezas y habilidades de ellos.<\/p>\n\n\n\n<p>Comenzaremos realizando m\u00e1scaras de papel.<\/p>\n\n\n\n<p><\/p>\n\n\n\n<h2><strong>Como Hacer M\u00e1scaras Caseras de Papel<\/strong><\/h2>\n\n\n\n<p>Para hacer una m\u00e1scara de papel lo primero que debes tener son los siguientes <strong>materiales:<\/strong><\/p>\n\n\n\n<ul><li>Cabeza de Unicel <\/li><li>4 Hojas Blancas <\/li><li> Cinta Adhesiva <\/li><li>Pegamento Blanco <\/li><li>Agua &#8211; Lija Delgada <\/li><li>Resorte <\/li><li>Pintura Blanca<\/li><\/ul>\n\n\n\n<h3><strong>Procedimiento<\/strong> <strong>para Hacer M\u00e1scaras de Papel<\/strong><\/h3>\n\n\n\n<p><\/p>\n\n\n\n<h3><strong>Base<\/strong><\/h3>\n\n\n\n<ul><li>Se coloca una hoja de papel sobre la cara del Unicel.<\/li><li>Marcamos el \u00e1rea de la nariz y los ojos<\/li><li>Luego se pega cinta adhesiva en los lados para pegar la hoja a la cabeza de Unicel y se pega cinta adhesiva en los ojos y nariz, para marcarlas a\u00fan m\u00e1s.<\/li><li>Apretamos el papel para darle forma al ment\u00f3n y lo pegamos con la cinta adhesiva.<\/li><li>Siguiendo la curva de la barbilla, doblamos el papel hacia adentro y pegamos con la cinta adhesiva, as\u00ed mismo repetimos al otro lado.<\/li><li>Terminamos la base con el \u00e1rea de la frente, aplastando el papel hacia atr\u00e1s y sellamos con cinta adhesiva. Siguiendo el centro de la frente, marcamos el contorno de la cara.<\/li><\/ul>\n\n\n\n<p><\/p>\n\n\n\n<h3><strong>Forro<\/strong><\/h3>\n\n\n\n<ul><li>Luego comenzamos el proceso de forrar, cortando en pedazos 3 hojas de papel. <\/li><li>Se mezcla pegamento con agua y comenzamos a forrar la base pegando los pedazos de papel que cortamos.<\/li><li>Se seca con pistola para cabello y se repite el forrado dos veces m\u00e1s.<\/li><li>Despegamos la cinta adhesiva del Unicel, hacemos cortes en el sobrante de alrededor, pegamos los cortes hacia adentro de la cara, secamos y retiramos del Unicel.<\/li><li>Se marcan los orificios de la nariz, los ojos y el de la boca si tiene. Luego los abrimos con un l\u00e1piz o cort\u00e1ndolos con la tijera.<\/li><\/ul>\n\n\n\n<p><\/p>\n\n\n\n<h3><strong>Resorte<\/strong><\/h3>\n\n\n\n<ul><li>Siguiendo la l\u00ednea de los ojos, por dentro engrapamos el resorte.<\/li><li>Con la ayuda de las pinzas apretamos las grapas y repetimos en el otro costado.<\/li><li>Luego secamos nuevamente con el secador de pelo.<\/li><\/ul>\n\n\n\n<p><\/p>\n\n\n\n<h3><strong>Lijar y Pintar<\/strong><\/h3>\n\n\n\n<p>Por \u00faltimo lijamos suavemente nuestra m\u00e1scara, la pintamos y la secamos.<\/p>\n\n\n\n<p>A continuaci\u00f3n te mostramos un video con este proceso, para que puedas hacerlo de la manera correcta paso a paso.<\/p>\n\n\n\n<figure class=\"wp-block-embed-youtube wp-block-embed is-type-video is-provider-youtube wp-embed-aspect-4-3 wp-has-aspect-ratio\"><div class=\"wp-block-embed__wrapper\">\n<iframe loading=\"lazy\" title=\"M\u00e1scara Base de Papel (Paper Mask)\" width=\"1200\" height=\"900\" src=\"https:\/\/www.youtube.com\/embed\/Jhkq5x0olsk?feature=oembed\" frameborder=\"0\" allow=\"accelerometer; autoplay; clipboard-write; encrypted-media; gyroscope; picture-in-picture\" allowfullscreen><\/iframe>\n<\/div><\/figure>\n\n\n\n<p><\/p>\n\n\n\n<h2><strong>Como Hacer M\u00e1scaras de Cartulina o Cart\u00f3n<\/strong><\/h2>\n\n\n\n<p>Para hacer una m\u00e1scara de cartulina o cart\u00f3n debemos tener los siguientes <strong>materiales<\/strong>:<\/p>\n\n\n\n<ul><li>Cartulina de 19 x 25 cm<\/li><li>Tijera<\/li><li>Un marcador<\/li><li>Pintura marr\u00f3n y blanco<\/li><li>Esponja<\/li><li>Pincel<\/li><li>Regla<\/li><li>Papel de aluminio<\/li><li>Pega<\/li><li>Pasador<\/li><\/ul>\n\n\n\n<h3><strong>Como Hacer la M\u00e1scara de Cartulina o Cart\u00f3n Paso a Paso<\/strong><\/h3>\n\n\n\n<ul><li>Doblamos la cartulina por la mitad para y marcamos 2 cm, encima del doblez, tambi\u00e9n arriba en la mitad.<\/li><li>A partir de los 2 cent\u00edmetros hacemos una curva hasta arriba doblamos y doblamos dos veces.<\/li><li>Luego cortamos con tijera toda la curva y nos queda un molde.<\/li><li>Colocamos el molde sobre un cart\u00f3n, hacemos el trazo y cortamos.<\/li><li>Luego doblamos todo el contorno del cart\u00f3n haciendo una curva hacia adentro, de esa manera va quedando esta parte fundida y nuestro molde queda fuerte.<\/li><li>Luego marcamos por dentro, d\u00f3nde ir\u00e1n nuestros ojos y hacemos un hueco con l\u00e1piz.<\/li><li>Despu\u00e9s dibujamos los ojos, nariz y boca. La nariz debe medir 7.5 cm.<\/li><li>Con una tijera cortamos los ojos dando vueltas hasta encontrar la l\u00ednea que hemos trazado.<\/li><li>Luego hundimos los sobrantes y hacemos lo mismo con el otro ojo.<\/li><li>Despu\u00e9s mezclamos pintura marr\u00f3n y blanco y pintamos la boca.<\/li><li>Con una esponja o pincel pintamos todo el cart\u00f3n.<\/li><li>Tomamos papel de aluminio y lo doblamos a una circunferencia de 7.5 cm.<\/li><li>Ahora doblamos por la mitad y enrollamos, de esta manera formamos la nariz y la pegamos<\/li><li>Hacemos huecos a los costados y amarramos con un pasador por dentro.<\/li><\/ul>\n\n\n\n<figure class=\"wp-block-embed-youtube wp-block-embed is-type-video is-provider-youtube wp-embed-aspect-16-9 wp-has-aspect-ratio\"><div class=\"wp-block-embed__wrapper\">\n<iframe loading=\"lazy\" title=\"Como hacer una MASCARA\" width=\"1200\" height=\"675\" src=\"https:\/\/www.youtube.com\/embed\/Rht5JvxfT-M?feature=oembed\" frameborder=\"0\" allow=\"accelerometer; autoplay; clipboard-write; encrypted-media; gyroscope; picture-in-picture\" allowfullscreen><\/iframe>\n<\/div><\/figure>\n\n\n\n<h2><strong>Como Hacer M\u00e1scaras de Yeso<\/strong><\/h2>\n\n\n\n<p>A continuaci\u00f3n te mostramos como realizar una m\u00e1scara de yeso, comenzamos mencionando los <strong>materiales<\/strong>:<\/p>\n\n\n\n<ul><li>Un pasamonta\u00f1as<\/li><li>Tijeras<\/li><li>Cinta adhesiva<\/li><li>Vendas de yeso<\/li><li>Un recipiente con agua<\/li><li>Plum\u00f3n indeleble<\/li><li>Papel de peri\u00f3dico<\/li><li>Engrudo<\/li><\/ul>\n\n\n\n<h3>Paso a Paso como se Hace una M\u00e1scara de Yeso<\/h3>\n\n\n\n<ul><li>Cortaremos el pasamonta\u00f1as en el \u00e1rea de la nariz y las orejas.<\/li><li>Tambi\u00e9n cortamos previamente diferentes tama\u00f1os de cinta adhesiva<\/li><li>De igual, manera previamente cortaremos las vendas de yeso en 3 tama\u00f1os diferentes<\/li><li>Inicialmente, iremos colocando la cinta en el \u00e1rea de cejas, la nariz, sobre el tabique y entre el \u00e1rea de los ojos.<\/li><li>Se debe colocar cinta de la punta de la nariz al labio superior, procurando que quede un espacio, esto facilitar\u00e1 la respiraci\u00f3n y al desmontar no se atora en la nariz.<\/li><li>Debe seguir colocando las cintas adhesivas como te mostramos en el video a continuaci\u00f3n.<\/li><li>Sumerge completamente la venda de yeso en agua, al sacarla pasa tus dedos por ambos lados presionando suavemente para que el yeso se distribuya uniforme sobre la venda.<\/li><li>Al igual que la cinta adhesiva empezaremos colocando las tiras de venda en el \u00e1rea del tabique y nariz.<\/li><li>Es importante marcar la abertura de la boca con plum\u00f3n indeleble, servir\u00e1 como gu\u00eda para no colocar venda, ya que despu\u00e9s cuando hagas tu m\u00e1scara, te ser\u00e1 m\u00e1s f\u00e1cil ubicarlo.<\/li><li>Seguiremos colocando las vendas, es importante que no rebase es la curvatura de la quijada, ya que si lo haces al secarse la m\u00e1scara no la podr\u00e1s retirar. Es importante que la parte posterior de las vendas no vayan por debajo de la altura de las orejas con el fin de facilitar el retirado de la m\u00e1scara.<\/li><li>Daremos una segunda capa y si quieres que quede a\u00fan m\u00e1s resistente aplica una tercera capa. Deja secar de 30 a 45 minutos.<\/li><li>Retira la m\u00e1scara con mucho cuidado tom\u00e1ndola suavemente de los lados para no quebrar.<\/li><li>Cuando la retires a\u00fan estar\u00e1 h\u00fameda, d\u00e9jala secar un d\u00eda volteada sobre una vasija.<\/li><li>Coloca la m\u00e1scara sobre un pedestal o algo similar y coloca hule espuma o tela por dentro para que la m\u00e1scara no resbale y trabajes c\u00f3modamente.<\/li><li>Luego se desdobla y se cortan los pedazos de papel. Tomaremos algunos trozos del papel previamente cortado y haremos pedazos m\u00e1s peque\u00f1os.<\/li><li>Los trozos peque\u00f1os de papel los utilizaremos \u00fanicamente para la parte frontal de La m\u00e1scara, antes de empezar a pegar los trozos de papel, juntaremos engrudo para que se adhieran m\u00e1s r\u00e1pidamente.<\/li><li>Luego los trozos peque\u00f1os de papel los iremos pegando alrededor de los huecos de los ojos y fosas nasales.<\/li><li>Recuerda agregar engrudo sobre el yeso antes de pegar los trozos de peri\u00f3dico al peri\u00f3dico en el \u00e1rea de la boca.<\/li><li>Tomaremos los trozos grandes de peri\u00f3dico los humedecemos con engrudo y pegaremos en las \u00e1reas faltantes de la cara y mand\u00edbula.<\/li><li>Si te queda mucho engrudo debajo del papel presiona ligeramente para sacar excedentes.<\/li><li>En la parte superior de la cabeza colocar\u00e1s, un trozo de papel encima del otro de manera escalonada.<\/li><li>Terminando realiza el mismo procedimiento de atr\u00e1s hacia adelante, recuerden presionar levemente para sacar el excedente de engrudo y eliminar burbujas.<\/li><li>En las partes laterales iremos colocando los trozos de papel en forma de abanico, encimando trozos uno sobre el otro.<\/li><li>Al terminar frota, suavemente toda la m\u00e1scara para que quede bien pegado el papel y evitar burbujas de aire, si no lo haces el papel se despegara.<\/li><\/ul>\n\n\n\n<figure class=\"wp-block-embed-youtube wp-block-embed is-type-video is-provider-youtube wp-embed-aspect-16-9 wp-has-aspect-ratio\"><div class=\"wp-block-embed__wrapper\">\n<iframe loading=\"lazy\" title=\"As\u00ed se hace la M\u00e1scara Base de Yeso y Peri\u00f3dico \/ Tutorial \/ DIY \/ Hazlo T\u00fa Mismo \/\u00bfC\u00f3mo Se Hace?\" width=\"1200\" height=\"675\" src=\"https:\/\/www.youtube.com\/embed\/L6l0uIwVxYw?start=33&#038;feature=oembed\" frameborder=\"0\" allow=\"accelerometer; autoplay; clipboard-write; encrypted-media; gyroscope; picture-in-picture\" allowfullscreen><\/iframe>\n<\/div><\/figure>\n\n\n\n<h2><strong>C\u00f3mo Hacer M\u00e1scaras Caseras para Ni\u00f1os, con Platos Desechables<\/strong><\/h2>\n\n\n\n<p>Esta t\u00e9cnica es buen\u00edsima para pasar un buen rato con nuestros peque\u00f1os a la vez que creamos ese accesorio tan divertido para ellos. Este proceso es espec\u00edficamente para hacer una m\u00e1scara de conejo, con esta t\u00e9cnica y tu creatividad podr\u00e1s hacerlo de otros animales o personajes.<\/p>\n\n\n\n<h3>Materiales<\/h3>\n\n\n\n<ul><li>Tijeras<\/li><li>Platos de Cart\u00f3n<\/li><li>Pega<\/li><li>L\u00e1piz<\/li><li>Una tapa<\/li><li>Papel rosado, amarillo y azul<\/li><li>Sorbeto o palo<\/li><\/ul>\n\n\n\n<p><\/p>\n\n\n\n<h3>Proceso para Hacer M\u00e1scaras con Platos Desechables<\/h3>\n\n\n\n<ul><li>Primero tomamos el plato de cart\u00f3n y marcamos una l\u00ednea con el l\u00e1piz.<\/li><li>Despu\u00e9s a partir de esta m\u00e1scara cortamos con la tijera.<\/li><li>Con la tapa le hacemos c\u00edrculos al plato simulando los ojos y cortamos.<\/li><li>Con la otra parte del plato, la cual cortamos a partir de la marca, podemos hacer unas orejas, las cuales podemos pegar con papel de otro color, en este caso se hace con papel rosado.<\/li><li>Luego se puede utilizar papel amarillo para simular la nariz y papel azul para los bigotes, esto se pega a la parte de la m\u00e1scara que ya tiene los ojos cortados.<\/li><li>Luego se pega el sorbeto o palo por el lado para poder aguantar la m\u00e1scara.<\/li><\/ul>\n\n\n\n<p>A continuaci\u00f3n te mostramos el proceso completo en video para que puedas apreciarlo de manera visual.<\/p>\n\n\n\n<figure class=\"wp-block-embed-youtube wp-block-embed is-type-video is-provider-youtube wp-embed-aspect-16-9 wp-has-aspect-ratio\"><div class=\"wp-block-embed__wrapper\">\n<iframe loading=\"lazy\" title=\"C\u00f3mo Hacer M\u00e1scaras para Ni\u00f1os con Platos Desechables - Manualidades para Ni\u00f1os - SuperDivertido\" width=\"1200\" height=\"675\" src=\"https:\/\/www.youtube.com\/embed\/DEe2UC-nGls?feature=oembed\" frameborder=\"0\" allow=\"accelerometer; autoplay; clipboard-write; encrypted-media; gyroscope; picture-in-picture\" allowfullscreen><\/iframe>\n<\/div><\/figure>\n\n\n\n<p><\/p>\n\n\n\n<h2><strong>Como Hacer Antifaz para Dormir<\/strong><\/h2>\n\n\n\n<h3><strong>Materiales<\/strong><\/h3>\n\n\n\n<ul><li>Patr\u00f3n antifaz <\/li><li>Tela de algod\u00f3n o terciopelo, para el exterior<\/li><li>Tela de algod\u00f3n para el interior<\/li><li>Entretela adhesiva<\/li><li>El\u00e1stico<\/li><li>Hilo acorde a la tela<\/li><li>Tijera<\/li><li>Bol\u00edgrafo borrable, rotulador o tiza de costura<\/li><\/ul>\n\n\n\n<h3><strong>Como Hacer Antifaz para Dormir<\/strong> <strong>Paso a Paso<\/strong><\/h3>\n\n\n\n<p>El primer paso es cortar las telas en 3 rect\u00e1ngulos que midan 16 x 25 cent\u00edmetros.<\/p>\n\n\n\n<p>Despu\u00e9s vamos a colocar la tela interior con el derecho hacia arriba, para luego colocar la tela exterior con el derecho hacia abajo.<\/p>\n\n\n\n<p>Luego la entretela, la colocamos debajo de la tela interior por el lado del rev\u00e9s, sujetamos con alfileres las tres telas y ponemos encima el patr\u00f3n. <\/p>\n\n\n\n<p>Con un bol\u00edgrafo o una tiza de costura, vamos a marcar al patr\u00f3n encima de las teras que est\u00e1n sujetas con alfileres.<\/p>\n\n\n\n<p>Despu\u00e9s de dibujar el patr\u00f3n sobre las telas vamos a cocer por la l\u00ednea que hemos dibujado, un despunte sencillo. <\/p>\n\n\n\n<p>Cortamos el el\u00e1stico a la medida de la cabeza y al cocer vamos a incluir en el el\u00e1stico dentro de las dos telas.<\/p>\n\n\n\n<p>Cuando vayamos finalizando la costura, dejamos una abertura en la parte superior para despu\u00e9s girar.<\/p>\n\n\n\n<p>Despu\u00e9s de hacer el despunte sencillo vamos a recortar alrededor del antifaz a medio cent\u00edmetro o un cent\u00edmetro de distancia.<\/p>\n\n\n\n<p>Luego vamos a hacer peque\u00f1os cortes en todo el contorno sin llegar a cortar mucho la costura que acabamos de hacer.<\/p>\n\n\n\n<p>Por \u00faltimo y para finalizar vamos a girar el antifaz por la abertura que dejamos.<\/p>\n\n\n\n<p>Planchamos con mucho cuidado y hacemos un despunte sencillo por toda la orilla del antifaz.<\/p>\n\n\n\n<figure class=\"wp-block-embed-youtube wp-block-embed is-type-video is-provider-youtube wp-embed-aspect-16-9 wp-has-aspect-ratio\"><div class=\"wp-block-embed__wrapper\">\n<iframe loading=\"lazy\" title=\"Como hacer antifaz para dormir \/\/facil\/\/\" width=\"1200\" height=\"675\" src=\"https:\/\/www.youtube.com\/embed\/guO9AyZAO-M?feature=oembed\" frameborder=\"0\" allow=\"accelerometer; autoplay; clipboard-write; encrypted-media; gyroscope; picture-in-picture\" allowfullscreen><\/iframe>\n<\/div><\/figure>\n\n\n\n<p><\/p>\n\n\n\n<h2><strong>Como Hacer M\u00e1scaras de Carnaval<\/strong><\/h2>\n\n\n\n<p>Las M\u00e1scaras de Carnaval son una de las piezas m\u00e1s buscadas por los amantes de las m\u00e1scaras.<\/p>\n\n\n\n<p>Ahora que pensar\u00edas si te dijera que en casa, con unos cuantos materiales, puedes hacer una m\u00e1scara de carnaval que no tiene nada que envidiarle a esas m\u00e1scaras que puedes ver en el carnaval de Venecia y en las tiendas de m\u00e1scaras.<\/p>\n\n\n\n<p>Pues es cierto, y a continuaci\u00f3n te presentamos un tutorial donde aprender\u00e1s paso a paso como se realiza una espectacular m\u00e1scara de carnaval.<\/p>\n\n\n\n<figure class=\"wp-block-embed-youtube wp-block-embed is-type-video is-provider-youtube wp-embed-aspect-16-9 wp-has-aspect-ratio\"><div class=\"wp-block-embed__wrapper\">\n<iframe loading=\"lazy\" title=\"C\u00f3mo hacer y decorar M\u00e1scaras de Carnaval DIY. M\u00e1scaras venecianas de papel mach\u00e9.\" width=\"1200\" height=\"675\" src=\"https:\/\/www.youtube.com\/embed\/koPlO6YdBR8?feature=oembed\" frameborder=\"0\" allow=\"accelerometer; autoplay; clipboard-write; encrypted-media; gyroscope; picture-in-picture\" allowfullscreen><\/iframe>\n<\/div><\/figure>\n\n\n\n<h2><strong>Conclusi\u00f3n<\/strong><\/h2>\n\n\n\n<p>Luego de haber le\u00eddo este art\u00edculo ya sabr\u00e1s como se hace una m\u00e1scara, tanto de papel, como de cartulina, mascaras para los ni\u00f1os y hasta un antifaz para dormir.<\/p>\n\n\n\n<p>Si quieres ver diferentes tipos de m\u00e1scaras y continuar conociendo acerca de este tema tan interesante, contin\u00faa navegando por las secciones de nuestra p\u00e1gina.<\/p>\n\n\n\n<p><\/p>\n","protected":false},"excerpt":{"rendered":"<p>Si has llegado aqu&iacute;, definitivamente te gustan las m&aacute;scaras, y si te gustan las m&aacute;scaras definitivamente quieres aprender como hacer m&aacute;scaras. A continuaci&oacute;n te ense&ntilde;aremos varias formas de como hacer m&aacute;scaras caseras, para que puedas elaborarlas para una fiesta, actividad del trabajo, actividad de la escuela o para el d&iacute;a de Halloween. Adem&aacute;s esto es &#8230; <a title=\"\u00bfComo Hacer M\u00e1scaras? Aprende las Mejores T\u00e9cnicas\" class=\"read-more\" href=\"https:\/\/www.mundodelasmascaras.com\/index.php\/como-hacer-mascaras-aprende-las-mejores-tecnicas\/\">Leer m\u00e1s <span class=\"screen-reader-text\">\u00bfComo Hacer M\u00e1scaras? Aprende las Mejores T\u00e9cnicas<\/span><\/a><\/p>\n","protected":false},"author":1,"featured_media":446,"parent":0,"menu_order":0,"comment_status":"closed","ping_status":"closed","template":"","meta":[],"uagb_featured_image_src":{"full":["https:\/\/www.mundodelasmascaras.com\/wp-content\/uploads\/2021\/03\/Como-Hacer-Mascaras.jpg",604,607,false],"thumbnail":["https:\/\/www.mundodelasmascaras.com\/wp-content\/uploads\/2021\/03\/Como-Hacer-Mascaras-150x150.jpg",150,150,true],"medium":["https:\/\/www.mundodelasmascaras.com\/wp-content\/uploads\/2021\/03\/Como-Hacer-Mascaras-300x300.jpg",300,300,true],"medium_large":["https:\/\/www.mundodelasmascaras.com\/wp-content\/uploads\/2021\/03\/Como-Hacer-Mascaras.jpg",604,607,false],"large":["https:\/\/www.mundodelasmascaras.com\/wp-content\/uploads\/2021\/03\/Como-Hacer-Mascaras.jpg",604,607,false],"1536x1536":["https:\/\/www.mundodelasmascaras.com\/wp-content\/uploads\/2021\/03\/Como-Hacer-Mascaras.jpg",604,607,false],"2048x2048":["https:\/\/www.mundodelasmascaras.com\/wp-content\/uploads\/2021\/03\/Como-Hacer-Mascaras.jpg",604,607,false]},"uagb_author_info":{"display_name":"admin","author_link":"https:\/\/www.mundodelasmascaras.com\/index.php\/author\/admin\/"},"uagb_comment_info":0,"uagb_excerpt":"Si has llegado aqu&iacute;, definitivamente te gustan las m&aacute;scaras, y si te gustan las m&aacute;scaras definitivamente quieres aprender como hacer m&aacute;scaras. A continuaci&oacute;n te ense&ntilde;aremos varias formas de como hacer m&aacute;scaras caseras, para que puedas elaborarlas para una fiesta, actividad del trabajo, actividad de la escuela o para el d&iacute;a de Halloween. Adem&aacute;s esto es&hellip;","yoast_head":"<!-- This site is optimized with the Yoast SEO plugin v14.6.1 - https:\/\/yoast.com\/wordpress\/plugins\/seo\/ -->\n<title>\u00bfComo Hacer M\u00e1scaras? Aprende las Mejores T\u00e9cnicas - Las M&aacute;scaras<\/title>\n<meta name=\"description\" content=\"Si quieres aprender como hacer m\u00e1scaras de las mejores formas posibles, aqu\u00ed te mostramos las mejores tecnicas. Desde m\u00e1scaras elaboradas hasta para ni\u00f1os.\" \/>\n<meta name=\"robots\" content=\"index, follow\" \/>\n<meta name=\"googlebot\" content=\"index, follow, max-snippet:-1, max-image-preview:large, max-video-preview:-1\" \/>\n<meta name=\"bingbot\" content=\"index, follow, max-snippet:-1, max-image-preview:large, max-video-preview:-1\" \/>\n<link rel=\"canonical\" href=\"https:\/\/www.mundodelasmascaras.com\/index.php\/como-hacer-mascaras-aprende-las-mejores-tecnicas\/\" \/>\n<meta property=\"og:locale\" content=\"es_ES\" \/>\n<meta property=\"og:type\" content=\"article\" \/>\n<meta property=\"og:title\" content=\"\u00bfComo Hacer M\u00e1scaras? Aprende las Mejores T\u00e9cnicas - Las M&aacute;scaras\" \/>\n<meta property=\"og:description\" content=\"Si quieres aprender como hacer m\u00e1scaras de las mejores formas posibles, aqu\u00ed te mostramos las mejores tecnicas. Desde m\u00e1scaras elaboradas hasta para ni\u00f1os.\" \/>\n<meta property=\"og:url\" content=\"https:\/\/www.mundodelasmascaras.com\/index.php\/como-hacer-mascaras-aprende-las-mejores-tecnicas\/\" \/>\n<meta property=\"og:site_name\" content=\"Las M&aacute;scaras\" \/>\n<meta property=\"article:modified_time\" content=\"2021-03-23T08:33:44+00:00\" \/>\n<meta property=\"og:image\" content=\"https:\/\/www.mundodelasmascaras.com\/wp-content\/uploads\/2021\/03\/Como-Hacer-Mascaras.jpg\" \/>\n\t<meta property=\"og:image:width\" content=\"604\" \/>\n\t<meta property=\"og:image:height\" content=\"607\" \/>\n<meta name=\"twitter:card\" content=\"summary_large_image\" \/>\n<script type=\"application\/ld+json\" class=\"yoast-schema-graph\">{\"@context\":\"https:\/\/schema.org\",\"@graph\":[{\"@type\":\"WebSite\",\"@id\":\"https:\/\/www.mundodelasmascaras.com\/#website\",\"url\":\"https:\/\/www.mundodelasmascaras.com\/\",\"name\":\"Las M&aacute;scaras\",\"description\":\"Conoce Todo Acerca de Las M&aacute;scaras\",\"potentialAction\":[{\"@type\":\"SearchAction\",\"target\":\"https:\/\/www.mundodelasmascaras.com\/?s={search_term_string}\",\"query-input\":\"required name=search_term_string\"}],\"inLanguage\":\"es\"},{\"@type\":\"ImageObject\",\"@id\":\"https:\/\/www.mundodelasmascaras.com\/index.php\/como-hacer-mascaras-aprende-las-mejores-tecnicas\/#primaryimage\",\"inLanguage\":\"es\",\"url\":\"https:\/\/www.mundodelasmascaras.com\/wp-content\/uploads\/2021\/03\/Como-Hacer-Mascaras.jpg\",\"width\":604,\"height\":607,\"caption\":\"Como Hacer M\\u00e1scaras\"},{\"@type\":\"WebPage\",\"@id\":\"https:\/\/www.mundodelasmascaras.com\/index.php\/como-hacer-mascaras-aprende-las-mejores-tecnicas\/#webpage\",\"url\":\"https:\/\/www.mundodelasmascaras.com\/index.php\/como-hacer-mascaras-aprende-las-mejores-tecnicas\/\",\"name\":\"\\u00bfComo Hacer M\\u00e1scaras? Aprende las Mejores T\\u00e9cnicas - Las M&aacute;scaras\",\"isPartOf\":{\"@id\":\"https:\/\/www.mundodelasmascaras.com\/#website\"},\"primaryImageOfPage\":{\"@id\":\"https:\/\/www.mundodelasmascaras.com\/index.php\/como-hacer-mascaras-aprende-las-mejores-tecnicas\/#primaryimage\"},\"datePublished\":\"2021-03-22T18:32:11+00:00\",\"dateModified\":\"2021-03-23T08:33:44+00:00\",\"description\":\"Si quieres aprender como hacer m\\u00e1scaras de las mejores formas posibles, aqu\\u00ed te mostramos las mejores tecnicas. Desde m\\u00e1scaras elaboradas hasta para ni\\u00f1os.\",\"inLanguage\":\"es\",\"potentialAction\":[{\"@type\":\"ReadAction\",\"target\":[\"https:\/\/www.mundodelasmascaras.com\/index.php\/como-hacer-mascaras-aprende-las-mejores-tecnicas\/\"]}]}]}<\/script>\n<!-- \/ Yoast SEO plugin. -->","_links":{"self":[{"href":"https:\/\/www.mundodelasmascaras.com\/index.php\/wp-json\/wp\/v2\/pages\/431"}],"collection":[{"href":"https:\/\/www.mundodelasmascaras.com\/index.php\/wp-json\/wp\/v2\/pages"}],"about":[{"href":"https:\/\/www.mundodelasmascaras.com\/index.php\/wp-json\/wp\/v2\/types\/page"}],"author":[{"embeddable":true,"href":"https:\/\/www.mundodelasmascaras.com\/index.php\/wp-json\/wp\/v2\/users\/1"}],"replies":[{"embeddable":true,"href":"https:\/\/www.mundodelasmascaras.com\/index.php\/wp-json\/wp\/v2\/comments?post=431"}],"version-history":[{"count":10,"href":"https:\/\/www.mundodelasmascaras.com\/index.php\/wp-json\/wp\/v2\/pages\/431\/revisions"}],"predecessor-version":[{"id":450,"href":"https:\/\/www.mundodelasmascaras.com\/index.php\/wp-json\/wp\/v2\/pages\/431\/revisions\/450"}],"wp:featuredmedia":[{"embeddable":true,"href":"https:\/\/www.mundodelasmascaras.com\/index.php\/wp-json\/wp\/v2\/media\/446"}],"wp:attachment":[{"href":"https:\/\/www.mundodelasmascaras.com\/index.php\/wp-json\/wp\/v2\/media?parent=431"}],"curies":[{"name":"wp","href":"https:\/\/api.w.org\/{rel}","templated":true}]}}