{"id":47,"date":"2020-08-02T23:20:09","date_gmt":"2020-08-02T23:20:09","guid":{"rendered":"https:\/\/www.mundodelasmascaras.com\/?page_id=47"},"modified":"2022-02-21T05:15:43","modified_gmt":"2022-02-21T05:15:43","slug":"mascaras-de-teatro","status":"publish","type":"page","link":"https:\/\/www.mundodelasmascaras.com\/index.php\/mascaras-de-teatro\/","title":{"rendered":"M\u00e1scaras de Teatro &#8211; historia sobre el arte de personificar y caretas en oferta"},"content":{"rendered":"\n<p>Las m\u00e1scaras de teatro pueden transmitir diferentes emociones y despiertan un gran inter\u00e9s por la cultura. A trav\u00e9s del tiempo, esta pieza ha sido significativa para la sociedad. <\/p>\n\n\n\n<p>Lo m\u00e1s interesante es que esto ocurre alrededor de todo el mundo, no existe un lugar donde esta pieza o accesorio no tenga la importancia que se merece. Desde la primera creaci\u00f3n, que es la M\u00e1scara Neutra, hasta el sol de hoy que no paramos de buscar y de desarrollar nuevas tendencias y estilos. <\/p>\n\n\n\n<p>A continuaci\u00f3n abundaremos en el tema y entender\u00e1s bien el por qu\u00e9 de una vez.<\/p>\n\n\n\n<p><\/p>\n\n\n\n<h2><strong>Teatro Griego<\/strong><\/h2>\n\n\n\n<p>Las populares m\u00e1scaras de la comedia y la tragedia representan al teatro y se originan en Grecia. Son un par de m\u00e1scaras, una con expresi\u00f3n de alegr\u00eda y la otra expresa tristeza.<\/p>\n\n\n\n<p>Las m\u00e1scaras en el teatro son hechas para poder darle vida a los personajes. Originalmente, fueron creadas con grandes dimensiones para que la pudieran ver todos los espectadores en el teatro. Son una pieza dram\u00e1tica, que le brinda libertad al actor, para interpretar otra personalidad y adentrarse en su historia.<\/p>\n\n\n\n<p>En los comienzos un solo actor sol\u00eda realizar una obra interpretando varios personajes en ella. Para esto era indispensable el uso de la m\u00e1scara, ya que as\u00ed pod\u00eda darle vida a m\u00e1s de un personaje cambi\u00e1ndose la misma. Luego con su evoluci\u00f3n, comenzaron a efectuarse obras con dos y hasta tres actores.<\/p>\n\n\n\n<p>Aparte de su tama\u00f1o para ser vistas por todos los espectadores, las m\u00e1scaras tambi\u00e9n contaban con una especie de meg\u00e1fono a trav\u00e9s de una bocina. Con esto la voz de los actores pod\u00edan ser escuchados por todo el teatro y hacer cambios de voz entre un personaje y otro.<\/p>\n\n\n\n<p>Al contar con expresiones espec\u00edficas, las m\u00e1scaras de teatro obligan al actor a desarrollar el lenguaje corporal. Usualmente, los actores transmiten mucho con la expresi\u00f3n de su rostro, cosa que no pueden hacer al llevar una m\u00e1scara. Por eso muchos actores desarrollan habilidades, gestos y movimientos que le permiten expresarse a trav\u00e9s de su cuerpo.<\/p>\n\n\n\n<p>Las m\u00e1scaras griegas ten\u00edan unos agujeros que ayudaban a que el que las llevase puesta pudiese ver hacia grandes distancias. El dise\u00f1o del teatro tambi\u00e9n jugaba un papel importante en el desempe\u00f1o del actor, su visibilidad y ubicaci\u00f3n. Cabe destacar que este tipo de m\u00e1scaras solo pod\u00edan ser utilizadas por hombres, ya que las mujeres no participaban en el arte del teatro.<\/p>\n\n\n\n<p>Finalmente las representaciones teatrales griegas se dividieron en tres categor\u00edas: Tragedia, Comedia y Drama Sat\u00edrico.<\/p>\n\n\n\n<h2><strong>M\u00e1scaras de Teatro Romano<\/strong><\/h2>\n\n\n\n<p>En el teatro romano surge la m\u00e1scara de doble cara, esta estaba sujeta a una varilla que pod\u00eda voltearse para mostrar dos gestos distintos. Generalmente, este tipo de m\u00e1scaras se utilizaba en comedias y pantomimas. Incluso, estos tipos de m\u00e1scara fueron creadas para corregir la limitaci\u00f3n en el aspecto f\u00edsico que ten\u00eda una m\u00e1scara pintada con un solo gesto.<\/p>\n\n\n\n<p>M\u00e1s adelante por situaciones que implicaban hasta cierto punto a la Iglesia, surge tambi\u00e9n la media m\u00e1scara o media cara, muy utilizada en la Comedia Del Arte. Esta es una m\u00e1scara que cubre pr\u00e1cticamente m\u00e1s de la mitad de la cara, desde la frente hasta la nariz. Entre estas se destacan la m\u00e1scara de Arlequ\u00edn y la de Truffaldino.<\/p>\n\n\n\n<p>Se puede decir que la evoluci\u00f3n del teatro romano es muy similar a la del teatro griego.<\/p>\n\n\n\n<h2><strong>M\u00e1scaras de Teatro Japones y Teatro Chino<\/strong><\/h2>\n\n\n\n<p>As\u00ed mismo como en el teatro griego y romano, la m\u00e1scara juega un rol protag\u00f3nico en el teatro chino y en el japon\u00e9s. Las m\u00e1scaras del Teatro de Noh y la \u00d3pera China, son un vivo ejemplo y verdaderas obras de arte.<\/p>\n\n\n\n<p>Las m\u00e1scaras de Noh son conocidas en Jap\u00f3n como Nohem u Omote. Cada una est\u00e1 relacionada con un personaje entre las categor\u00edas de Dioses, Guerreros, Mujeres, Lun\u00e1ticos y Demonios.<\/p>\n\n\n\n<p>Tambi\u00e9n en la \u00f3pera y teatro Chino existe un mundo lleno de arte creado con m\u00e1scaras.<\/p>\n\n\n\n<p>El <strong>Bian Lian <\/strong>es un aspecto muy importante y popular dentro de la \u00f3pera china. Los artistas emplean una t\u00e9cnica que con solo agitar los brazos y girar la cabeza, cambian de una m\u00e1scara a otra en instantes, asombrando a todas las personas del p\u00fablico. Se dice que esta t\u00e9cnica conlleva mucha practicar para lograr el objetivo, y seg\u00fan muchos conocedores, es un secreto que se pasa de familia en familia y que \u00fanicamente la aprenden los hombres.<\/p>\n\n\n\n<p>Esto debido a que existe el temor de que como las mujeres cuando se casan y no se quedan dentro del n\u00facleo familiar, aumenta el riesgo de que dicho secreto pase a otra familia.<\/p>\n\n\n\n<p>De todas estas m\u00e1scaras que se involucran en este campo teatral y estas t\u00e9cnicas interesantes te hablamos m\u00e1s detalladamente en <a href=\"https:\/\/www.mundodelasmascaras.com\/index.php\/mascaras-japonesas\/\">m\u00e1scaras japonesas<\/a> y <a href=\"https:\/\/www.mundodelasmascaras.com\/index.php\/mascaras-chinas\/\">m\u00e1scaras chinas<\/a>. Entra a cada una de estas secciones y ent\u00e9rate de todo lo relacionado y otros estilos de m\u00e1scaras japonesas y chinas.<\/p>\n\n\n\n<p><\/p>\n\n\n\n<h3><strong>Para Adquirir una M\u00e1scara de Teatro puedes comprarlas de la siguiente selecci\u00f3n que hicimos para ti. Disfruta de las Mejores Ofertas y los Mejores Precios:<\/strong><\/h3>\n\n\n<p><iframe style=\"width:120px;height:240px;\" marginwidth=\"0\" marginheight=\"0\" scrolling=\"no\" frameborder=\"0\" src=\"\/\/ws-na.amazon-adsystem.com\/widgets\/q?ServiceVersion=20070822&amp;OneJS=1&amp;Operation=GetAdHtml&amp;MarketPlace=US&amp;source=ss&amp;ref=as_ss_li_til&amp;ad_type=product_link&amp;tracking_id=sombreros0b-20&amp;language=en_US&amp;marketplace=amazon&amp;region=US&amp;placement=B00BBB5DZO&amp;asins=B00BBB5DZO&amp;linkId=bf4f171b474d7706f3f012261f04bfc1&amp;show_border=true&amp;link_opens_in_new_window=true\"><\/iframe><iframe style=\"width:120px;height:240px;\" marginwidth=\"0\" marginheight=\"0\" scrolling=\"no\" frameborder=\"0\" src=\"\/\/ws-na.amazon-adsystem.com\/widgets\/q?ServiceVersion=20070822&amp;OneJS=1&amp;Operation=GetAdHtml&amp;MarketPlace=US&amp;source=ss&amp;ref=as_ss_li_til&amp;ad_type=product_link&amp;tracking_id=sombreros0b-20&amp;language=en_US&amp;marketplace=amazon&amp;region=US&amp;placement=B000UVR66A&amp;asins=B000UVR66A&amp;linkId=25ae5a5a4e892351af836fa03b842240&amp;show_border=true&amp;link_opens_in_new_window=true\"><\/iframe><iframe style=\"width:120px;height:240px;\" marginwidth=\"0\" marginheight=\"0\" scrolling=\"no\" frameborder=\"0\" src=\"\/\/ws-na.amazon-adsystem.com\/widgets\/q?ServiceVersion=20070822&amp;OneJS=1&amp;Operation=GetAdHtml&amp;MarketPlace=US&amp;source=ss&amp;ref=as_ss_li_til&amp;ad_type=product_link&amp;tracking_id=sombreros0b-20&amp;language=en_US&amp;marketplace=amazon&amp;region=US&amp;placement=B00P1MFS7C&amp;asins=B00P1MFS7C&amp;linkId=1a84d3276bb376c40a1a785c8c8ba2e3&amp;show_border=true&amp;link_opens_in_new_window=true\"><\/iframe><iframe style=\"width:120px;height:240px;\" marginwidth=\"0\" marginheight=\"0\" scrolling=\"no\" frameborder=\"0\" src=\"\/\/ws-na.amazon-adsystem.com\/widgets\/q?ServiceVersion=20070822&amp;OneJS=1&amp;Operation=GetAdHtml&amp;MarketPlace=US&amp;source=ss&amp;ref=as_ss_li_til&amp;ad_type=product_link&amp;tracking_id=sombreros0b-20&amp;language=en_US&amp;marketplace=amazon&amp;region=US&amp;placement=B08KW5G8N2&amp;asins=B08KW5G8N2&amp;linkId=977fc6dcfc38b27ff6753746a0b30c30&amp;show_border=true&amp;link_opens_in_new_window=true\"><\/iframe><iframe style=\"width:120px;height:240px;\" marginwidth=\"0\" marginheight=\"0\" scrolling=\"no\" frameborder=\"0\" src=\"\/\/ws-na.amazon-adsystem.com\/widgets\/q?ServiceVersion=20070822&amp;OneJS=1&amp;Operation=GetAdHtml&amp;MarketPlace=US&amp;source=ss&amp;ref=as_ss_li_til&amp;ad_type=product_link&amp;tracking_id=sombreros0b-20&amp;language=en_US&amp;marketplace=amazon&amp;region=US&amp;placement=B01DB7G55M&amp;asins=B01DB7G55M&amp;linkId=58a132e10b0e6da596d9670242680784&amp;show_border=true&amp;link_opens_in_new_window=true\"><\/iframe><iframe style=\"width:120px;height:240px;\" marginwidth=\"0\" marginheight=\"0\" scrolling=\"no\" frameborder=\"0\" src=\"\/\/ws-na.amazon-adsystem.com\/widgets\/q?ServiceVersion=20070822&amp;OneJS=1&amp;Operation=GetAdHtml&amp;MarketPlace=US&amp;source=ss&amp;ref=as_ss_li_til&amp;ad_type=product_link&amp;tracking_id=sombreros0b-20&amp;language=en_US&amp;marketplace=amazon&amp;region=US&amp;placement=B08FB3FMQF&amp;asins=B08FB3FMQF&amp;linkId=d925fd34b96789616f314ad78962ebed&amp;show_border=true&amp;link_opens_in_new_window=true\"><\/iframe><iframe style=\"width:120px;height:240px;\" marginwidth=\"0\" marginheight=\"0\" scrolling=\"no\" frameborder=\"0\" src=\"\/\/ws-na.amazon-adsystem.com\/widgets\/q?ServiceVersion=20070822&amp;OneJS=1&amp;Operation=GetAdHtml&amp;MarketPlace=US&amp;source=ss&amp;ref=as_ss_li_til&amp;ad_type=product_link&amp;tracking_id=sombreros0b-20&amp;language=en_US&amp;marketplace=amazon&amp;region=US&amp;placement=B00TDNN0SY&amp;asins=B00TDNN0SY&amp;linkId=3165d99d977338051d686125c0709232&amp;show_border=true&amp;link_opens_in_new_window=true\"><\/iframe><iframe style=\"width:120px;height:240px;\" marginwidth=\"0\" marginheight=\"0\" scrolling=\"no\" frameborder=\"0\" src=\"\/\/ws-na.amazon-adsystem.com\/widgets\/q?ServiceVersion=20070822&amp;OneJS=1&amp;Operation=GetAdHtml&amp;MarketPlace=US&amp;source=ss&amp;ref=as_ss_li_til&amp;ad_type=product_link&amp;tracking_id=sombreros0b-20&amp;language=en_US&amp;marketplace=amazon&amp;region=US&amp;placement=B00TDNN0QQ&amp;asins=B00TDNN0QQ&amp;linkId=9edc98cb733a1ecea365704ab87fb793&amp;show_border=true&amp;link_opens_in_new_window=true\"><\/iframe><\/p>\n\n\n\n<p>Lo mejor de comprar una m\u00e1scara teatral de las que presentamos en nuestro sitio web, es que la puedes adquirir a trav\u00e9s de Amazon con tan solo hacer clic ahora. De esta forma puedes disfrutar de su sistema de env\u00edo gratis y en 24 horas si cualificas, disponible tambi\u00e9n para compra internacional. <\/p>\n","protected":false},"excerpt":{"rendered":"<p>Las m&aacute;scaras de teatro pueden transmitir diferentes emociones y despiertan un gran inter&eacute;s por la cultura. A trav&eacute;s del tiempo, esta pieza ha sido significativa para la sociedad. Lo m&aacute;s interesante es que esto ocurre alrededor de todo el mundo, no existe un lugar donde esta pieza o accesorio no tenga la importancia que se &#8230; <a title=\"M\u00e1scaras de Teatro &#8211; historia sobre el arte de personificar y caretas en oferta\" class=\"read-more\" href=\"https:\/\/www.mundodelasmascaras.com\/index.php\/mascaras-de-teatro\/\">Leer m\u00e1s <span class=\"screen-reader-text\">M\u00e1scaras de Teatro &#8211; historia sobre el arte de personificar y caretas en oferta<\/span><\/a><\/p>\n","protected":false},"author":1,"featured_media":106,"parent":0,"menu_order":0,"comment_status":"closed","ping_status":"closed","template":"","meta":[],"uagb_featured_image_src":{"full":["https:\/\/www.mundodelasmascaras.com\/wp-content\/uploads\/2020\/08\/M\u00e1scaras-de-Teatro.jpg",2257,1872,false],"thumbnail":["https:\/\/www.mundodelasmascaras.com\/wp-content\/uploads\/2020\/08\/M\u00e1scaras-de-Teatro-150x150.jpg",150,150,true],"medium":["https:\/\/www.mundodelasmascaras.com\/wp-content\/uploads\/2020\/08\/M\u00e1scaras-de-Teatro-300x249.jpg",300,249,true],"medium_large":["https:\/\/www.mundodelasmascaras.com\/wp-content\/uploads\/2020\/08\/M\u00e1scaras-de-Teatro-768x637.jpg",768,637,true],"large":["https:\/\/www.mundodelasmascaras.com\/wp-content\/uploads\/2020\/08\/M\u00e1scaras-de-Teatro-1024x849.jpg",1024,849,true],"1536x1536":["https:\/\/www.mundodelasmascaras.com\/wp-content\/uploads\/2020\/08\/M\u00e1scaras-de-Teatro-1536x1274.jpg",1536,1274,true],"2048x2048":["https:\/\/www.mundodelasmascaras.com\/wp-content\/uploads\/2020\/08\/M\u00e1scaras-de-Teatro-2048x1699.jpg",2048,1699,true]},"uagb_author_info":{"display_name":"admin","author_link":"https:\/\/www.mundodelasmascaras.com\/index.php\/author\/admin\/"},"uagb_comment_info":0,"uagb_excerpt":"Las m&aacute;scaras de teatro pueden transmitir diferentes emociones y despiertan un gran inter&eacute;s por la cultura. A trav&eacute;s del tiempo, esta pieza ha sido significativa para la sociedad. Lo m&aacute;s interesante es que esto ocurre alrededor de todo el mundo, no existe un lugar donde esta pieza o accesorio no tenga la importancia que se&hellip;","yoast_head":"<!-- This site is optimized with the Yoast SEO plugin v14.6.1 - https:\/\/yoast.com\/wordpress\/plugins\/seo\/ -->\n<title>M\u00e1scaras de Teatro - historia sobre el arte de personificar y caretas en oferta<\/title>\n<meta name=\"description\" content=\"Las famosas m\u00e1scaras de la tragedia y la comedia, M\u00e1scaras del Teatro Griego, Teatro Chino, Teatro Japon\u00e9s, el Bian Lian y m\u00e1s. Historia y ofertas\" \/>\n<meta name=\"robots\" content=\"index, follow\" \/>\n<meta name=\"googlebot\" content=\"index, follow, max-snippet:-1, max-image-preview:large, max-video-preview:-1\" \/>\n<meta name=\"bingbot\" content=\"index, follow, max-snippet:-1, max-image-preview:large, max-video-preview:-1\" \/>\n<link rel=\"canonical\" href=\"https:\/\/www.mundodelasmascaras.com\/index.php\/mascaras-de-teatro\/\" \/>\n<meta property=\"og:locale\" content=\"es_ES\" \/>\n<meta property=\"og:type\" content=\"article\" \/>\n<meta property=\"og:title\" content=\"M\u00e1scaras de Teatro - historia sobre el arte de personificar y caretas en oferta\" \/>\n<meta property=\"og:description\" content=\"Las famosas m\u00e1scaras de la tragedia y la comedia, M\u00e1scaras del Teatro Griego, Teatro Chino, Teatro Japon\u00e9s, el Bian Lian y m\u00e1s. Historia y ofertas\" \/>\n<meta property=\"og:url\" content=\"https:\/\/www.mundodelasmascaras.com\/index.php\/mascaras-de-teatro\/\" \/>\n<meta property=\"og:site_name\" content=\"Las M&aacute;scaras\" \/>\n<meta property=\"article:modified_time\" content=\"2022-02-21T05:15:43+00:00\" \/>\n<meta property=\"og:image\" content=\"https:\/\/www.mundodelasmascaras.com\/wp-content\/uploads\/2020\/08\/M\u00e1scaras-de-Teatro.jpg\" \/>\n\t<meta property=\"og:image:width\" content=\"2257\" \/>\n\t<meta property=\"og:image:height\" content=\"1872\" \/>\n<meta name=\"twitter:card\" content=\"summary_large_image\" \/>\n<script type=\"application\/ld+json\" class=\"yoast-schema-graph\">{\"@context\":\"https:\/\/schema.org\",\"@graph\":[{\"@type\":\"WebSite\",\"@id\":\"https:\/\/www.mundodelasmascaras.com\/#website\",\"url\":\"https:\/\/www.mundodelasmascaras.com\/\",\"name\":\"Las M&aacute;scaras\",\"description\":\"Conoce Todo Acerca de Las M&aacute;scaras\",\"potentialAction\":[{\"@type\":\"SearchAction\",\"target\":\"https:\/\/www.mundodelasmascaras.com\/?s={search_term_string}\",\"query-input\":\"required name=search_term_string\"}],\"inLanguage\":\"es\"},{\"@type\":\"ImageObject\",\"@id\":\"https:\/\/www.mundodelasmascaras.com\/index.php\/mascaras-de-teatro\/#primaryimage\",\"inLanguage\":\"es\",\"url\":\"https:\/\/www.mundodelasmascaras.com\/wp-content\/uploads\/2020\/08\/M\\u00e1scaras-de-Teatro.jpg\",\"width\":2257,\"height\":1872,\"caption\":\"M\\u00e1scaras de Teatro\"},{\"@type\":\"WebPage\",\"@id\":\"https:\/\/www.mundodelasmascaras.com\/index.php\/mascaras-de-teatro\/#webpage\",\"url\":\"https:\/\/www.mundodelasmascaras.com\/index.php\/mascaras-de-teatro\/\",\"name\":\"M\\u00e1scaras de Teatro - historia sobre el arte de personificar y caretas en oferta\",\"isPartOf\":{\"@id\":\"https:\/\/www.mundodelasmascaras.com\/#website\"},\"primaryImageOfPage\":{\"@id\":\"https:\/\/www.mundodelasmascaras.com\/index.php\/mascaras-de-teatro\/#primaryimage\"},\"datePublished\":\"2020-08-02T23:20:09+00:00\",\"dateModified\":\"2022-02-21T05:15:43+00:00\",\"description\":\"Las famosas m\\u00e1scaras de la tragedia y la comedia, M\\u00e1scaras del Teatro Griego, Teatro Chino, Teatro Japon\\u00e9s, el Bian Lian y m\\u00e1s. Historia y ofertas\",\"inLanguage\":\"es\",\"potentialAction\":[{\"@type\":\"ReadAction\",\"target\":[\"https:\/\/www.mundodelasmascaras.com\/index.php\/mascaras-de-teatro\/\"]}]}]}<\/script>\n<!-- \/ Yoast SEO plugin. -->","_links":{"self":[{"href":"https:\/\/www.mundodelasmascaras.com\/index.php\/wp-json\/wp\/v2\/pages\/47"}],"collection":[{"href":"https:\/\/www.mundodelasmascaras.com\/index.php\/wp-json\/wp\/v2\/pages"}],"about":[{"href":"https:\/\/www.mundodelasmascaras.com\/index.php\/wp-json\/wp\/v2\/types\/page"}],"author":[{"embeddable":true,"href":"https:\/\/www.mundodelasmascaras.com\/index.php\/wp-json\/wp\/v2\/users\/1"}],"replies":[{"embeddable":true,"href":"https:\/\/www.mundodelasmascaras.com\/index.php\/wp-json\/wp\/v2\/comments?post=47"}],"version-history":[{"count":26,"href":"https:\/\/www.mundodelasmascaras.com\/index.php\/wp-json\/wp\/v2\/pages\/47\/revisions"}],"predecessor-version":[{"id":749,"href":"https:\/\/www.mundodelasmascaras.com\/index.php\/wp-json\/wp\/v2\/pages\/47\/revisions\/749"}],"wp:featuredmedia":[{"embeddable":true,"href":"https:\/\/www.mundodelasmascaras.com\/index.php\/wp-json\/wp\/v2\/media\/106"}],"wp:attachment":[{"href":"https:\/\/www.mundodelasmascaras.com\/index.php\/wp-json\/wp\/v2\/media?parent=47"}],"curies":[{"name":"wp","href":"https:\/\/api.w.org\/{rel}","templated":true}]}}