{"id":49,"date":"2020-08-02T23:37:48","date_gmt":"2020-08-02T23:37:48","guid":{"rendered":"https:\/\/www.mundodelasmascaras.com\/?page_id=49"},"modified":"2021-05-16T17:28:48","modified_gmt":"2021-05-16T17:28:48","slug":"mascaras-de-carnaval","status":"publish","type":"page","link":"https:\/\/www.mundodelasmascaras.com\/index.php\/mascaras-de-carnaval\/","title":{"rendered":"M\u00e1scaras de Carnaval &#8211; Venecia, R\u00edo y sus Personajes"},"content":{"rendered":"\n<p>Las m\u00e1scaras de carnaval usualmente son m\u00e1scaras elaboradas, hasta cierto punto extravagantes y que llaman mucho la atenci\u00f3n. Cuentan con una gran historia, ya que son muchos los carnavales que le hacen honor.<\/p>\n\n\n\n<p>Por tal raz\u00f3n hablaremos de los m\u00e1s conocidos y populares para entrar en detalles. As\u00ed que comenzaremos con lo que definitivamente es uno de los carnavales m\u00e1s populares del mundo, el Carnaval de Venecia. Hablemos de las M\u00e1scaras Venecianas.<\/p>\n\n\n\n<h2><strong>M\u00e1scaras Venecianas<\/strong><\/h2>\n\n\n\n<p>El carnaval de Venecia es una tradici\u00f3n, en la cual la figura principal son las m\u00e1scaras.<\/p>\n\n\n\n<p>Esta celebraci\u00f3n dura m\u00e1s de diez d\u00edas y cuenta con una gran audiencia tanto locales como turistas. Se estima que m\u00e1s de quinientas mil personas asisten a este evento donde las m\u00e1scaras y los disfraces son la mayor atracci\u00f3n.<\/p>\n\n\n\n<p>Este nace en una \u00e9poca muy antigua con la intenci\u00f3n de que la nobleza pudiera tener contacto con el resto de la poblaci\u00f3n sin ser reconocidos. Este evento fue evolucionando hasta llegar a ser una fiesta de pueblo la que casi se extingui\u00f3.<\/p>\n\n\n\n<p>No fue hasta el 1979 cuando renace este carnaval con un nuevo concepto. Se convierte pr\u00e1cticamente en un evento art\u00edstico donde la elaboraci\u00f3n y el lujo de los trajes, disfraces y m\u00e1scaras son el objetivo para algunos. Para los turistas el objetivo es visitarlo, conocer y tomarse fotos para llevar ese grato recuerdo.<\/p>\n\n\n\n<p>Las m\u00e1scaras en su mayoria son blancas, doradas y plateadas. Sus decoraciones con pieles, joyas y plumas de colores.<\/p>\n\n\n\n<p><strong>Entre las m\u00e1scaras que m\u00e1s se destacan en el Carnaval de Venecia se encuentran las siguientes:<\/strong><\/p>\n\n\n\n<h3><strong>Bauta <\/strong><\/h3>\n\n\n\n<p>Este tipo de m\u00e1scara en el siglo 18 era obligatoria para los ciudadanos a la hora de tomar decisiones pol\u00edticas. Con ella se permit\u00eda que todo el mundo actuara de forma an\u00f3nima. Iba acompa\u00f1ada de un traje y era de forma cuadrada, con un quijada puntiaguda y nariz muy pronunciada.<\/p>\n\n\n\n<h3><strong>Moretta\/Servetta Muta<\/strong> <\/h3>\n\n\n\n<p>Significa la oscura o sirvienta muda. La m\u00e1scara <strong>Moretta\/Servetta<\/strong> estaba dise\u00f1ada para arist\u00f3cratas o mujeres de la nobleza. La misma era de forma redonda, la cual tapaba la cara con un c\u00edrculo un poco m\u00e1s peque\u00f1o que esta. <\/p>\n\n\n\n<p>Cuando originalmente fue creada, no se amarraba con cintas, ni una varilla, si no que apretando un bot\u00f3n entre los dientes. De ah\u00ed sale el nombre de sirvienta muda.<\/p>\n\n\n\n<h3><strong>Larva\/Molto <\/strong><\/h3>\n\n\n\n<p>Tiene un dise\u00f1o simplista que cubre toda la barbilla y envuelve la cara casi hasta las orejas. Quien la lleva no tiene la posibilidad de comer o beber mientras la tiene puesta. Se puede decir que es el dise\u00f1o m\u00e1s reconocible en este carnaval utilizado tanto por hombres como por mujeres.<\/p>\n\n\n\n<h3><strong>Pantalone<\/strong> <\/h3>\n\n\n\n<p>Se traduce de forma literal a : Quien lleva los pantalones. Esta m\u00e1scara tambi\u00e9n se deriva de personajes de la comedia y el arte. La misma es tipo antifaz con una distintiva nariz aguile\u00f1a y alargada. M\u00e1s adelante hablaremos de los antifaces entrando en detalle.<\/p>\n\n\n\n<h3><strong>M\u00e1scara de Arlequ\u00edn <\/strong><\/h3>\n\n\n\n<p>Arlequ\u00edn es otro de los personajes m\u00e1s importantes y famosos del teatro grecorromano que toma vida en este carnaval. Su m\u00e1scara tambi\u00e9n existe en forma de antifaz, del cual te hablaremos m\u00e1s adelante y abundaremos en su historia.<\/p>\n\n\n\n<h3><strong>Gnaga <\/strong> <\/h3>\n\n\n\n<p>Es una semim\u00e1scara felina que toma su nombre del maullido de un gato en dialecto Veneciano. Los que tuvieran puesta una m\u00e1scara Gnaga pod\u00edan maullar y hacer comentarios obscenos sin ser arrestados pues simplemente estaban interpretando un papel.<\/p>\n\n\n\n<p>Aunque las m\u00e1scaras es lo que predomina en este carnaval, tambi\u00e9n se utilizan los antifaces. Estos eran utilizados con m\u00e1s frecuencia en las versiones anteriores del carnaval.<\/p>\n\n\n\n<h3><strong>M\u00e1scara del Doctor de la Peste o Doctor Plague<\/strong><\/h3>\n\n\n\n<p>Esta m\u00e1scara se utiliz\u00f3 mucho en el siglo XVII, durante la Peste Negra o tambi\u00e9n conocida como Peste Bub\u00f3nica. Se cre\u00eda err\u00f3neamente que estos atuendos pod\u00edan purificar el aire venenoso.<\/p>\n\n\n\n<p>Su uso es muy popular durante el carnaval de Venecia.<\/p>\n\n\n\n<h2><strong>Los Antifaces Venecianos<\/strong><\/h2>\n\n\n\n<figure class=\"wp-block-image size-large\"><img loading=\"lazy\" width=\"1024\" height=\"683\" src=\"https:\/\/www.mundodelasmascaras.com\/wp-content\/uploads\/2020\/08\/Antifaz-Veneciano-1024x683.jpg\" alt=\"\" class=\"wp-image-88\" srcset=\"https:\/\/www.mundodelasmascaras.com\/wp-content\/uploads\/2020\/08\/Antifaz-Veneciano-1024x683.jpg 1024w, https:\/\/www.mundodelasmascaras.com\/wp-content\/uploads\/2020\/08\/Antifaz-Veneciano-300x200.jpg 300w, https:\/\/www.mundodelasmascaras.com\/wp-content\/uploads\/2020\/08\/Antifaz-Veneciano-768x512.jpg 768w, https:\/\/www.mundodelasmascaras.com\/wp-content\/uploads\/2020\/08\/Antifaz-Veneciano-1536x1024.jpg 1536w, https:\/\/www.mundodelasmascaras.com\/wp-content\/uploads\/2020\/08\/Antifaz-Veneciano-2048x1365.jpg 2048w\" sizes=\"(max-width: 1024px) 100vw, 1024px\" \/><\/figure>\n\n\n\n<p>Antifaces con plumas, rom\u00e1nticos y de buf\u00f3n son algunos de los cl\u00e1sicos del carnaval de Venecia.<\/p>\n\n\n\n<p>El antifaz es una pieza que cubre alrededor de los ojos. Deja al descubierto la parte de abajo del rostro y parte de la frente en algunas ocasiones. Este tipo de pieza crea esa sensaci\u00f3n de misterio que tanto predominaba en el antiguo carnaval y la gran sensaci\u00f3n de recuerdos, historia y cultura en la \u00e9poca actual.<\/p>\n\n\n\n<p>Una de las piezas estilo antifaz m\u00e1s conocida lo es la m\u00e1scara del doctor de la plaga o m\u00e9dico de la peste. Esta m\u00e1scara se populariz\u00f3 luego de la peste negra y su uso era mayormente para que los m\u00e9dicos pudieran tratar la enfermedad y evitar el olor de cad\u00e1veres. <\/p>\n\n\n\n<p>Los ojos ten\u00edan que ir protegidos por un cristal y la nariz en forma de pica se rellenaba de flores secas, hierbas y otros especias para funcionar como una especie de c\u00e1mara anti-gas. La m\u00e1scara del m\u00e9dico de la peste fue dise\u00f1ada en la Francia del siglo XVII. En el festival es un cl\u00e1sico y tambi\u00e9n se usa en forma de antifaz.<\/p>\n\n\n\n<p>Otros antifaces venecianos de gran popularidad lo son el de Arlequ\u00edn y Colombina. Aunque siendo personajes originalmente del teatro grecorromano, se distinguen por ser de las m\u00e1scaras favoritas en el carnaval de Venecia. Arlequ\u00edn era el buf\u00f3n y su antifaz tiene dise\u00f1adas puntas con cascabeles en la parte superior. Su esencia representa ingenuidad, tristeza y miseria, aunque tambi\u00e9n pod\u00eda ser brutal y cruel. Este personaje es el contra parte del Pantalone.<\/p>\n\n\n\n<p>Por otro lado Colombina es su amante y est\u00e1 representada por un antifaz brilloso y con plumas. Mujer audaz y capaz de conseguir lo que quiera con una imagen sutil.<\/p>\n\n\n\n<p>El antifaz Zanni tambi\u00e9n es uno de los m\u00e1s populares. Es un personaje cl\u00e1sico en la escena italiana. Puede ser descrito como el tonto del pueblo, su frente estrecha representa su falta de inteligencia al igual que su nariz. Mientras m\u00e1s larga es su nariz menos inteligente es el personaje, seg\u00fan la creencia.<\/p>\n\n\n\n<p>Definitivamente el carnaval de Venecia est\u00e1 lleno de historia y cultura. As\u00ed que ya sea que quieres decorar, que te interese visitar el carnaval de Venecia o simplemente quieres vivir la experiencia del carnaval desde tu casa, en el mundo de las m\u00e1scaras podr\u00e1s encontrar muchas opciones que se adapten a ti. Aparte de la informaci\u00f3n que te brindamos, m\u00e1s adelante te daremos varias opciones para conseguir tu m\u00e1scara de la mejor calidad y al mejor precio.<\/p>\n\n\n\n<h2><strong>M\u00e1scaras de Carnaval de R\u00edo de Janeiro<\/strong><\/h2>\n\n\n\n<p>Otro de los famosos carnavales en los cuales la vestimenta llamativa es la orden del d\u00eda, es el Carnaval de R\u00edo de Janeiro.<\/p>\n\n\n\n<p>Por lo general en Rio la pieza central es el baile y los disfraces, pero siempre hay espacio para las m\u00e1scaras.<\/p>\n\n\n\n<p>Estas m\u00e1scaras llenas de historia tambi\u00e9n est\u00e1n llenas de colores y elaboraci\u00f3n. De igual forma el antifaz toma un lugar en este carnaval tan importante.<\/p>\n\n\n\n<p><\/p>\n\n\n\n<h2><strong>Comprar M\u00e1scaras Carnaval, M\u00e1scaras Venecianas y Antifaces Venecianos en Oferta con los Mejores Precios<\/strong><\/h2>\n\n\n\n<p>Ya sea para decorar, que te interese visitar el carnaval de Venecia o simplemente quieres vivir la experiencia del carnaval desde tu casa, te daremos varias opciones a trav\u00e9s de Amazon.<\/p>\n\n\n\n<p><\/p>\n\n\n<p><script type=\"text\/javascript\">\namzn_assoc_placement = \"adunit0\";\namzn_assoc_search_bar = \"false\";\namzn_assoc_tracking_id = \"amortiguadore-20\";\namzn_assoc_ad_mode = \"manual\";\namzn_assoc_ad_type = \"smart\";\namzn_assoc_marketplace = \"amazon\";\namzn_assoc_region = \"US\";\namzn_assoc_title = \"\";\namzn_assoc_linkid = \"b757803e8e3ec42b9a696b4e45899889\";\namzn_assoc_asins = \"B07G6X2TPB,B07DXD775R,B08338K1TY,B075JGHCCF\";\n<\/script><br \/>\n<script src=\"\/\/z-na.amazon-adsystem.com\/widgets\/onejs?MarketPlace=US\"><\/script><\/p>\n\n\n\n<p><\/p>\n\n\n<p><script type=\"text\/javascript\">\namzn_assoc_placement = \"adunit0\";\namzn_assoc_search_bar = \"false\";\namzn_assoc_tracking_id = \"amortiguadore-20\";\namzn_assoc_ad_mode = \"manual\";\namzn_assoc_ad_type = \"smart\";\namzn_assoc_marketplace = \"amazon\";\namzn_assoc_region = \"US\";\namzn_assoc_title = \"\";\namzn_assoc_linkid = \"b757803e8e3ec42b9a696b4e45899889\";\namzn_assoc_asins = \"B07HF3QBRF,B08GXYM6RH,B07F2PDLCJ,B07MK29YHY,B083JG6LNL,B07VQR4VKD,B08GY4P87S,B08F2JHT1K,B0862BV71C,B08GGB6562,B0852ZVFTD,B07D8PQZZ9,B010HTE4VE,B07F2PDLCJ\";\n<\/script><br \/>\n<script src=\"\/\/z-na.amazon-adsystem.com\/widgets\/onejs?MarketPlace=US\"><\/script><\/p>\n\n\n<p><script type=\"text\/javascript\">\namzn_assoc_placement = \"adunit0\";\namzn_assoc_search_bar = \"false\";\namzn_assoc_tracking_id = \"amortiguadore-20\";\namzn_assoc_ad_mode = \"manual\";\namzn_assoc_ad_type = \"smart\";\namzn_assoc_marketplace = \"amazon\";\namzn_assoc_region = \"US\";\namzn_assoc_title = \"\";\namzn_assoc_linkid = \"b757803e8e3ec42b9a696b4e45899889\";\namzn_assoc_asins = \"B07CLM2W37,B000OWCQNI,B0026R1B6C,B002CQOB6Y,B07NVCZMF1\";\n<\/script><br \/>\n<script src=\"\/\/z-na.amazon-adsystem.com\/widgets\/onejs?MarketPlace=US\"><\/script><\/p>\n\n\n<p><script type=\"text\/javascript\">\namzn_assoc_placement = \"adunit0\";\namzn_assoc_search_bar = \"false\";\namzn_assoc_tracking_id = \"amortiguadore-20\";\namzn_assoc_ad_mode = \"manual\";\namzn_assoc_ad_type = \"smart\";\namzn_assoc_marketplace = \"amazon\";\namzn_assoc_region = \"US\";\namzn_assoc_title = \"\";\namzn_assoc_linkid = \"b757803e8e3ec42b9a696b4e45899889\";\namzn_assoc_asins = \"B07FCDB6LH,B0757C2M4D,B07QCFQK8R,B004AB02GM,B07NVD92WR,B078YC2Q78,B000VLTKDQ\";\n<\/script><br \/>\n<script src=\"\/\/z-na.amazon-adsystem.com\/widgets\/onejs?MarketPlace=US\"><\/script><\/p>\n\n\n<p><script type=\"text\/javascript\">\namzn_assoc_placement = \"adunit0\";\namzn_assoc_search_bar = \"false\";\namzn_assoc_tracking_id = \"amortiguadore-20\";\namzn_assoc_ad_mode = \"manual\";\namzn_assoc_ad_type = \"smart\";\namzn_assoc_marketplace = \"amazon\";\namzn_assoc_region = \"US\";\namzn_assoc_title = \"\";\namzn_assoc_linkid = \"b757803e8e3ec42b9a696b4e45899889\";\namzn_assoc_asins = \"B07MJP8Q8V,B07GX8QLZP,B07KYG28N9,B06XS1MX8W\";\n<\/script><br \/>\n<script src=\"\/\/z-na.amazon-adsystem.com\/widgets\/onejs?MarketPlace=US\"><\/script><\/p>\n","protected":false},"excerpt":{"rendered":"<p>Las m&aacute;scaras de carnaval usualmente son m&aacute;scaras elaboradas, hasta cierto punto extravagantes y que llaman mucho la atenci&oacute;n. Cuentan con una gran historia, ya que son muchos los carnavales que le hacen honor. Por tal raz&oacute;n hablaremos de los m&aacute;s conocidos y populares para entrar en detalles. As&iacute; que comenzaremos con lo que definitivamente es &#8230; <a title=\"M\u00e1scaras de Carnaval &#8211; Venecia, R\u00edo y sus Personajes\" class=\"read-more\" href=\"https:\/\/www.mundodelasmascaras.com\/index.php\/mascaras-de-carnaval\/\">Leer m\u00e1s <span class=\"screen-reader-text\">M\u00e1scaras de Carnaval &#8211; Venecia, R\u00edo y sus Personajes<\/span><\/a><\/p>\n","protected":false},"author":1,"featured_media":87,"parent":0,"menu_order":0,"comment_status":"closed","ping_status":"closed","template":"","meta":[],"uagb_featured_image_src":{"full":["https:\/\/www.mundodelasmascaras.com\/wp-content\/uploads\/2020\/08\/M\u00e1scara-de-Carnaval-scaled.jpg",2560,1782,false],"thumbnail":["https:\/\/www.mundodelasmascaras.com\/wp-content\/uploads\/2020\/08\/M\u00e1scara-de-Carnaval-150x150.jpg",150,150,true],"medium":["https:\/\/www.mundodelasmascaras.com\/wp-content\/uploads\/2020\/08\/M\u00e1scara-de-Carnaval-300x209.jpg",300,209,true],"medium_large":["https:\/\/www.mundodelasmascaras.com\/wp-content\/uploads\/2020\/08\/M\u00e1scara-de-Carnaval-768x535.jpg",768,535,true],"large":["https:\/\/www.mundodelasmascaras.com\/wp-content\/uploads\/2020\/08\/M\u00e1scara-de-Carnaval-1024x713.jpg",1024,713,true],"1536x1536":["https:\/\/www.mundodelasmascaras.com\/wp-content\/uploads\/2020\/08\/M\u00e1scara-de-Carnaval-1536x1069.jpg",1536,1069,true],"2048x2048":["https:\/\/www.mundodelasmascaras.com\/wp-content\/uploads\/2020\/08\/M\u00e1scara-de-Carnaval-2048x1425.jpg",2048,1425,true]},"uagb_author_info":{"display_name":"admin","author_link":"https:\/\/www.mundodelasmascaras.com\/index.php\/author\/admin\/"},"uagb_comment_info":0,"uagb_excerpt":"Las m&aacute;scaras de carnaval usualmente son m&aacute;scaras elaboradas, hasta cierto punto extravagantes y que llaman mucho la atenci&oacute;n. Cuentan con una gran historia, ya que son muchos los carnavales que le hacen honor. Por tal raz&oacute;n hablaremos de los m&aacute;s conocidos y populares para entrar en detalles. As&iacute; que comenzaremos con lo que definitivamente es&hellip;","yoast_head":"<!-- This site is optimized with the Yoast SEO plugin v14.6.1 - https:\/\/yoast.com\/wordpress\/plugins\/seo\/ -->\n<title>M\u00e1scaras de Carnaval - Venecia, R\u00edo y sus Personajes - Las M&aacute;scaras<\/title>\n<meta name=\"description\" content=\"Las M\u00e1scaras de Carnaval son muy populares y buscadas. Carnavales como el de Venecia, est\u00e1n llenos de personajes, m\u00e1scaras y visitantes de todo el mundo.\" \/>\n<meta name=\"robots\" content=\"index, follow\" \/>\n<meta name=\"googlebot\" content=\"index, follow, max-snippet:-1, max-image-preview:large, max-video-preview:-1\" \/>\n<meta name=\"bingbot\" content=\"index, follow, max-snippet:-1, max-image-preview:large, max-video-preview:-1\" \/>\n<link rel=\"canonical\" href=\"https:\/\/www.mundodelasmascaras.com\/index.php\/mascaras-de-carnaval\/\" \/>\n<meta property=\"og:locale\" content=\"es_ES\" \/>\n<meta property=\"og:type\" content=\"article\" \/>\n<meta property=\"og:title\" content=\"M\u00e1scaras de Carnaval - Venecia, R\u00edo y sus Personajes - Las M&aacute;scaras\" \/>\n<meta property=\"og:description\" content=\"Las M\u00e1scaras de Carnaval son muy populares y buscadas. Carnavales como el de Venecia, est\u00e1n llenos de personajes, m\u00e1scaras y visitantes de todo el mundo.\" \/>\n<meta property=\"og:url\" content=\"https:\/\/www.mundodelasmascaras.com\/index.php\/mascaras-de-carnaval\/\" \/>\n<meta property=\"og:site_name\" content=\"Las M&aacute;scaras\" \/>\n<meta property=\"article:modified_time\" content=\"2021-05-16T17:28:48+00:00\" \/>\n<meta property=\"og:image\" content=\"https:\/\/www.mundodelasmascaras.com\/wp-content\/uploads\/2020\/08\/M\u00e1scara-de-Carnaval-scaled.jpg\" \/>\n\t<meta property=\"og:image:width\" content=\"2560\" \/>\n\t<meta property=\"og:image:height\" content=\"1782\" \/>\n<meta name=\"twitter:card\" content=\"summary_large_image\" \/>\n<script type=\"application\/ld+json\" class=\"yoast-schema-graph\">{\"@context\":\"https:\/\/schema.org\",\"@graph\":[{\"@type\":\"WebSite\",\"@id\":\"https:\/\/www.mundodelasmascaras.com\/#website\",\"url\":\"https:\/\/www.mundodelasmascaras.com\/\",\"name\":\"Las M&aacute;scaras\",\"description\":\"Conoce Todo Acerca de Las M&aacute;scaras\",\"potentialAction\":[{\"@type\":\"SearchAction\",\"target\":\"https:\/\/www.mundodelasmascaras.com\/?s={search_term_string}\",\"query-input\":\"required name=search_term_string\"}],\"inLanguage\":\"es\"},{\"@type\":\"ImageObject\",\"@id\":\"https:\/\/www.mundodelasmascaras.com\/index.php\/mascaras-de-carnaval\/#primaryimage\",\"inLanguage\":\"es\",\"url\":\"https:\/\/www.mundodelasmascaras.com\/wp-content\/uploads\/2020\/08\/M\\u00e1scara-de-Carnaval-scaled.jpg\",\"width\":2560,\"height\":1782,\"caption\":\"M\\u00e1scara de Carnaval\"},{\"@type\":\"WebPage\",\"@id\":\"https:\/\/www.mundodelasmascaras.com\/index.php\/mascaras-de-carnaval\/#webpage\",\"url\":\"https:\/\/www.mundodelasmascaras.com\/index.php\/mascaras-de-carnaval\/\",\"name\":\"M\\u00e1scaras de Carnaval - Venecia, R\\u00edo y sus Personajes - Las M&aacute;scaras\",\"isPartOf\":{\"@id\":\"https:\/\/www.mundodelasmascaras.com\/#website\"},\"primaryImageOfPage\":{\"@id\":\"https:\/\/www.mundodelasmascaras.com\/index.php\/mascaras-de-carnaval\/#primaryimage\"},\"datePublished\":\"2020-08-02T23:37:48+00:00\",\"dateModified\":\"2021-05-16T17:28:48+00:00\",\"description\":\"Las M\\u00e1scaras de Carnaval son muy populares y buscadas. Carnavales como el de Venecia, est\\u00e1n llenos de personajes, m\\u00e1scaras y visitantes de todo el mundo.\",\"inLanguage\":\"es\",\"potentialAction\":[{\"@type\":\"ReadAction\",\"target\":[\"https:\/\/www.mundodelasmascaras.com\/index.php\/mascaras-de-carnaval\/\"]}]}]}<\/script>\n<!-- \/ Yoast SEO plugin. -->","_links":{"self":[{"href":"https:\/\/www.mundodelasmascaras.com\/index.php\/wp-json\/wp\/v2\/pages\/49"}],"collection":[{"href":"https:\/\/www.mundodelasmascaras.com\/index.php\/wp-json\/wp\/v2\/pages"}],"about":[{"href":"https:\/\/www.mundodelasmascaras.com\/index.php\/wp-json\/wp\/v2\/types\/page"}],"author":[{"embeddable":true,"href":"https:\/\/www.mundodelasmascaras.com\/index.php\/wp-json\/wp\/v2\/users\/1"}],"replies":[{"embeddable":true,"href":"https:\/\/www.mundodelasmascaras.com\/index.php\/wp-json\/wp\/v2\/comments?post=49"}],"version-history":[{"count":42,"href":"https:\/\/www.mundodelasmascaras.com\/index.php\/wp-json\/wp\/v2\/pages\/49\/revisions"}],"predecessor-version":[{"id":556,"href":"https:\/\/www.mundodelasmascaras.com\/index.php\/wp-json\/wp\/v2\/pages\/49\/revisions\/556"}],"wp:featuredmedia":[{"embeddable":true,"href":"https:\/\/www.mundodelasmascaras.com\/index.php\/wp-json\/wp\/v2\/media\/87"}],"wp:attachment":[{"href":"https:\/\/www.mundodelasmascaras.com\/index.php\/wp-json\/wp\/v2\/media?parent=49"}],"curies":[{"name":"wp","href":"https:\/\/api.w.org\/{rel}","templated":true}]}}