{"id":56,"date":"2020-08-03T00:23:03","date_gmt":"2020-08-03T00:23:03","guid":{"rendered":"https:\/\/www.mundodelasmascaras.com\/?page_id=56"},"modified":"2021-05-14T01:57:02","modified_gmt":"2021-05-14T01:57:02","slug":"mascaras-chinas","status":"publish","type":"page","link":"https:\/\/www.mundodelasmascaras.com\/index.php\/mascaras-chinas\/","title":{"rendered":"M\u00e1scaras Chinas! Gran Pieza de Historia y Cultura"},"content":{"rendered":"\n<p>Las m\u00e1scaras chinas se originan en el antiguo chamanismo, eran utilizadas para honrar dioses y alejar malos esp\u00edritus. Tambi\u00e9n se utilizaban para celebrar el nacimiento de un ni\u00f1o y acompa\u00f1ar en duelo a los familiares de alg\u00fan fallecido.<\/p>\n\n\n\n<p>El color juega un papel importante en la cultura china y sus m\u00e1scaras, ya que cada uno es representativo de alguna caracter\u00edstica. Por ejemplo, el rojo denota lealtad y valent\u00eda, el p\u00farpura justicia y el amarillo crueldad, entre muchos otros.<\/p>\n\n\n\n<p>Los dos escenarios mas importantes en los que se emplea la m\u00e1scara en China lo son, la \u00d3pera de Pek\u00edn, el Nuevo A\u00f1o Chino y la \u00d3pera de Sichuan. Por eso a continuaci\u00f3n hablaremos de estos y las m\u00e1scaras chinas m\u00e1s populares.<\/p>\n\n\n\n<h2><strong>M\u00e1scaras en la \u00d3pera de Pek\u00edn<\/strong><\/h2>\n\n\n\n<p>La \u00d3pera de Pek\u00edn es considerada una de las m\u00e1ximas expresiones de la cultura china. Las m\u00e1scaras en la \u00d3pera de Pekin son vestidas por los actores o pintadas en su cara. Constituyen una tradici\u00f3n de la Dinast\u00eda Yuan, siendo los colores antes mencionados y algunos m\u00e1s, los que identificaban la personalidad de los personajes. A continuaci\u00f3n hablaremos de algunos de estos personajes y las m\u00e1scaras:<\/p>\n\n\n\n<p><strong>Jing<\/strong> &#8211; Personaje masculino con gran fuerza de voluntad. Su m\u00e1scara es realizada con un maquillaje muy elaborado.<\/p>\n\n\n\n<p><strong>Sheng<\/strong> &#8211; Personaje masculino que presenta tres variantes diferentes; el Sheng guerrero, el Sheng joven y el Sheng mayor.<\/p>\n\n\n\n<p><strong>Ch\u2019ou<\/strong> &#8211; Este es un personaje masculino y es el buf\u00f3n en la obra. Un Chou se caracteriza por la nariz pintada de blanco que produce un efecto c\u00f3mico y pocos patrones de maquillaje facial.<\/p>\n\n\n\n<p><strong>Tan<\/strong> &#8211; Es un personaje femenino. Este personaje tiene tambi\u00e9n distintas variantes: Tan mayor, Tan flor (una joven alegre y un tanto descarada), Tan verde (mujer joven y de gran rectitud) y Tan del caballo y la espada (una mujer que domina la caligraf\u00eda y el arte de la guerra).<\/p>\n\n\n\n<p><strong>Zhang Fei<\/strong> &#8211; Fu\u00e9 un gran general en lugar de limitarse a ser un guerrero. Trataba con respeto a sus superiores, pero ten\u00eda muy poco respeto por sus subalternos.<\/p>\n\n\n\n<p><strong>Cao Cao<\/strong> &#8211; Fue el \u00faltimo primer ministro de la dinast\u00eda Han de la antigua China. Como figura central del Per\u00edodo de los Tres Reinos, estableci\u00f3 los cimientos de lo que llegar\u00eda a ser el reino de Wei y fue p\u00f3stumamente nombrado Emperador Wu de Wei.<\/p>\n\n\n\n<p><strong>Guan Yu<\/strong> &#8211; Fue uno de los mejores guerreros de los Tres Reinos. Bien preparado en la administraci\u00f3n y preparaci\u00f3n tanto de ciudades como de ej\u00e9rcitos. Un gran maestro en la caballer\u00eda y fue reconocido con el mote de &#8220;Dios de la Guerra&#8221;<\/p>\n\n\n\n<h2><strong>M\u00e1scaras del A\u00f1o Nuevo Chino<\/strong><\/h2>\n\n\n\n<div class=\"wp-block-image\"><figure class=\"aligncenter size-large is-resized\"><img loading=\"lazy\" src=\"https:\/\/www.mundodelasmascaras.com\/wp-content\/uploads\/2020\/08\/M\u00e1scaras-Chinas-02-695x1024.jpg\" alt=\"\" class=\"wp-image-80\" width=\"653\" height=\"962\" srcset=\"https:\/\/www.mundodelasmascaras.com\/wp-content\/uploads\/2020\/08\/M\u00e1scaras-Chinas-02-695x1024.jpg 695w, https:\/\/www.mundodelasmascaras.com\/wp-content\/uploads\/2020\/08\/M\u00e1scaras-Chinas-02-204x300.jpg 204w, https:\/\/www.mundodelasmascaras.com\/wp-content\/uploads\/2020\/08\/M\u00e1scaras-Chinas-02-768x1132.jpg 768w, https:\/\/www.mundodelasmascaras.com\/wp-content\/uploads\/2020\/08\/M\u00e1scaras-Chinas-02-1042x1536.jpg 1042w, https:\/\/www.mundodelasmascaras.com\/wp-content\/uploads\/2020\/08\/M\u00e1scaras-Chinas-02-1390x2048.jpg 1390w, https:\/\/www.mundodelasmascaras.com\/wp-content\/uploads\/2020\/08\/M\u00e1scaras-Chinas-02-scaled.jpg 1737w\" sizes=\"(max-width: 653px) 100vw, 653px\" \/><figcaption>         M\u00e1scaras Nuevo A\u00f1o Chino<\/figcaption><\/figure><\/div>\n\n\n\n<p>El A\u00f1o Nuevo Chino tambi\u00e9n es conocido como La Fiesta de la Primavera o A\u00f1o Nuevo Lunar. Basado en el calendario lunisolar\u200b tradicionalmente utilizado en China, las celebraciones comienzan el primer d\u00eda del primer mes lunar y terminan el d\u00eda quince, cuando se celebra el Festival de los faroles. Durante este periodo, se produce la mayor migraci\u00f3n humana del planeta, con millones de personas viajando a sus lugares de origen para celebrar las fiestas con sus familias.<\/p>\n\n\n\n<p>La fecha de este A\u00f1o Nuevo Chino se basa en un c\u00e1lculo y puede variar entre alg\u00fan d\u00eda finalizando el mes de enero como pronto, hasta alg\u00fan d\u00eda a mediados de febrero como m\u00e1s tarde.<\/p>\n\n\n\n<p>Muchas personas Chinas alrededor del mundo celebran el a\u00f1o nuevo chino coloc\u00e1ndose una m\u00e1scara en cualquier lugar del mundo en que se encuentren.<\/p>\n\n\n\n<p>Esta celebraci\u00f3n en China dura al menos una semana y en ella salen a relucir unas hermosas m\u00e1scaras que no ver\u00e1s en m\u00e1s ning\u00fan lugar y en m\u00e1s ninguna \u00e9poca, hasta que culminan con Yuanxiao, que es el festival de las linternas. El a\u00f1o nuevo chino es celebrado con inmensa alegr\u00eda, haciendo esta fecha una sumamente esperada y popular en la cultura.<\/p>\n\n\n\n<p>Las m\u00e1scaras del A\u00f1o nuevo chino pueden ser hechas con metal, piedra, papel, pieles, telas y m\u00e1s. Se pintan de diferentes colores y tem\u00e1ticas, siendo la caracter\u00edstica animal una de las m\u00e1s importantes, espec\u00edficamente los dragones y leones.<\/p>\n\n\n\n<p><br>El color que predomina en la celebraci\u00f3n es el rojo, por que este color para las personas denota prosperidad y felicidad. Tambi\u00e9n predominan las m\u00e1scaras de dragones por que este es s\u00edmbolo de buena fortuna para la cultura china en su celebraci\u00f3n de a\u00f1o nuevo.<\/p>\n\n\n\n<h2><strong>M\u00e1scaras Chinas en la <strong>\u00d3<\/strong>pera de Sichuan<\/strong><\/h2>\n\n\n\n<p>Como ya sabemos, la \u00f3pera es una de la artes que se lleva a cabo en el teatro, pero esta opera de Sichuan tiene un aspecto muy particular. Como parte de la actuaci\u00f3n existe una t\u00e9cnica que se realiza con la m\u00e1scara, llamada &#8220;bian lian&#8221; o rostro cambiante.<\/p>\n\n\n\n<p>Esta t\u00e9cnica consiste en que el actor haciendo un ligero movimiento cambia su m\u00e1scara en cuesti\u00f3n de mil\u00e9simas de segundos. De esta forma aparece con una nueva al instante y hace esto varias veces durante su acto.<\/p>\n\n\n\n<p>Esta t\u00e9cnica ha sido discutida por a\u00f1os, algunos alegando que este cambio de m\u00e1scara se puede hacer mediante un truco que implica tener varias m\u00e1scaras, una encima de la otra, para quitar muy velozmente la de arriba y guardarla. Otros consideran que esto es un autentico acto de magia. Truco o realidad, lo cierto es que hay actores que luego de quitar su mascara presentan su cara y en cuesti\u00f3n de segundos vuelven a generar otra m\u00e1scara, lo que cuestiona grandemente el hecho de que tenga una m\u00e1scara sobre otra por que si ya mostr\u00f3 su rostro, se hubieran acabado las m\u00e1scaras.<\/p>\n\n\n\n<p>En fin, fuera del debate, te presentamos varias m\u00e1scaras chinas populares y dignas de esta cultura que son muy famosas mundialmente.<\/p>\n\n\n\n<p>Si te interesa comprar estas m\u00e1scaras chinas en oferta, con un buen precio, puedes hacerlo a trav\u00e9s de Amazon.<\/p>\n\n\n<p><script type=\"text\/javascript\">\namzn_assoc_placement = \"adunit0\";\namzn_assoc_search_bar = \"false\";\namzn_assoc_tracking_id = \"amortiguadore-20\";\namzn_assoc_ad_mode = \"manual\";\namzn_assoc_ad_type = \"smart\";\namzn_assoc_marketplace = \"amazon\";\namzn_assoc_region = \"US\";\namzn_assoc_title = \"\";\namzn_assoc_linkid = \"d20475823b7a72a7ab48332c9084547d\";\namzn_assoc_asins = \"B07CKXQGF4,B08FB3FMQF,B08DQZD5X1,B082H7QT2M,B07C9Z2KXZ\";\n<\/script><br \/>\n<script src=\"\/\/z-na.amazon-adsystem.com\/widgets\/onejs?MarketPlace=US\"><\/script><\/p>\n","protected":false},"excerpt":{"rendered":"<p>Las m&aacute;scaras chinas se originan en el antiguo chamanismo, eran utilizadas para honrar dioses y alejar malos esp&iacute;ritus. Tambi&eacute;n se utilizaban para celebrar el nacimiento de un ni&ntilde;o y acompa&ntilde;ar en duelo a los familiares de alg&uacute;n fallecido. El color juega un papel importante en la cultura china y sus m&aacute;scaras, ya que cada uno &#8230; <a title=\"M\u00e1scaras Chinas! Gran Pieza de Historia y Cultura\" class=\"read-more\" href=\"https:\/\/www.mundodelasmascaras.com\/index.php\/mascaras-chinas\/\">Leer m\u00e1s <span class=\"screen-reader-text\">M\u00e1scaras Chinas! Gran Pieza de Historia y Cultura<\/span><\/a><\/p>\n","protected":false},"author":1,"featured_media":77,"parent":0,"menu_order":0,"comment_status":"closed","ping_status":"closed","template":"","meta":[],"uagb_featured_image_src":{"full":["https:\/\/www.mundodelasmascaras.com\/wp-content\/uploads\/2020\/08\/M\u00e1scaras-Chinas-scaled.jpg",2560,1707,false],"thumbnail":["https:\/\/www.mundodelasmascaras.com\/wp-content\/uploads\/2020\/08\/M\u00e1scaras-Chinas-150x150.jpg",150,150,true],"medium":["https:\/\/www.mundodelasmascaras.com\/wp-content\/uploads\/2020\/08\/M\u00e1scaras-Chinas-300x200.jpg",300,200,true],"medium_large":["https:\/\/www.mundodelasmascaras.com\/wp-content\/uploads\/2020\/08\/M\u00e1scaras-Chinas-768x512.jpg",768,512,true],"large":["https:\/\/www.mundodelasmascaras.com\/wp-content\/uploads\/2020\/08\/M\u00e1scaras-Chinas-1024x683.jpg",1024,683,true],"1536x1536":["https:\/\/www.mundodelasmascaras.com\/wp-content\/uploads\/2020\/08\/M\u00e1scaras-Chinas-1536x1024.jpg",1536,1024,true],"2048x2048":["https:\/\/www.mundodelasmascaras.com\/wp-content\/uploads\/2020\/08\/M\u00e1scaras-Chinas-2048x1365.jpg",2048,1365,true]},"uagb_author_info":{"display_name":"admin","author_link":"https:\/\/www.mundodelasmascaras.com\/index.php\/author\/admin\/"},"uagb_comment_info":0,"uagb_excerpt":"Las m&aacute;scaras chinas se originan en el antiguo chamanismo, eran utilizadas para honrar dioses y alejar malos esp&iacute;ritus. Tambi&eacute;n se utilizaban para celebrar el nacimiento de un ni&ntilde;o y acompa&ntilde;ar en duelo a los familiares de alg&uacute;n fallecido. El color juega un papel importante en la cultura china y sus m&aacute;scaras, ya que cada uno&hellip;","yoast_head":"<!-- This site is optimized with the Yoast SEO plugin v14.6.1 - https:\/\/yoast.com\/wordpress\/plugins\/seo\/ -->\n<title>M\u00e1scaras Chinas! Gran Pieza de Historia y Cultura - Las M&aacute;scaras<\/title>\n<meta name=\"description\" content=\"Las M\u00e1scaras Chinas son determinantes dentro de su cultura. Estas m\u00e1scaras est\u00e1n llenas de personajes y sus historias fascinantes. Las tienes que conocer.\" \/>\n<meta name=\"robots\" content=\"index, follow\" \/>\n<meta name=\"googlebot\" content=\"index, follow, max-snippet:-1, max-image-preview:large, max-video-preview:-1\" \/>\n<meta name=\"bingbot\" content=\"index, follow, max-snippet:-1, max-image-preview:large, max-video-preview:-1\" \/>\n<link rel=\"canonical\" href=\"https:\/\/www.mundodelasmascaras.com\/index.php\/mascaras-chinas\/\" \/>\n<meta property=\"og:locale\" content=\"es_ES\" \/>\n<meta property=\"og:type\" content=\"article\" \/>\n<meta property=\"og:title\" content=\"M\u00e1scaras Chinas! Gran Pieza de Historia y Cultura - Las M&aacute;scaras\" \/>\n<meta property=\"og:description\" content=\"Las M\u00e1scaras Chinas son determinantes dentro de su cultura. Estas m\u00e1scaras est\u00e1n llenas de personajes y sus historias fascinantes. Las tienes que conocer.\" \/>\n<meta property=\"og:url\" content=\"https:\/\/www.mundodelasmascaras.com\/index.php\/mascaras-chinas\/\" \/>\n<meta property=\"og:site_name\" content=\"Las M&aacute;scaras\" \/>\n<meta property=\"article:modified_time\" content=\"2021-05-14T01:57:02+00:00\" \/>\n<meta property=\"og:image\" content=\"https:\/\/www.mundodelasmascaras.com\/wp-content\/uploads\/2020\/08\/M\u00e1scaras-Chinas-scaled.jpg\" \/>\n\t<meta property=\"og:image:width\" content=\"2560\" \/>\n\t<meta property=\"og:image:height\" content=\"1707\" \/>\n<meta name=\"twitter:card\" content=\"summary_large_image\" \/>\n<script type=\"application\/ld+json\" class=\"yoast-schema-graph\">{\"@context\":\"https:\/\/schema.org\",\"@graph\":[{\"@type\":\"WebSite\",\"@id\":\"https:\/\/www.mundodelasmascaras.com\/#website\",\"url\":\"https:\/\/www.mundodelasmascaras.com\/\",\"name\":\"Las M&aacute;scaras\",\"description\":\"Conoce Todo Acerca de Las M&aacute;scaras\",\"potentialAction\":[{\"@type\":\"SearchAction\",\"target\":\"https:\/\/www.mundodelasmascaras.com\/?s={search_term_string}\",\"query-input\":\"required name=search_term_string\"}],\"inLanguage\":\"es\"},{\"@type\":\"ImageObject\",\"@id\":\"https:\/\/www.mundodelasmascaras.com\/index.php\/mascaras-chinas\/#primaryimage\",\"inLanguage\":\"es\",\"url\":\"https:\/\/www.mundodelasmascaras.com\/wp-content\/uploads\/2020\/08\/M\\u00e1scaras-Chinas-scaled.jpg\",\"width\":2560,\"height\":1707,\"caption\":\"M\\u00e1scaras Chinas\"},{\"@type\":\"WebPage\",\"@id\":\"https:\/\/www.mundodelasmascaras.com\/index.php\/mascaras-chinas\/#webpage\",\"url\":\"https:\/\/www.mundodelasmascaras.com\/index.php\/mascaras-chinas\/\",\"name\":\"M\\u00e1scaras Chinas! Gran Pieza de Historia y Cultura - Las M&aacute;scaras\",\"isPartOf\":{\"@id\":\"https:\/\/www.mundodelasmascaras.com\/#website\"},\"primaryImageOfPage\":{\"@id\":\"https:\/\/www.mundodelasmascaras.com\/index.php\/mascaras-chinas\/#primaryimage\"},\"datePublished\":\"2020-08-03T00:23:03+00:00\",\"dateModified\":\"2021-05-14T01:57:02+00:00\",\"description\":\"Las M\\u00e1scaras Chinas son determinantes dentro de su cultura. Estas m\\u00e1scaras est\\u00e1n llenas de personajes y sus historias fascinantes. Las tienes que conocer.\",\"inLanguage\":\"es\",\"potentialAction\":[{\"@type\":\"ReadAction\",\"target\":[\"https:\/\/www.mundodelasmascaras.com\/index.php\/mascaras-chinas\/\"]}]}]}<\/script>\n<!-- \/ Yoast SEO plugin. -->","_links":{"self":[{"href":"https:\/\/www.mundodelasmascaras.com\/index.php\/wp-json\/wp\/v2\/pages\/56"}],"collection":[{"href":"https:\/\/www.mundodelasmascaras.com\/index.php\/wp-json\/wp\/v2\/pages"}],"about":[{"href":"https:\/\/www.mundodelasmascaras.com\/index.php\/wp-json\/wp\/v2\/types\/page"}],"author":[{"embeddable":true,"href":"https:\/\/www.mundodelasmascaras.com\/index.php\/wp-json\/wp\/v2\/users\/1"}],"replies":[{"embeddable":true,"href":"https:\/\/www.mundodelasmascaras.com\/index.php\/wp-json\/wp\/v2\/comments?post=56"}],"version-history":[{"count":16,"href":"https:\/\/www.mundodelasmascaras.com\/index.php\/wp-json\/wp\/v2\/pages\/56\/revisions"}],"predecessor-version":[{"id":507,"href":"https:\/\/www.mundodelasmascaras.com\/index.php\/wp-json\/wp\/v2\/pages\/56\/revisions\/507"}],"wp:featuredmedia":[{"embeddable":true,"href":"https:\/\/www.mundodelasmascaras.com\/index.php\/wp-json\/wp\/v2\/media\/77"}],"wp:attachment":[{"href":"https:\/\/www.mundodelasmascaras.com\/index.php\/wp-json\/wp\/v2\/media?parent=56"}],"curies":[{"name":"wp","href":"https:\/\/api.w.org\/{rel}","templated":true}]}}